{"id":984,"date":"2025-02-19T12:59:30","date_gmt":"2025-02-19T11:59:30","guid":{"rendered":"https:\/\/insid.gov.cz\/uredni-deska\/"},"modified":"2026-03-17T23:21:26","modified_gmt":"2026-03-17T22:21:26","slug":"uredni-deska","status":"publish","type":"page","link":"https:\/\/insid.gov.cz\/uk\/o-uradu\/uredni-deska\/","title":{"rendered":"\u00da\u0159edn\u00ed deska"},"content":{"rendered":"\n<div class=\"wp-block-group is-layout-flow wp-block-group-is-layout-flow\">\n    <figure class=\"wp-block-table\">\n      <table>\n\n      <thead>\n        <tr>\n          <th>\u010c\u00edslo jednac\u00ed<\/th>\n          <th>N\u00e1zev dokumentu<\/th>\n          <th>Druh dokumentu<\/th>\n          <th>Zve\u0159ejn\u011bno od \u2013 do<\/th>\n          <th>P\u0159\u00edlohy<\/th>\n        <\/tr>\n      <\/thead>\n      <tbody>\n              <tr>\n          <td>INSID\/132\/6758\/2026-2<\/td>\n            <td>Ozn\u00e1men\u00ed o zm\u011bn\u011b ozn\u00e1men\u00ed o vyhl\u00e1\u0161en\u00ed v\u00fdb\u011brov\u00e9ho \u0159\u00edzen\u00ed - specialista\/specialistka pr\u00e1vn\u00ed podpory<\/td>\n            <td>V\u00fdb\u011brov\u00e1 \u0159\u00edzen\u00ed na slu\u017eebn\u00ed m\u00edsta<\/td>\n            <td>16.04.2026 \u2013 30.04.2026<\/td>\n            <td><a href=\"http:\/\/opendata.insid.gov.cz\/doc\/1001086196\/Ozn\u00e1men\u00ed%20o%20prodlou\u017een\u00ed%20vyhl\u00e1\u0161en\u00ed%20v\u00fdb\u011brov\u00e9ho%20\u0159\u00edzen\u00ed_specialista-specialistka%20pp_Praha_vz_SIG.pdf\" target=\"_blank\" rel=\"noopener\">Ozn\u00e1men\u00ed o prodlou\u017een\u00ed vyhl\u00e1\u0161en\u00ed v\u00fdb\u011brov\u00e9ho \u0159\u00edzen\u00ed_specialista-specialistka pp_Praha_vz_SIG.pdf<\/a><\/td>\n        <\/tr>\n              <tr>\n          <td>INSID\/132\/6916\/2026-1<\/td>\n            <td>Ozn\u00e1men\u00ed o vyhl\u00e1\u0161en\u00ed v\u00fdb\u011brov\u00e9ho \u0159\u00edzen\u00ed - vedouc\u00ed odd. kancel\u00e1\u0159e vedouc\u00edho slu\u017eebn\u00edho \u00fa\u0159adu<\/td>\n            <td>V\u00fdb\u011brov\u00e1 \u0159\u00edzen\u00ed na slu\u017eebn\u00ed m\u00edsta<\/td>\n            <td>08.04.2026 \u2013 30.04.2026<\/td>\n            <td><a href=\"http:\/\/opendata.insid.gov.cz\/doc\/1001084632\/\u017d\u00e1dost%20o%20jmenov\u00e1n\u00ed%20na%20slu\u017eebn\u00ed%20m\u00edsto_vedouc\u00ed%20odd\u011blen\u00ed%20kancel\u00e1\u0159e%20vedouc\u00edho%20slu\u017eebn\u00edho%20\u00fa\u0159adu.pdf\" target=\"_blank\" rel=\"noopener\">\u017d\u00e1dost o jmenov\u00e1n\u00ed na slu\u017eebn\u00ed m\u00edsto_vedouc\u00ed odd\u011blen\u00ed kancel\u00e1\u0159e vedouc\u00edho slu\u017eebn\u00edho \u00fa\u0159adu.pdf<\/a><br><a href=\"http:\/\/opendata.insid.gov.cz\/doc\/1001084632\/Podm\u00ednky%20v\u00fdkonu%20slu\u017eby_vedouc\u00ed%20odd\u011blen\u00ed%20kancel\u00e1\u0159e%20vedouc\u00edho%20slu\u017eebn\u00edho%20\u00fa\u0159adu_SIG.pdf\" target=\"_blank\" rel=\"noopener\">Podm\u00ednky v\u00fdkonu slu\u017eby_vedouc\u00ed odd\u011blen\u00ed kancel\u00e1\u0159e vedouc\u00edho slu\u017eebn\u00edho \u00fa\u0159adu_SIG.pdf<\/a><br><a href=\"http:\/\/opendata.insid.gov.cz\/doc\/1001084632\/Ozn\u00e1men\u00ed%20o%20vyhl\u00e1\u0161en\u00ed%20v\u00fdb\u011brov\u00e9ho%20\u0159\u00edzen\u00ed_vedouc\u00ed%20odd\u011blen\u00ed%20kancel\u00e1\u0159e%20vedouc\u00edho%20slu\u017eebn\u00edho%20\u00fa\u0159adu_SIG.pdf\" target=\"_blank\" rel=\"noopener\">Ozn\u00e1men\u00ed o vyhl\u00e1\u0161en\u00ed v\u00fdb\u011brov\u00e9ho \u0159\u00edzen\u00ed_vedouc\u00ed odd\u011blen\u00ed kancel\u00e1\u0159e vedouc\u00edho slu\u017eebn\u00edho \u00fa\u0159adu_SIG.pdf<\/a><br><a href=\"http:\/\/opendata.insid.gov.cz\/doc\/1001084632\/P\u0159\u00edloha_2_Platov\u00e1%20tabulka-NV%20304_2014%20Sb.%20.pdf\" target=\"_blank\" rel=\"noopener\">P\u0159\u00edloha_2_Platov\u00e1 tabulka-NV 304_2014 Sb. .pdf<\/a><\/td>\n        <\/tr>\n              <tr>\n          <td>INSID\/132\/7526\/2026-1<\/td>\n            <td>Ozn\u00e1men\u00ed o vyhl\u00e1\u0161en\u00ed v\u00fdb\u011brov\u00e9ho \u0159\u00edzen\u00ed - Inspektor\/Inspektorka MEJ HK<\/td>\n            <td>V\u00fdb\u011brov\u00e1 \u0159\u00edzen\u00ed na slu\u017eebn\u00ed m\u00edsta<\/td>\n            <td>14.04.2026 \u2013 30.04.2026<\/td>\n            <td><a href=\"http:\/\/opendata.insid.gov.cz\/doc\/1001085783\/Podm\u00ednky%20v\u00fdkonu%20slu\u017eby_SIG.pdf\" target=\"_blank\" rel=\"noopener\">Podm\u00ednky v\u00fdkonu slu\u017eby_SIG.pdf<\/a><br><a href=\"http:\/\/opendata.insid.gov.cz\/doc\/1001085783\/P\u0159\u00edloha_2_Platov\u00e1%20tabulka-NV%20304_2014%20Sb.%20.pdf\" target=\"_blank\" rel=\"noopener\">P\u0159\u00edloha_2_Platov\u00e1 tabulka-NV 304_2014 Sb. .pdf<\/a><br><a href=\"http:\/\/opendata.insid.gov.cz\/doc\/1001085783\/p\u0159\u00edloha%201_\u017d\u00e1dost%20o%20p\u0159ijet\u00ed%20do%20slu\u017eebn\u00edho%20pom\u011bru.pdf\" target=\"_blank\" rel=\"noopener\">p\u0159\u00edloha 1_\u017d\u00e1dost o p\u0159ijet\u00ed do slu\u017eebn\u00edho pom\u011bru.pdf<\/a><br><a href=\"http:\/\/opendata.insid.gov.cz\/doc\/1001085783\/Ozn\u00e1men\u00ed%20o%20vyhl\u00e1\u0161en\u00ed%20v\u00fdb\u011brov\u00e9ho%20\u0159\u00edzen\u00ed_inspektor_V\u0160_SIG.pdf\" target=\"_blank\" rel=\"noopener\">Ozn\u00e1men\u00ed o vyhl\u00e1\u0161en\u00ed v\u00fdb\u011brov\u00e9ho \u0159\u00edzen\u00ed_inspektor_V\u0160_SIG.pdf<\/a><\/td>\n        <\/tr>\n              <tr>\n          <td>INSID\/132\/8030\/2026-1<\/td>\n            <td>Ozn\u00e1men\u00ed o vyhl\u00e1\u0161en\u00ed v\u00fdb\u011brov\u00e9ho \u0159\u00edzen\u00ed - specialista\/specialistka na pracovn\u011b pr\u00e1vn\u00ed problematiku<\/td>\n            <td>V\u00fdb\u011brov\u00e1 \u0159\u00edzen\u00ed na slu\u017eebn\u00ed m\u00edsta<\/td>\n            <td>22.04.2026 \u2013 30.04.2026<\/td>\n            <td><a href=\"http:\/\/opendata.insid.gov.cz\/doc\/1001086847\/P\u0159\u00edloha_2_Platov\u00e1%20tabulka-NV%20304_2014%20Sb.%20.pdf\" target=\"_blank\" rel=\"noopener\">P\u0159\u00edloha_2_Platov\u00e1 tabulka-NV 304_2014 Sb. .pdf<\/a><br><a href=\"http:\/\/opendata.insid.gov.cz\/doc\/1001086847\/Ozn\u00e1men\u00ed%20o%20vyhl\u00e1\u0161en\u00ed%20v\u00fdb\u011brov\u00e9ho%20\u0159\u00edzen\u00ed_Specialista%20na%20pracovn\u011b%20pr\u00e1vn\u00ed%20problematiku_SIG.pdf\" target=\"_blank\" rel=\"noopener\">Ozn\u00e1men\u00ed o vyhl\u00e1\u0161en\u00ed v\u00fdb\u011brov\u00e9ho \u0159\u00edzen\u00ed_Specialista na pracovn\u011b pr\u00e1vn\u00ed problematiku_SIG.pdf<\/a><br><a href=\"http:\/\/opendata.insid.gov.cz\/doc\/1001086847\/p\u0159\u00edloha%201_\u017d\u00e1dost%20o%20p\u0159ijet\u00ed%20do%20slu\u017eebn\u00edho%20pom\u011bru_Specialista%20na%20pracovn\u011b%20pr\u00e1vn\u00ed%20problematiku.pdf\" target=\"_blank\" rel=\"noopener\">p\u0159\u00edloha 1_\u017d\u00e1dost o p\u0159ijet\u00ed do slu\u017eebn\u00edho pom\u011bru_Specialista na pracovn\u011b pr\u00e1vn\u00ed problematiku.pdf<\/a><br><a href=\"http:\/\/opendata.insid.gov.cz\/doc\/1001086847\/Podm\u00ednky%20v\u00fdkonu%20slu\u017eby_Specialista%20na%20pracovn\u011b%20pr\u00e1vn\u00ed%20problematiku_INSID_SIG.pdf\" target=\"_blank\" rel=\"noopener\">Podm\u00ednky v\u00fdkonu slu\u017eby_Specialista na pracovn\u011b pr\u00e1vn\u00ed problematiku_INSID_SIG.pdf<\/a><\/td>\n        <\/tr>\n            <\/tbody>\n    <\/table>\n    <\/figure>\n    \n\n\n\n<figure class=\"wp-block-table hide\"><table class=\"has-fixed-layout\"><tbody><tr><td><\/td><td><\/td><\/tr><tr><td><\/td><td><\/td><\/tr><\/tbody><\/table><\/figure>\n<\/div>\n","protected":false},"excerpt":{"rendered":"","protected":false},"author":1,"featured_media":0,"parent":1005,"menu_order":0,"comment_status":"closed","ping_status":"closed","template":"","meta":{"inline_featured_image":false,"footnotes":""},"class_list":["post-984","page","type-page","status-publish","hentry"],"yoast_head":"<!-- This site is optimized with the Yoast SEO plugin v27.5 - https:\/\/yoast.com\/product\/yoast-seo-wordpress\/ -->\n<title>\u00da\u0159edn\u00ed deska - Inspekce silni\u010dn\u00ed dopravy<\/title>\n<meta name=\"robots\" content=\"index, follow, max-snippet:-1, max-image-preview:large, max-video-preview:-1\" \/>\n<link rel=\"canonical\" href=\"https:\/\/insid.gov.cz\/uk\/o-uradu\/uredni-deska\/\" \/>\n<meta property=\"og:locale\" content=\"uk_UA\" \/>\n<meta property=\"og:type\" content=\"article\" \/>\n<meta property=\"og:title\" content=\"\u00da\u0159edn\u00ed deska - Inspekce silni\u010dn\u00ed dopravy\" \/>\n<meta property=\"og:url\" content=\"https:\/\/insid.gov.cz\/uk\/o-uradu\/uredni-deska\/\" \/>\n<meta property=\"og:site_name\" content=\"Inspekce silni\u010dn\u00ed dopravy\" \/>\n<meta property=\"article:publisher\" content=\"https:\/\/www.facebook.com\/people\/INSID-Inspekce-silnin-dopravy\/61577005171287\/\" \/>\n<meta property=\"article:modified_time\" content=\"2026-03-17T22:21:26+00:00\" \/>\n<meta name=\"twitter:card\" content=\"summary_large_image\" \/>\n<script type=\"application\/ld+json\" class=\"yoast-schema-graph\">{\"@context\":\"https:\\\/\\\/schema.org\",\"@graph\":[{\"@type\":\"WebPage\",\"@id\":\"https:\\\/\\\/insid.gov.cz\\\/uk\\\/o-uradu\\\/uredni-deska\\\/\",\"url\":\"https:\\\/\\\/insid.gov.cz\\\/uk\\\/o-uradu\\\/uredni-deska\\\/\",\"name\":\"\u00da\u0159edn\u00ed deska - Inspekce silni\u010dn\u00ed dopravy\",\"isPartOf\":{\"@id\":\"https:\\\/\\\/insid.gov.cz\\\/#website\"},\"datePublished\":\"2025-02-19T11:59:30+00:00\",\"dateModified\":\"2026-03-17T22:21:26+00:00\",\"breadcrumb\":{\"@id\":\"https:\\\/\\\/insid.gov.cz\\\/uk\\\/o-uradu\\\/uredni-deska\\\/#breadcrumb\"},\"inLanguage\":\"uk\",\"potentialAction\":[{\"@type\":\"ReadAction\",\"target\":[\"https:\\\/\\\/insid.gov.cz\\\/uk\\\/o-uradu\\\/uredni-deska\\\/\"]}]},{\"@type\":\"BreadcrumbList\",\"@id\":\"https:\\\/\\\/insid.gov.cz\\\/uk\\\/o-uradu\\\/uredni-deska\\\/#breadcrumb\",\"itemListElement\":[{\"@type\":\"ListItem\",\"position\":1,\"name\":\"Dom\u016f\",\"item\":\"https:\\\/\\\/insid.gov.cz\\\/uk\\\/\"},{\"@type\":\"ListItem\",\"position\":2,\"name\":\"O n\u00e1s\",\"item\":\"https:\\\/\\\/insid.gov.cz\\\/uk\\\/o-uradu\\\/\"},{\"@type\":\"ListItem\",\"position\":3,\"name\":\"\u00da\u0159edn\u00ed deska\"}]},{\"@type\":\"WebSite\",\"@id\":\"https:\\\/\\\/insid.gov.cz\\\/#website\",\"url\":\"https:\\\/\\\/insid.gov.cz\\\/\",\"name\":\"INSID\",\"description\":\"\",\"publisher\":{\"@id\":\"https:\\\/\\\/insid.gov.cz\\\/#organization\"},\"potentialAction\":[{\"@type\":\"SearchAction\",\"target\":{\"@type\":\"EntryPoint\",\"urlTemplate\":\"https:\\\/\\\/insid.gov.cz\\\/?s={search_term_string}\"},\"query-input\":{\"@type\":\"PropertyValueSpecification\",\"valueRequired\":true,\"valueName\":\"search_term_string\"}}],\"inLanguage\":\"uk\"},{\"@type\":\"Organization\",\"@id\":\"https:\\\/\\\/insid.gov.cz\\\/#organization\",\"name\":\"Inspekce silni\u010dn\u00ed dopravy\",\"url\":\"https:\\\/\\\/insid.gov.cz\\\/\",\"logo\":{\"@type\":\"ImageObject\",\"inLanguage\":\"uk\",\"@id\":\"https:\\\/\\\/insid.gov.cz\\\/#\\\/schema\\\/logo\\\/image\\\/\",\"url\":\"https:\\\/\\\/insid.gov.cz\\\/wp-content\\\/uploads\\\/2025\\\/05\\\/INSID-LOGO-barevna-verze-scaled.png\",\"contentUrl\":\"https:\\\/\\\/insid.gov.cz\\\/wp-content\\\/uploads\\\/2025\\\/05\\\/INSID-LOGO-barevna-verze-scaled.png\",\"width\":2560,\"height\":1027,\"caption\":\"Inspekce silni\u010dn\u00ed dopravy\"},\"image\":{\"@id\":\"https:\\\/\\\/insid.gov.cz\\\/#\\\/schema\\\/logo\\\/image\\\/\"},\"sameAs\":[\"https:\\\/\\\/www.facebook.com\\\/people\\\/INSID-Inspekce-silnin-dopravy\\\/61577005171287\\\/\"]}]}<\/script>\n<!-- \/ Yoast SEO plugin. -->","yoast_head_json":{"title":"\u00da\u0159edn\u00ed deska - Inspekce silni\u010dn\u00ed dopravy","robots":{"index":"index","follow":"follow","max-snippet":"max-snippet:-1","max-image-preview":"max-image-preview:large","max-video-preview":"max-video-preview:-1"},"canonical":"https:\/\/insid.gov.cz\/uk\/o-uradu\/uredni-deska\/","og_locale":"uk_UA","og_type":"article","og_title":"\u00da\u0159edn\u00ed deska - Inspekce silni\u010dn\u00ed dopravy","og_url":"https:\/\/insid.gov.cz\/uk\/o-uradu\/uredni-deska\/","og_site_name":"Inspekce silni\u010dn\u00ed dopravy","article_publisher":"https:\/\/www.facebook.com\/people\/INSID-Inspekce-silnin-dopravy\/61577005171287\/","article_modified_time":"2026-03-17T22:21:26+00:00","twitter_card":"summary_large_image","schema":{"@context":"https:\/\/schema.org","@graph":[{"@type":"WebPage","@id":"https:\/\/insid.gov.cz\/uk\/o-uradu\/uredni-deska\/","url":"https:\/\/insid.gov.cz\/uk\/o-uradu\/uredni-deska\/","name":"\u00da\u0159edn\u00ed deska - Inspekce silni\u010dn\u00ed dopravy","isPartOf":{"@id":"https:\/\/insid.gov.cz\/#website"},"datePublished":"2025-02-19T11:59:30+00:00","dateModified":"2026-03-17T22:21:26+00:00","breadcrumb":{"@id":"https:\/\/insid.gov.cz\/uk\/o-uradu\/uredni-deska\/#breadcrumb"},"inLanguage":"uk","potentialAction":[{"@type":"ReadAction","target":["https:\/\/insid.gov.cz\/uk\/o-uradu\/uredni-deska\/"]}]},{"@type":"BreadcrumbList","@id":"https:\/\/insid.gov.cz\/uk\/o-uradu\/uredni-deska\/#breadcrumb","itemListElement":[{"@type":"ListItem","position":1,"name":"Dom\u016f","item":"https:\/\/insid.gov.cz\/uk\/"},{"@type":"ListItem","position":2,"name":"O n\u00e1s","item":"https:\/\/insid.gov.cz\/uk\/o-uradu\/"},{"@type":"ListItem","position":3,"name":"\u00da\u0159edn\u00ed deska"}]},{"@type":"WebSite","@id":"https:\/\/insid.gov.cz\/#website","url":"https:\/\/insid.gov.cz\/","name":"INSID","description":"","publisher":{"@id":"https:\/\/insid.gov.cz\/#organization"},"potentialAction":[{"@type":"SearchAction","target":{"@type":"EntryPoint","urlTemplate":"https:\/\/insid.gov.cz\/?s={search_term_string}"},"query-input":{"@type":"PropertyValueSpecification","valueRequired":true,"valueName":"search_term_string"}}],"inLanguage":"uk"},{"@type":"Organization","@id":"https:\/\/insid.gov.cz\/#organization","name":"Inspekce silni\u010dn\u00ed dopravy","url":"https:\/\/insid.gov.cz\/","logo":{"@type":"ImageObject","inLanguage":"uk","@id":"https:\/\/insid.gov.cz\/#\/schema\/logo\/image\/","url":"https:\/\/insid.gov.cz\/wp-content\/uploads\/2025\/05\/INSID-LOGO-barevna-verze-scaled.png","contentUrl":"https:\/\/insid.gov.cz\/wp-content\/uploads\/2025\/05\/INSID-LOGO-barevna-verze-scaled.png","width":2560,"height":1027,"caption":"Inspekce silni\u010dn\u00ed dopravy"},"image":{"@id":"https:\/\/insid.gov.cz\/#\/schema\/logo\/image\/"},"sameAs":["https:\/\/www.facebook.com\/people\/INSID-Inspekce-silnin-dopravy\/61577005171287\/"]}]}},"jetpack_sharing_enabled":true,"_links":{"self":[{"href":"https:\/\/insid.gov.cz\/uk\/wp-json\/wp\/v2\/pages\/984","targetHints":{"allow":["GET"]}}],"collection":[{"href":"https:\/\/insid.gov.cz\/uk\/wp-json\/wp\/v2\/pages"}],"about":[{"href":"https:\/\/insid.gov.cz\/uk\/wp-json\/wp\/v2\/types\/page"}],"author":[{"embeddable":true,"href":"https:\/\/insid.gov.cz\/uk\/wp-json\/wp\/v2\/users\/1"}],"replies":[{"embeddable":true,"href":"https:\/\/insid.gov.cz\/uk\/wp-json\/wp\/v2\/comments?post=984"}],"version-history":[{"count":17,"href":"https:\/\/insid.gov.cz\/uk\/wp-json\/wp\/v2\/pages\/984\/revisions"}],"predecessor-version":[{"id":2690,"href":"https:\/\/insid.gov.cz\/uk\/wp-json\/wp\/v2\/pages\/984\/revisions\/2690"}],"up":[{"embeddable":true,"href":"https:\/\/insid.gov.cz\/uk\/wp-json\/wp\/v2\/pages\/1005"}],"wp:attachment":[{"href":"https:\/\/insid.gov.cz\/uk\/wp-json\/wp\/v2\/media?parent=984"}],"curies":[{"name":"wp","href":"https:\/\/api.w.org\/{rel}","templated":true}]}}