{"id":975,"date":"2025-02-19T13:01:07","date_gmt":"2025-02-19T12:01:07","guid":{"rendered":"https:\/\/insid.gov.cz\/verejne-zakazky\/"},"modified":"2025-06-02T08:19:09","modified_gmt":"2025-06-02T06:19:09","slug":"verejne-zakazky","status":"publish","type":"page","link":"https:\/\/insid.gov.cz\/uk\/o-uradu\/verejne-zakazky\/","title":{"rendered":"Ve\u0159ejn\u00e9 zak\u00e1zky"},"content":{"rendered":"\n<p><\/p>\n\n\n\n<p>Profil zadavatele Inspekce silni\u010dn\u00ed dopravy, dle z\u00e1kona \u010d. 134\/2016 Sb., o zad\u00e1v\u00e1n\u00ed ve\u0159ejn\u00fdch zak\u00e1zek ve zn\u011bn\u00ed pozd\u011bj\u0161\u00edch p\u0159edpis\u016f, se nach\u00e1z\u00ed na webov\u00fdch str\u00e1nk\u00e1ch <a href=\"https:\/\/nen.nipez.cz\/\" data-type=\"link\" data-id=\"https:\/\/nen.nipez.cz\/\">nen.nipez.cz<\/a>.<\/p>\n\n\n\n<p><\/p>\n","protected":false},"excerpt":{"rendered":"<p>Profil zadavatele Inspekce silni\u010dn\u00ed dopravy, dle z\u00e1kona \u010d. 134\/2016 Sb., o zad\u00e1v\u00e1n\u00ed ve\u0159ejn\u00fdch zak\u00e1zek ve zn\u011bn\u00ed pozd\u011bj\u0161\u00edch p\u0159edpis\u016f, se nach\u00e1z\u00ed na webov\u00fdch str\u00e1nk\u00e1ch nen.nipez.cz.<\/p>\n","protected":false},"author":1,"featured_media":0,"parent":1005,"menu_order":0,"comment_status":"closed","ping_status":"closed","template":"","meta":{"inline_featured_image":false,"footnotes":""},"class_list":["post-975","page","type-page","status-publish","hentry"],"yoast_head":"<!-- This site is optimized with the Yoast SEO plugin v27.5 - https:\/\/yoast.com\/product\/yoast-seo-wordpress\/ -->\n<title>Ve\u0159ejn\u00e9 zak\u00e1zky - Inspekce silni\u010dn\u00ed dopravy<\/title>\n<meta name=\"robots\" content=\"index, follow, max-snippet:-1, max-image-preview:large, max-video-preview:-1\" \/>\n<link rel=\"canonical\" href=\"https:\/\/insid.gov.cz\/uk\/o-uradu\/verejne-zakazky\/\" \/>\n<meta property=\"og:locale\" content=\"uk_UA\" \/>\n<meta property=\"og:type\" content=\"article\" \/>\n<meta property=\"og:title\" content=\"Ve\u0159ejn\u00e9 zak\u00e1zky - Inspekce silni\u010dn\u00ed dopravy\" \/>\n<meta property=\"og:description\" content=\"Profil zadavatele Inspekce silni\u010dn\u00ed dopravy, dle z\u00e1kona \u010d. 134\/2016 Sb., o zad\u00e1v\u00e1n\u00ed ve\u0159ejn\u00fdch zak\u00e1zek ve zn\u011bn\u00ed pozd\u011bj\u0161\u00edch p\u0159edpis\u016f, se nach\u00e1z\u00ed na webov\u00fdch str\u00e1nk\u00e1ch nen.nipez.cz.\" \/>\n<meta property=\"og:url\" content=\"https:\/\/insid.gov.cz\/uk\/o-uradu\/verejne-zakazky\/\" \/>\n<meta property=\"og:site_name\" content=\"Inspekce silni\u010dn\u00ed dopravy\" \/>\n<meta property=\"article:publisher\" content=\"https:\/\/www.facebook.com\/people\/INSID-Inspekce-silnin-dopravy\/61577005171287\/\" \/>\n<meta property=\"article:modified_time\" content=\"2025-06-02T06:19:09+00:00\" \/>\n<meta name=\"twitter:card\" content=\"summary_large_image\" \/>\n<script type=\"application\/ld+json\" class=\"yoast-schema-graph\">{\"@context\":\"https:\\\/\\\/schema.org\",\"@graph\":[{\"@type\":\"WebPage\",\"@id\":\"https:\\\/\\\/insid.gov.cz\\\/uk\\\/o-uradu\\\/verejne-zakazky\\\/\",\"url\":\"https:\\\/\\\/insid.gov.cz\\\/uk\\\/o-uradu\\\/verejne-zakazky\\\/\",\"name\":\"Ve\u0159ejn\u00e9 zak\u00e1zky - Inspekce silni\u010dn\u00ed dopravy\",\"isPartOf\":{\"@id\":\"https:\\\/\\\/insid.gov.cz\\\/#website\"},\"datePublished\":\"2025-02-19T12:01:07+00:00\",\"dateModified\":\"2025-06-02T06:19:09+00:00\",\"breadcrumb\":{\"@id\":\"https:\\\/\\\/insid.gov.cz\\\/uk\\\/o-uradu\\\/verejne-zakazky\\\/#breadcrumb\"},\"inLanguage\":\"uk\",\"potentialAction\":[{\"@type\":\"ReadAction\",\"target\":[\"https:\\\/\\\/insid.gov.cz\\\/uk\\\/o-uradu\\\/verejne-zakazky\\\/\"]}]},{\"@type\":\"BreadcrumbList\",\"@id\":\"https:\\\/\\\/insid.gov.cz\\\/uk\\\/o-uradu\\\/verejne-zakazky\\\/#breadcrumb\",\"itemListElement\":[{\"@type\":\"ListItem\",\"position\":1,\"name\":\"Dom\u016f\",\"item\":\"https:\\\/\\\/insid.gov.cz\\\/uk\\\/\"},{\"@type\":\"ListItem\",\"position\":2,\"name\":\"O n\u00e1s\",\"item\":\"https:\\\/\\\/insid.gov.cz\\\/uk\\\/o-uradu\\\/\"},{\"@type\":\"ListItem\",\"position\":3,\"name\":\"Ve\u0159ejn\u00e9 zak\u00e1zky\"}]},{\"@type\":\"WebSite\",\"@id\":\"https:\\\/\\\/insid.gov.cz\\\/#website\",\"url\":\"https:\\\/\\\/insid.gov.cz\\\/\",\"name\":\"INSID\",\"description\":\"\",\"publisher\":{\"@id\":\"https:\\\/\\\/insid.gov.cz\\\/#organization\"},\"potentialAction\":[{\"@type\":\"SearchAction\",\"target\":{\"@type\":\"EntryPoint\",\"urlTemplate\":\"https:\\\/\\\/insid.gov.cz\\\/?s={search_term_string}\"},\"query-input\":{\"@type\":\"PropertyValueSpecification\",\"valueRequired\":true,\"valueName\":\"search_term_string\"}}],\"inLanguage\":\"uk\"},{\"@type\":\"Organization\",\"@id\":\"https:\\\/\\\/insid.gov.cz\\\/#organization\",\"name\":\"Inspekce silni\u010dn\u00ed dopravy\",\"url\":\"https:\\\/\\\/insid.gov.cz\\\/\",\"logo\":{\"@type\":\"ImageObject\",\"inLanguage\":\"uk\",\"@id\":\"https:\\\/\\\/insid.gov.cz\\\/#\\\/schema\\\/logo\\\/image\\\/\",\"url\":\"https:\\\/\\\/insid.gov.cz\\\/wp-content\\\/uploads\\\/2025\\\/05\\\/INSID-LOGO-barevna-verze-scaled.png\",\"contentUrl\":\"https:\\\/\\\/insid.gov.cz\\\/wp-content\\\/uploads\\\/2025\\\/05\\\/INSID-LOGO-barevna-verze-scaled.png\",\"width\":2560,\"height\":1027,\"caption\":\"Inspekce silni\u010dn\u00ed dopravy\"},\"image\":{\"@id\":\"https:\\\/\\\/insid.gov.cz\\\/#\\\/schema\\\/logo\\\/image\\\/\"},\"sameAs\":[\"https:\\\/\\\/www.facebook.com\\\/people\\\/INSID-Inspekce-silnin-dopravy\\\/61577005171287\\\/\"]}]}<\/script>\n<!-- \/ Yoast SEO plugin. -->","yoast_head_json":{"title":"Ve\u0159ejn\u00e9 zak\u00e1zky - Inspekce silni\u010dn\u00ed dopravy","robots":{"index":"index","follow":"follow","max-snippet":"max-snippet:-1","max-image-preview":"max-image-preview:large","max-video-preview":"max-video-preview:-1"},"canonical":"https:\/\/insid.gov.cz\/uk\/o-uradu\/verejne-zakazky\/","og_locale":"uk_UA","og_type":"article","og_title":"Ve\u0159ejn\u00e9 zak\u00e1zky - Inspekce silni\u010dn\u00ed dopravy","og_description":"Profil zadavatele Inspekce silni\u010dn\u00ed dopravy, dle z\u00e1kona \u010d. 134\/2016 Sb., o zad\u00e1v\u00e1n\u00ed ve\u0159ejn\u00fdch zak\u00e1zek ve zn\u011bn\u00ed pozd\u011bj\u0161\u00edch p\u0159edpis\u016f, se nach\u00e1z\u00ed na webov\u00fdch str\u00e1nk\u00e1ch nen.nipez.cz.","og_url":"https:\/\/insid.gov.cz\/uk\/o-uradu\/verejne-zakazky\/","og_site_name":"Inspekce silni\u010dn\u00ed dopravy","article_publisher":"https:\/\/www.facebook.com\/people\/INSID-Inspekce-silnin-dopravy\/61577005171287\/","article_modified_time":"2025-06-02T06:19:09+00:00","twitter_card":"summary_large_image","schema":{"@context":"https:\/\/schema.org","@graph":[{"@type":"WebPage","@id":"https:\/\/insid.gov.cz\/uk\/o-uradu\/verejne-zakazky\/","url":"https:\/\/insid.gov.cz\/uk\/o-uradu\/verejne-zakazky\/","name":"Ve\u0159ejn\u00e9 zak\u00e1zky - Inspekce silni\u010dn\u00ed dopravy","isPartOf":{"@id":"https:\/\/insid.gov.cz\/#website"},"datePublished":"2025-02-19T12:01:07+00:00","dateModified":"2025-06-02T06:19:09+00:00","breadcrumb":{"@id":"https:\/\/insid.gov.cz\/uk\/o-uradu\/verejne-zakazky\/#breadcrumb"},"inLanguage":"uk","potentialAction":[{"@type":"ReadAction","target":["https:\/\/insid.gov.cz\/uk\/o-uradu\/verejne-zakazky\/"]}]},{"@type":"BreadcrumbList","@id":"https:\/\/insid.gov.cz\/uk\/o-uradu\/verejne-zakazky\/#breadcrumb","itemListElement":[{"@type":"ListItem","position":1,"name":"Dom\u016f","item":"https:\/\/insid.gov.cz\/uk\/"},{"@type":"ListItem","position":2,"name":"O n\u00e1s","item":"https:\/\/insid.gov.cz\/uk\/o-uradu\/"},{"@type":"ListItem","position":3,"name":"Ve\u0159ejn\u00e9 zak\u00e1zky"}]},{"@type":"WebSite","@id":"https:\/\/insid.gov.cz\/#website","url":"https:\/\/insid.gov.cz\/","name":"INSID","description":"","publisher":{"@id":"https:\/\/insid.gov.cz\/#organization"},"potentialAction":[{"@type":"SearchAction","target":{"@type":"EntryPoint","urlTemplate":"https:\/\/insid.gov.cz\/?s={search_term_string}"},"query-input":{"@type":"PropertyValueSpecification","valueRequired":true,"valueName":"search_term_string"}}],"inLanguage":"uk"},{"@type":"Organization","@id":"https:\/\/insid.gov.cz\/#organization","name":"Inspekce silni\u010dn\u00ed dopravy","url":"https:\/\/insid.gov.cz\/","logo":{"@type":"ImageObject","inLanguage":"uk","@id":"https:\/\/insid.gov.cz\/#\/schema\/logo\/image\/","url":"https:\/\/insid.gov.cz\/wp-content\/uploads\/2025\/05\/INSID-LOGO-barevna-verze-scaled.png","contentUrl":"https:\/\/insid.gov.cz\/wp-content\/uploads\/2025\/05\/INSID-LOGO-barevna-verze-scaled.png","width":2560,"height":1027,"caption":"Inspekce silni\u010dn\u00ed dopravy"},"image":{"@id":"https:\/\/insid.gov.cz\/#\/schema\/logo\/image\/"},"sameAs":["https:\/\/www.facebook.com\/people\/INSID-Inspekce-silnin-dopravy\/61577005171287\/"]}]}},"jetpack_sharing_enabled":true,"_links":{"self":[{"href":"https:\/\/insid.gov.cz\/uk\/wp-json\/wp\/v2\/pages\/975","targetHints":{"allow":["GET"]}}],"collection":[{"href":"https:\/\/insid.gov.cz\/uk\/wp-json\/wp\/v2\/pages"}],"about":[{"href":"https:\/\/insid.gov.cz\/uk\/wp-json\/wp\/v2\/types\/page"}],"author":[{"embeddable":true,"href":"https:\/\/insid.gov.cz\/uk\/wp-json\/wp\/v2\/users\/1"}],"replies":[{"embeddable":true,"href":"https:\/\/insid.gov.cz\/uk\/wp-json\/wp\/v2\/comments?post=975"}],"version-history":[{"count":1,"href":"https:\/\/insid.gov.cz\/uk\/wp-json\/wp\/v2\/pages\/975\/revisions"}],"predecessor-version":[{"id":1112,"href":"https:\/\/insid.gov.cz\/uk\/wp-json\/wp\/v2\/pages\/975\/revisions\/1112"}],"up":[{"embeddable":true,"href":"https:\/\/insid.gov.cz\/uk\/wp-json\/wp\/v2\/pages\/1005"}],"wp:attachment":[{"href":"https:\/\/insid.gov.cz\/uk\/wp-json\/wp\/v2\/media?parent=975"}],"curies":[{"name":"wp","href":"https:\/\/api.w.org\/{rel}","templated":true}]}}