{"id":972,"date":"2025-02-19T13:01:29","date_gmt":"2025-02-19T12:01:29","guid":{"rendered":"https:\/\/insid.gov.cz\/zadost-o-poskytnuti-informace\/"},"modified":"2026-04-10T08:48:56","modified_gmt":"2026-04-10T06:48:56","slug":"zadost-o-poskytnuti-informace","status":"publish","type":"page","link":"https:\/\/insid.gov.cz\/uk\/o-uradu\/zadost-o-poskytnuti-informace\/","title":{"rendered":"\u017d\u00e1dost o poskytnut\u00ed informace"},"content":{"rendered":"\n<h3 class=\"wp-block-heading\" id=\"nadpis0\"><br>1. Obecn\u00e1 \u010d\u00e1st<\/h3>\n\n\n\n<p>Pod\u00e1v\u00e1n\u00ed \u017e\u00e1dost\u00ed o&nbsp;poskytnut\u00ed informace Inspekce silni\u010dn\u00ed dopravy (d\u00e1le jen INSID) i&nbsp;jejich poskytov\u00e1n\u00ed zam\u011bstnanci INISD se \u0159\u00edd\u00ed&nbsp;<a href=\"https:\/\/vlada.gov.cz\/assets\/urad-vlady\/poskytovani-informaci\/nejdulezitejsi-predpisy\/zakon_106_1999.pdf\">z\u00e1konem \u010d. 106\/1999 Sb.<\/a>, o&nbsp;svobodn\u00e9m p\u0159\u00edstupu k&nbsp;informac\u00edm (d\u00e1le jen z\u00e1kon), a&nbsp;<a href=\"https:\/\/vlada.gov.cz\/assets\/urad-vlady\/poskytovani-informaci\/nejdulezitejsi-predpisy\/nv_173_2006.pdf\">na\u0159\u00edzen\u00edm vl\u00e1dy \u010d. 173\/2006<\/a>, o&nbsp;z\u00e1sad\u00e1ch stanoven\u00ed \u00fahrad a&nbsp;licen\u010dn\u00edch odm\u011bn za poskytov\u00e1n\u00ed informac\u00ed podle z\u00e1kona o&nbsp;svobodn\u00e9m p\u0159\u00edstupu k&nbsp;informac\u00edm.<\/p>\n\n\n\n<h3 class=\"wp-block-heading\" id=\"nadpis1\">2. Postup p\u0159i vy\u0159izov\u00e1n\u00ed \u017e\u00e1dosti<\/h3>\n\n\n\n<p>\u017d\u00e1dost mus\u00ed b\u00fdt vy\u0159\u00edzena v&nbsp;souladu se z\u00e1konem a&nbsp;na\u0159\u00edzen\u00edm vl\u00e1dy. Informaci po\u017eadovanou telefonicky poskytuje osloven\u00fd \u00fatvar INSID neodkladn\u011b, pokud ji m\u00e1 k&nbsp;dispozici. Nem\u016f\u017ee-li ji vy\u0159\u00eddit, po\u017e\u00e1d\u00e1 \u017eadatele, aby \u017e\u00e1dost podal p\u00edsemn\u011b.<\/p>\n\n\n\n<p>P\u00edsemn\u00e1 \u017e\u00e1dost je pod\u00e1v\u00e1na na adresu:<br><br>Inspekce silni\u010dn\u00ed dopravy<br>n\u00e1b\u0159e\u017e\u00ed Ludv\u00edka Svobody 1222\/12<br>Nov\u00e9 M\u011bsto<br>110 00 Praha 1<\/p>\n\n\n\n<p>\u017d\u00e1dost lze podat prost\u0159ednictv\u00edm po\u0161ty, osobn\u011b v&nbsp;podateln\u011b INSID (viz v\u00fd\u0161e uveden\u00e1 adresa) nebo prost\u0159ednictv\u00edm elektronick\u00e9 podatelny na adrese <a href=\"https:\/\/mail.google.com\/mail\/?view=cm&amp;fs=1&amp;tf=1&amp;to=adresa@urad.cz\" target=\"_blank\" rel=\"noreferrer noopener\">podatelna@insid.gov.cz<\/a>.<\/p>\n\n\n\n<h3 class=\"wp-block-heading\" id=\"nadpis1\">3. Sazebn\u00edk \u00fahrad za poskytov\u00e1n\u00ed informac\u00ed<\/h3>\n\n\n\n<p>Podle z\u00e1kona \u010d. 106\/1999 Sb., o svobodn\u00e9m p\u0159\u00edstupu k informac\u00edm, ve zn\u011bn\u00ed pozd\u011bj\u0161\u00edch p\u0159edpis\u016f, a podle z\u00e1kona \u010d.&nbsp;123\/1998 Sb., o pr\u00e1vu na informace o \u017eivotn\u00edm prost\u0159ed\u00ed, ve zn\u011bn\u00ed pozd\u011bj\u0161\u00edch p\u0159edpis\u016f, stanovuje Inspekce silni\u010dn\u00ed dopravy v\u00fd\u0161i \u00fahrad za poskytov\u00e1n\u00ed informac\u00ed.<\/p>\n\n\n\n<div data-wp-interactive=\"core\/file\" class=\"wp-block-file\"><object data-wp-bind--hidden=\"!state.hasPdfPreview\" hidden class=\"wp-block-file__embed\" data=\"https:\/\/insid.gov.cz\/wp-content\/uploads\/2026\/04\/INSID_Sazebnik-uhrad-za-poskytovani-informaci.pdf\" type=\"application\/pdf\" style=\"width:100%;height:760px\" aria-label=\"\u0412\u0441\u0442\u0430\u0432\u043a\u0430 INSID_Sazebn\u00edk \u00fahrad za poskytov\u00e1n\u00ed informac\u00ed\"><\/object><a id=\"wp-block-file--media-ef428f7f-7d38-4d3d-8c26-64e93f25f22a\" href=\"https:\/\/insid.gov.cz\/wp-content\/uploads\/2026\/04\/INSID_Sazebnik-uhrad-za-poskytovani-informaci.pdf\">INSID_Sazebn\u00edk \u00fahrad za poskytov\u00e1n\u00ed informac\u00ed<\/a><a href=\"https:\/\/insid.gov.cz\/wp-content\/uploads\/2026\/04\/INSID_Sazebnik-uhrad-za-poskytovani-informaci.pdf\" class=\"wp-block-file__button wp-element-button\" download aria-describedby=\"wp-block-file--media-ef428f7f-7d38-4d3d-8c26-64e93f25f22a\">St\u00e1hnout<\/a><\/div>\n\n\n\n<h3 class=\"wp-block-heading\" id=\"nadpis2\">4. Nevyhov\u011bn\u00ed \u017eadateli ze strany INSID<\/h3>\n\n\n\n<p>Proti rozhodnut\u00ed INSID o&nbsp;odm\u00edtnut\u00ed \u017e\u00e1dosti o&nbsp;poskytnut\u00ed informace lze podat rozklad ve lh\u016ft\u00e1ch stanoven\u00fdch z\u00e1konem na adrese:<br><br>Inspekce silni\u010dn\u00ed dopravy<br>n\u00e1b\u0159e\u017e\u00ed Ludv\u00edka Svobody 1222\/12<br>Nov\u00e9 M\u011bsto<br>110 00 Praha 1<\/p>\n\n\n\n<p>Rozklad lze podat pouze p\u00edsemnou formou. Rozklad mus\u00ed obsahovat jm\u00e9no \u017eadatele, adresu, v&nbsp;\u010dem \u017eadatel spat\u0159uje poru\u0161en\u00ed z\u00e1kona, \u010deho se \u017eadatel dom\u00e1h\u00e1, a&nbsp;podpis \u017eadatele. Pokud rozklad tyto \u00fadaje neobsahuje nebo nen\u00ed pod\u00e1n p\u00edsemn\u011b, INSID jej odlo\u017e\u00ed.<\/p>\n\n\n\n<p>Rozklad lze podat rovn\u011b\u017e prost\u0159ednictv\u00edm formul\u00e1\u0159e&nbsp;<a href=\"https:\/\/vlada.gov.cz\/assets\/urad-vlady\/poskytovani-informaci\/Formular_rozkladu.pdf\">Rozklad proti rozhodnut\u00ed o neposkytnut\u00ed informace<\/a>.<\/p>\n\n\n\n<div class=\"wp-block-columns are-vertically-aligned-top is-layout-flex wp-container-core-columns-is-layout-28f84493 wp-block-columns-is-layout-flex\">\n<div class=\"wp-block-column is-vertically-aligned-top is-layout-flow wp-block-column-is-layout-flow\" style=\"flex-basis:100%\"><\/div>\n<\/div>\n\n\n\n<main class=\"wp-block-query alignwide is-content-justification-left is-layout-constrained wp-container-core-query-is-layout-7ca9ea7d wp-block-query-is-layout-constrained\">\n\n<\/main>\n","protected":false},"excerpt":{"rendered":"<p>1. Obecn\u00e1 \u010d\u00e1st Pod\u00e1v\u00e1n\u00ed \u017e\u00e1dost\u00ed o&nbsp;poskytnut\u00ed informace Inspekce silni\u010dn\u00ed dopravy (d\u00e1le jen INSID) i&nbsp;jejich poskytov\u00e1n\u00ed zam\u011bstnanci INISD se \u0159\u00edd\u00ed&nbsp;z\u00e1konem \u010d. 106\/1999 Sb., o&nbsp;svobodn\u00e9m p\u0159\u00edstupu k&nbsp;informac\u00edm (d\u00e1le jen z\u00e1kon), a&nbsp;na\u0159\u00edzen\u00edm vl\u00e1dy \u010d. 173\/2006, o&nbsp;z\u00e1sad\u00e1ch stanoven\u00ed \u00fahrad a&nbsp;licen\u010dn\u00edch odm\u011bn za poskytov\u00e1n\u00ed informac\u00ed podle z\u00e1kona o&nbsp;svobodn\u00e9m p\u0159\u00edstupu k&nbsp;informac\u00edm. 2. Postup p\u0159i vy\u0159izov\u00e1n\u00ed \u017e\u00e1dosti \u017d\u00e1dost mus\u00ed b\u00fdt vy\u0159\u00edzena v&nbsp;souladu [&hellip;]<\/p>\n","protected":false},"author":1,"featured_media":0,"parent":1005,"menu_order":0,"comment_status":"closed","ping_status":"closed","template":"","meta":{"inline_featured_image":false,"footnotes":""},"class_list":["post-972","page","type-page","status-publish","hentry"],"yoast_head":"<!-- This site is optimized with the Yoast SEO plugin v27.4 - https:\/\/yoast.com\/product\/yoast-seo-wordpress\/ -->\n<title>\u017d\u00e1dost o poskytnut\u00ed informace - Inspekce silni\u010dn\u00ed dopravy<\/title>\n<meta name=\"robots\" content=\"index, follow, max-snippet:-1, max-image-preview:large, max-video-preview:-1\" \/>\n<link rel=\"canonical\" href=\"https:\/\/insid.gov.cz\/uk\/o-uradu\/zadost-o-poskytnuti-informace\/\" \/>\n<meta property=\"og:locale\" content=\"uk_UA\" \/>\n<meta property=\"og:type\" content=\"article\" \/>\n<meta property=\"og:title\" content=\"\u017d\u00e1dost o poskytnut\u00ed informace - Inspekce silni\u010dn\u00ed dopravy\" \/>\n<meta property=\"og:description\" content=\"1. Obecn\u00e1 \u010d\u00e1st Pod\u00e1v\u00e1n\u00ed \u017e\u00e1dost\u00ed o&nbsp;poskytnut\u00ed informace Inspekce silni\u010dn\u00ed dopravy (d\u00e1le jen INSID) i&nbsp;jejich poskytov\u00e1n\u00ed zam\u011bstnanci INISD se \u0159\u00edd\u00ed&nbsp;z\u00e1konem \u010d. 106\/1999 Sb., o&nbsp;svobodn\u00e9m p\u0159\u00edstupu k&nbsp;informac\u00edm (d\u00e1le jen z\u00e1kon), a&nbsp;na\u0159\u00edzen\u00edm vl\u00e1dy \u010d. 173\/2006, o&nbsp;z\u00e1sad\u00e1ch stanoven\u00ed \u00fahrad a&nbsp;licen\u010dn\u00edch odm\u011bn za poskytov\u00e1n\u00ed informac\u00ed podle z\u00e1kona o&nbsp;svobodn\u00e9m p\u0159\u00edstupu k&nbsp;informac\u00edm. 2. Postup p\u0159i vy\u0159izov\u00e1n\u00ed \u017e\u00e1dosti \u017d\u00e1dost mus\u00ed b\u00fdt vy\u0159\u00edzena v&nbsp;souladu [&hellip;]\" \/>\n<meta property=\"og:url\" content=\"https:\/\/insid.gov.cz\/uk\/o-uradu\/zadost-o-poskytnuti-informace\/\" \/>\n<meta property=\"og:site_name\" content=\"Inspekce silni\u010dn\u00ed dopravy\" \/>\n<meta property=\"article:publisher\" content=\"https:\/\/www.facebook.com\/people\/INSID-Inspekce-silnin-dopravy\/61577005171287\/\" \/>\n<meta property=\"article:modified_time\" content=\"2026-04-10T06:48:56+00:00\" \/>\n<meta name=\"twitter:card\" content=\"summary_large_image\" \/>\n<script type=\"application\/ld+json\" class=\"yoast-schema-graph\">{\"@context\":\"https:\\\/\\\/schema.org\",\"@graph\":[{\"@type\":\"WebPage\",\"@id\":\"https:\\\/\\\/insid.gov.cz\\\/uk\\\/o-uradu\\\/zadost-o-poskytnuti-informace\\\/\",\"url\":\"https:\\\/\\\/insid.gov.cz\\\/uk\\\/o-uradu\\\/zadost-o-poskytnuti-informace\\\/\",\"name\":\"\u017d\u00e1dost o poskytnut\u00ed informace - Inspekce silni\u010dn\u00ed dopravy\",\"isPartOf\":{\"@id\":\"https:\\\/\\\/insid.gov.cz\\\/#website\"},\"datePublished\":\"2025-02-19T12:01:29+00:00\",\"dateModified\":\"2026-04-10T06:48:56+00:00\",\"breadcrumb\":{\"@id\":\"https:\\\/\\\/insid.gov.cz\\\/uk\\\/o-uradu\\\/zadost-o-poskytnuti-informace\\\/#breadcrumb\"},\"inLanguage\":\"uk\",\"potentialAction\":[{\"@type\":\"ReadAction\",\"target\":[\"https:\\\/\\\/insid.gov.cz\\\/uk\\\/o-uradu\\\/zadost-o-poskytnuti-informace\\\/\"]}]},{\"@type\":\"BreadcrumbList\",\"@id\":\"https:\\\/\\\/insid.gov.cz\\\/uk\\\/o-uradu\\\/zadost-o-poskytnuti-informace\\\/#breadcrumb\",\"itemListElement\":[{\"@type\":\"ListItem\",\"position\":1,\"name\":\"Dom\u016f\",\"item\":\"https:\\\/\\\/insid.gov.cz\\\/uk\\\/\"},{\"@type\":\"ListItem\",\"position\":2,\"name\":\"O n\u00e1s\",\"item\":\"https:\\\/\\\/insid.gov.cz\\\/uk\\\/o-uradu\\\/\"},{\"@type\":\"ListItem\",\"position\":3,\"name\":\"\u017d\u00e1dost o poskytnut\u00ed informace\"}]},{\"@type\":\"WebSite\",\"@id\":\"https:\\\/\\\/insid.gov.cz\\\/#website\",\"url\":\"https:\\\/\\\/insid.gov.cz\\\/\",\"name\":\"INSID\",\"description\":\"\",\"publisher\":{\"@id\":\"https:\\\/\\\/insid.gov.cz\\\/#organization\"},\"potentialAction\":[{\"@type\":\"SearchAction\",\"target\":{\"@type\":\"EntryPoint\",\"urlTemplate\":\"https:\\\/\\\/insid.gov.cz\\\/?s={search_term_string}\"},\"query-input\":{\"@type\":\"PropertyValueSpecification\",\"valueRequired\":true,\"valueName\":\"search_term_string\"}}],\"inLanguage\":\"uk\"},{\"@type\":\"Organization\",\"@id\":\"https:\\\/\\\/insid.gov.cz\\\/#organization\",\"name\":\"Inspekce silni\u010dn\u00ed dopravy\",\"url\":\"https:\\\/\\\/insid.gov.cz\\\/\",\"logo\":{\"@type\":\"ImageObject\",\"inLanguage\":\"uk\",\"@id\":\"https:\\\/\\\/insid.gov.cz\\\/#\\\/schema\\\/logo\\\/image\\\/\",\"url\":\"https:\\\/\\\/insid.gov.cz\\\/wp-content\\\/uploads\\\/2025\\\/05\\\/INSID-LOGO-barevna-verze-scaled.png\",\"contentUrl\":\"https:\\\/\\\/insid.gov.cz\\\/wp-content\\\/uploads\\\/2025\\\/05\\\/INSID-LOGO-barevna-verze-scaled.png\",\"width\":2560,\"height\":1027,\"caption\":\"Inspekce silni\u010dn\u00ed dopravy\"},\"image\":{\"@id\":\"https:\\\/\\\/insid.gov.cz\\\/#\\\/schema\\\/logo\\\/image\\\/\"},\"sameAs\":[\"https:\\\/\\\/www.facebook.com\\\/people\\\/INSID-Inspekce-silnin-dopravy\\\/61577005171287\\\/\"]}]}<\/script>\n<!-- \/ Yoast SEO plugin. -->","yoast_head_json":{"title":"\u017d\u00e1dost o poskytnut\u00ed informace - Inspekce silni\u010dn\u00ed dopravy","robots":{"index":"index","follow":"follow","max-snippet":"max-snippet:-1","max-image-preview":"max-image-preview:large","max-video-preview":"max-video-preview:-1"},"canonical":"https:\/\/insid.gov.cz\/uk\/o-uradu\/zadost-o-poskytnuti-informace\/","og_locale":"uk_UA","og_type":"article","og_title":"\u017d\u00e1dost o poskytnut\u00ed informace - Inspekce silni\u010dn\u00ed dopravy","og_description":"1. Obecn\u00e1 \u010d\u00e1st Pod\u00e1v\u00e1n\u00ed \u017e\u00e1dost\u00ed o&nbsp;poskytnut\u00ed informace Inspekce silni\u010dn\u00ed dopravy (d\u00e1le jen INSID) i&nbsp;jejich poskytov\u00e1n\u00ed zam\u011bstnanci INISD se \u0159\u00edd\u00ed&nbsp;z\u00e1konem \u010d. 106\/1999 Sb., o&nbsp;svobodn\u00e9m p\u0159\u00edstupu k&nbsp;informac\u00edm (d\u00e1le jen z\u00e1kon), a&nbsp;na\u0159\u00edzen\u00edm vl\u00e1dy \u010d. 173\/2006, o&nbsp;z\u00e1sad\u00e1ch stanoven\u00ed \u00fahrad a&nbsp;licen\u010dn\u00edch odm\u011bn za poskytov\u00e1n\u00ed informac\u00ed podle z\u00e1kona o&nbsp;svobodn\u00e9m p\u0159\u00edstupu k&nbsp;informac\u00edm. 2. Postup p\u0159i vy\u0159izov\u00e1n\u00ed \u017e\u00e1dosti \u017d\u00e1dost mus\u00ed b\u00fdt vy\u0159\u00edzena v&nbsp;souladu [&hellip;]","og_url":"https:\/\/insid.gov.cz\/uk\/o-uradu\/zadost-o-poskytnuti-informace\/","og_site_name":"Inspekce silni\u010dn\u00ed dopravy","article_publisher":"https:\/\/www.facebook.com\/people\/INSID-Inspekce-silnin-dopravy\/61577005171287\/","article_modified_time":"2026-04-10T06:48:56+00:00","twitter_card":"summary_large_image","schema":{"@context":"https:\/\/schema.org","@graph":[{"@type":"WebPage","@id":"https:\/\/insid.gov.cz\/uk\/o-uradu\/zadost-o-poskytnuti-informace\/","url":"https:\/\/insid.gov.cz\/uk\/o-uradu\/zadost-o-poskytnuti-informace\/","name":"\u017d\u00e1dost o poskytnut\u00ed informace - Inspekce silni\u010dn\u00ed dopravy","isPartOf":{"@id":"https:\/\/insid.gov.cz\/#website"},"datePublished":"2025-02-19T12:01:29+00:00","dateModified":"2026-04-10T06:48:56+00:00","breadcrumb":{"@id":"https:\/\/insid.gov.cz\/uk\/o-uradu\/zadost-o-poskytnuti-informace\/#breadcrumb"},"inLanguage":"uk","potentialAction":[{"@type":"ReadAction","target":["https:\/\/insid.gov.cz\/uk\/o-uradu\/zadost-o-poskytnuti-informace\/"]}]},{"@type":"BreadcrumbList","@id":"https:\/\/insid.gov.cz\/uk\/o-uradu\/zadost-o-poskytnuti-informace\/#breadcrumb","itemListElement":[{"@type":"ListItem","position":1,"name":"Dom\u016f","item":"https:\/\/insid.gov.cz\/uk\/"},{"@type":"ListItem","position":2,"name":"O n\u00e1s","item":"https:\/\/insid.gov.cz\/uk\/o-uradu\/"},{"@type":"ListItem","position":3,"name":"\u017d\u00e1dost o poskytnut\u00ed informace"}]},{"@type":"WebSite","@id":"https:\/\/insid.gov.cz\/#website","url":"https:\/\/insid.gov.cz\/","name":"INSID","description":"","publisher":{"@id":"https:\/\/insid.gov.cz\/#organization"},"potentialAction":[{"@type":"SearchAction","target":{"@type":"EntryPoint","urlTemplate":"https:\/\/insid.gov.cz\/?s={search_term_string}"},"query-input":{"@type":"PropertyValueSpecification","valueRequired":true,"valueName":"search_term_string"}}],"inLanguage":"uk"},{"@type":"Organization","@id":"https:\/\/insid.gov.cz\/#organization","name":"Inspekce silni\u010dn\u00ed dopravy","url":"https:\/\/insid.gov.cz\/","logo":{"@type":"ImageObject","inLanguage":"uk","@id":"https:\/\/insid.gov.cz\/#\/schema\/logo\/image\/","url":"https:\/\/insid.gov.cz\/wp-content\/uploads\/2025\/05\/INSID-LOGO-barevna-verze-scaled.png","contentUrl":"https:\/\/insid.gov.cz\/wp-content\/uploads\/2025\/05\/INSID-LOGO-barevna-verze-scaled.png","width":2560,"height":1027,"caption":"Inspekce silni\u010dn\u00ed dopravy"},"image":{"@id":"https:\/\/insid.gov.cz\/#\/schema\/logo\/image\/"},"sameAs":["https:\/\/www.facebook.com\/people\/INSID-Inspekce-silnin-dopravy\/61577005171287\/"]}]}},"jetpack_sharing_enabled":true,"_links":{"self":[{"href":"https:\/\/insid.gov.cz\/uk\/wp-json\/wp\/v2\/pages\/972","targetHints":{"allow":["GET"]}}],"collection":[{"href":"https:\/\/insid.gov.cz\/uk\/wp-json\/wp\/v2\/pages"}],"about":[{"href":"https:\/\/insid.gov.cz\/uk\/wp-json\/wp\/v2\/types\/page"}],"author":[{"embeddable":true,"href":"https:\/\/insid.gov.cz\/uk\/wp-json\/wp\/v2\/users\/1"}],"replies":[{"embeddable":true,"href":"https:\/\/insid.gov.cz\/uk\/wp-json\/wp\/v2\/comments?post=972"}],"version-history":[{"count":14,"href":"https:\/\/insid.gov.cz\/uk\/wp-json\/wp\/v2\/pages\/972\/revisions"}],"predecessor-version":[{"id":4502,"href":"https:\/\/insid.gov.cz\/uk\/wp-json\/wp\/v2\/pages\/972\/revisions\/4502"}],"up":[{"embeddable":true,"href":"https:\/\/insid.gov.cz\/uk\/wp-json\/wp\/v2\/pages\/1005"}],"wp:attachment":[{"href":"https:\/\/insid.gov.cz\/uk\/wp-json\/wp\/v2\/media?parent=972"}],"curies":[{"name":"wp","href":"https:\/\/api.w.org\/{rel}","templated":true}]}}