{"id":963,"date":"2025-02-19T13:02:30","date_gmt":"2025-02-19T12:02:30","guid":{"rendered":"https:\/\/insid.gov.cz\/eticky-kodex\/"},"modified":"2026-03-27T08:50:38","modified_gmt":"2026-03-27T07:50:38","slug":"eticky-kodex","status":"publish","type":"page","link":"https:\/\/insid.gov.cz\/uk\/o-uradu\/eticky-kodex\/","title":{"rendered":"Etick\u00fd kodex"},"content":{"rendered":"\n<p><\/p>\n\n\n\n<div class=\"wp-block-group is-content-justification-left is-layout-constrained wp-container-core-group-is-layout-12dd3699 wp-block-group-is-layout-constrained\">\n<h2 class=\"wp-block-heading\">Etick\u00fd kodex Inspekce silni\u010dn\u00ed dopravy<\/h2>\n\n\n\n<p>P\u0159\u00edslu\u0161n\u00edci Inspekce silni\u010dn\u00ed dopravy, v\u011bdomi si sv\u00e9ho posl\u00e1n\u00ed<em>,\u00a0<\/em>spo\u010d\u00edvaj\u00edc\u00edho ve slu\u017eb\u011b ve\u0159ejnosti, zalo\u017een\u00e9ho na \u00fact\u011b a\u00a0respektu k\u00a0lidsk\u00fdm pr\u00e1v\u016fm, vyjad\u0159uj\u00ed n\u00e1sleduj\u00edc\u00ed principy, je\u017e cht\u011bj\u00ed sd\u00edlet a\u00a0dodr\u017eovat.<\/p>\n<\/div>\n\n\n\n<div class=\"wp-block-group is-content-justification-left is-layout-constrained wp-container-core-group-is-layout-12dd3699 wp-block-group-is-layout-constrained\">\n<h3 class=\"wp-block-heading\">C\u00edl Inspekce silni\u010dn\u00ed dopravy <\/h3>\n\n\n\n<p>Jedn\u00edm z hlavn\u00edch c\u00edl\u016f Inspekce silni\u010dn\u00ed dopravy je zajistit v\u011bt\u0161\u00ed bezpe\u010dnost na silnic\u00edch a\u00a0d\u00e1lnic\u00edch. Abychom co nejd\u00e9le udr\u017eeli ve\u0159ejn\u00e9 komunikace v dobr\u00e9m stavu a\u00a0vyhnuli se tak kolon\u00e1m v\u00a0d\u016fsledku oprav pozemn\u00edch komunikac\u00edch a\u00a0pl\u00fdtv\u00e1n\u00ed ve\u0159ejn\u00fdmi financemi, d\u016fle\u017eit\u00fdm c\u00edlem Inspekce silni\u010dn\u00ed dopravy je zabr\u00e1nit po\u0161kozov\u00e1n\u00ed ve\u0159ejn\u00fdch komunikac\u00ed p\u0159et\u00ed\u017een\u00fdmi kamiony.<\/p>\n\n\n\n<p>Kladn\u00fdm prvkem transformace Inspekce silni\u010dn\u00ed dopravy je zefektivn\u011bn\u00ed kontroly \u0159idi\u010d\u016f t\u00edm, \u017ee samostatnost umo\u017en\u00ed policii a\u00a0celn\u00ed spr\u00e1v\u011b vyu\u017e\u00edt sv\u00e9 p\u0159\u00edslu\u0161n\u00edky na jin\u00e9 \u010dinnosti. P\u016fsoben\u00ed Inspekce silni\u010dn\u00ed dopravy si tak\u00e9 klade za c\u00edl zabr\u00e1nit nef\u00e9rovosti podnik\u00e1n\u00ed v\u00a0kamionov\u00e9 doprav\u011b. Celkov\u00fdm d\u016fsledkem p\u016fsoben\u00ed Inspekce silni\u010dn\u00ed dopravy by m\u011blo b\u00fdt preventivn\u00ed p\u016fsoben\u00ed na \u0159idi\u010de a\u00a0dopravce.<\/p>\n<\/div>\n\n\n\n<div class=\"wp-block-group is-content-justification-left is-layout-constrained wp-container-core-group-is-layout-12dd3699 wp-block-group-is-layout-constrained\">\n<h3 class=\"wp-block-heading\">Z\u00e1kladn\u00edmi hodnotami Inspekce silni\u010dn\u00ed dopravy je<\/h3>\n\n\n\n<ul class=\"wp-block-list\">\n<li>profesionalita;<\/li>\n\n\n\n<li>nestrannost;<\/li>\n\n\n\n<li>odpov\u011bdnost;<\/li>\n\n\n\n<li>ohleduplnost.<\/li>\n<\/ul>\n<\/div>\n\n\n\n<div class=\"wp-block-group is-layout-constrained wp-block-group-is-layout-constrained\">\n<p><\/p>\n\n\n\n<p><\/p>\n<\/div>\n","protected":false},"excerpt":{"rendered":"<p>Etick\u00fd kodex Inspekce silni\u010dn\u00ed dopravy P\u0159\u00edslu\u0161n\u00edci Inspekce silni\u010dn\u00ed dopravy, v\u011bdomi si sv\u00e9ho posl\u00e1n\u00ed,\u00a0spo\u010d\u00edvaj\u00edc\u00edho ve slu\u017eb\u011b ve\u0159ejnosti, zalo\u017een\u00e9ho na \u00fact\u011b a\u00a0respektu k\u00a0lidsk\u00fdm pr\u00e1v\u016fm, vyjad\u0159uj\u00ed n\u00e1sleduj\u00edc\u00ed principy, je\u017e cht\u011bj\u00ed sd\u00edlet a\u00a0dodr\u017eovat. C\u00edl Inspekce silni\u010dn\u00ed dopravy Jedn\u00edm z hlavn\u00edch c\u00edl\u016f Inspekce silni\u010dn\u00ed dopravy je zajistit v\u011bt\u0161\u00ed bezpe\u010dnost na silnic\u00edch a\u00a0d\u00e1lnic\u00edch. Abychom co nejd\u00e9le udr\u017eeli ve\u0159ejn\u00e9 komunikace v dobr\u00e9m [&hellip;]<\/p>\n","protected":false},"author":1,"featured_media":0,"parent":1005,"menu_order":0,"comment_status":"closed","ping_status":"closed","template":"","meta":{"inline_featured_image":false,"footnotes":""},"class_list":["post-963","page","type-page","status-publish","hentry"],"yoast_head":"<!-- This site is optimized with the Yoast SEO plugin v27.4 - https:\/\/yoast.com\/product\/yoast-seo-wordpress\/ -->\n<title>Etick\u00fd kodex - Inspekce silni\u010dn\u00ed dopravy<\/title>\n<meta name=\"robots\" content=\"index, follow, max-snippet:-1, max-image-preview:large, max-video-preview:-1\" \/>\n<link rel=\"canonical\" href=\"https:\/\/insid.gov.cz\/uk\/o-uradu\/eticky-kodex\/\" \/>\n<meta property=\"og:locale\" content=\"uk_UA\" \/>\n<meta property=\"og:type\" content=\"article\" \/>\n<meta property=\"og:title\" content=\"Etick\u00fd kodex - Inspekce silni\u010dn\u00ed dopravy\" \/>\n<meta property=\"og:description\" content=\"Etick\u00fd kodex Inspekce silni\u010dn\u00ed dopravy P\u0159\u00edslu\u0161n\u00edci Inspekce silni\u010dn\u00ed dopravy, v\u011bdomi si sv\u00e9ho posl\u00e1n\u00ed,\u00a0spo\u010d\u00edvaj\u00edc\u00edho ve slu\u017eb\u011b ve\u0159ejnosti, zalo\u017een\u00e9ho na \u00fact\u011b a\u00a0respektu k\u00a0lidsk\u00fdm pr\u00e1v\u016fm, vyjad\u0159uj\u00ed n\u00e1sleduj\u00edc\u00ed principy, je\u017e cht\u011bj\u00ed sd\u00edlet a\u00a0dodr\u017eovat. C\u00edl Inspekce silni\u010dn\u00ed dopravy Jedn\u00edm z hlavn\u00edch c\u00edl\u016f Inspekce silni\u010dn\u00ed dopravy je zajistit v\u011bt\u0161\u00ed bezpe\u010dnost na silnic\u00edch a\u00a0d\u00e1lnic\u00edch. Abychom co nejd\u00e9le udr\u017eeli ve\u0159ejn\u00e9 komunikace v dobr\u00e9m [&hellip;]\" \/>\n<meta property=\"og:url\" content=\"https:\/\/insid.gov.cz\/uk\/o-uradu\/eticky-kodex\/\" \/>\n<meta property=\"og:site_name\" content=\"Inspekce silni\u010dn\u00ed dopravy\" \/>\n<meta property=\"article:publisher\" content=\"https:\/\/www.facebook.com\/people\/INSID-Inspekce-silnin-dopravy\/61577005171287\/\" \/>\n<meta property=\"article:modified_time\" content=\"2026-03-27T07:50:38+00:00\" \/>\n<meta name=\"twitter:card\" content=\"summary_large_image\" \/>\n<script type=\"application\/ld+json\" class=\"yoast-schema-graph\">{\"@context\":\"https:\\\/\\\/schema.org\",\"@graph\":[{\"@type\":\"WebPage\",\"@id\":\"https:\\\/\\\/insid.gov.cz\\\/uk\\\/o-uradu\\\/eticky-kodex\\\/\",\"url\":\"https:\\\/\\\/insid.gov.cz\\\/uk\\\/o-uradu\\\/eticky-kodex\\\/\",\"name\":\"Etick\u00fd kodex - Inspekce silni\u010dn\u00ed dopravy\",\"isPartOf\":{\"@id\":\"https:\\\/\\\/insid.gov.cz\\\/#website\"},\"datePublished\":\"2025-02-19T12:02:30+00:00\",\"dateModified\":\"2026-03-27T07:50:38+00:00\",\"breadcrumb\":{\"@id\":\"https:\\\/\\\/insid.gov.cz\\\/uk\\\/o-uradu\\\/eticky-kodex\\\/#breadcrumb\"},\"inLanguage\":\"uk\",\"potentialAction\":[{\"@type\":\"ReadAction\",\"target\":[\"https:\\\/\\\/insid.gov.cz\\\/uk\\\/o-uradu\\\/eticky-kodex\\\/\"]}]},{\"@type\":\"BreadcrumbList\",\"@id\":\"https:\\\/\\\/insid.gov.cz\\\/uk\\\/o-uradu\\\/eticky-kodex\\\/#breadcrumb\",\"itemListElement\":[{\"@type\":\"ListItem\",\"position\":1,\"name\":\"Dom\u016f\",\"item\":\"https:\\\/\\\/insid.gov.cz\\\/uk\\\/\"},{\"@type\":\"ListItem\",\"position\":2,\"name\":\"O n\u00e1s\",\"item\":\"https:\\\/\\\/insid.gov.cz\\\/uk\\\/o-uradu\\\/\"},{\"@type\":\"ListItem\",\"position\":3,\"name\":\"Etick\u00fd kodex\"}]},{\"@type\":\"WebSite\",\"@id\":\"https:\\\/\\\/insid.gov.cz\\\/#website\",\"url\":\"https:\\\/\\\/insid.gov.cz\\\/\",\"name\":\"INSID\",\"description\":\"\",\"publisher\":{\"@id\":\"https:\\\/\\\/insid.gov.cz\\\/#organization\"},\"potentialAction\":[{\"@type\":\"SearchAction\",\"target\":{\"@type\":\"EntryPoint\",\"urlTemplate\":\"https:\\\/\\\/insid.gov.cz\\\/?s={search_term_string}\"},\"query-input\":{\"@type\":\"PropertyValueSpecification\",\"valueRequired\":true,\"valueName\":\"search_term_string\"}}],\"inLanguage\":\"uk\"},{\"@type\":\"Organization\",\"@id\":\"https:\\\/\\\/insid.gov.cz\\\/#organization\",\"name\":\"Inspekce silni\u010dn\u00ed dopravy\",\"url\":\"https:\\\/\\\/insid.gov.cz\\\/\",\"logo\":{\"@type\":\"ImageObject\",\"inLanguage\":\"uk\",\"@id\":\"https:\\\/\\\/insid.gov.cz\\\/#\\\/schema\\\/logo\\\/image\\\/\",\"url\":\"https:\\\/\\\/insid.gov.cz\\\/wp-content\\\/uploads\\\/2025\\\/05\\\/INSID-LOGO-barevna-verze-scaled.png\",\"contentUrl\":\"https:\\\/\\\/insid.gov.cz\\\/wp-content\\\/uploads\\\/2025\\\/05\\\/INSID-LOGO-barevna-verze-scaled.png\",\"width\":2560,\"height\":1027,\"caption\":\"Inspekce silni\u010dn\u00ed dopravy\"},\"image\":{\"@id\":\"https:\\\/\\\/insid.gov.cz\\\/#\\\/schema\\\/logo\\\/image\\\/\"},\"sameAs\":[\"https:\\\/\\\/www.facebook.com\\\/people\\\/INSID-Inspekce-silnin-dopravy\\\/61577005171287\\\/\"]}]}<\/script>\n<!-- \/ Yoast SEO plugin. -->","yoast_head_json":{"title":"Etick\u00fd kodex - Inspekce silni\u010dn\u00ed dopravy","robots":{"index":"index","follow":"follow","max-snippet":"max-snippet:-1","max-image-preview":"max-image-preview:large","max-video-preview":"max-video-preview:-1"},"canonical":"https:\/\/insid.gov.cz\/uk\/o-uradu\/eticky-kodex\/","og_locale":"uk_UA","og_type":"article","og_title":"Etick\u00fd kodex - Inspekce silni\u010dn\u00ed dopravy","og_description":"Etick\u00fd kodex Inspekce silni\u010dn\u00ed dopravy P\u0159\u00edslu\u0161n\u00edci Inspekce silni\u010dn\u00ed dopravy, v\u011bdomi si sv\u00e9ho posl\u00e1n\u00ed,\u00a0spo\u010d\u00edvaj\u00edc\u00edho ve slu\u017eb\u011b ve\u0159ejnosti, zalo\u017een\u00e9ho na \u00fact\u011b a\u00a0respektu k\u00a0lidsk\u00fdm pr\u00e1v\u016fm, vyjad\u0159uj\u00ed n\u00e1sleduj\u00edc\u00ed principy, je\u017e cht\u011bj\u00ed sd\u00edlet a\u00a0dodr\u017eovat. C\u00edl Inspekce silni\u010dn\u00ed dopravy Jedn\u00edm z hlavn\u00edch c\u00edl\u016f Inspekce silni\u010dn\u00ed dopravy je zajistit v\u011bt\u0161\u00ed bezpe\u010dnost na silnic\u00edch a\u00a0d\u00e1lnic\u00edch. Abychom co nejd\u00e9le udr\u017eeli ve\u0159ejn\u00e9 komunikace v dobr\u00e9m [&hellip;]","og_url":"https:\/\/insid.gov.cz\/uk\/o-uradu\/eticky-kodex\/","og_site_name":"Inspekce silni\u010dn\u00ed dopravy","article_publisher":"https:\/\/www.facebook.com\/people\/INSID-Inspekce-silnin-dopravy\/61577005171287\/","article_modified_time":"2026-03-27T07:50:38+00:00","twitter_card":"summary_large_image","schema":{"@context":"https:\/\/schema.org","@graph":[{"@type":"WebPage","@id":"https:\/\/insid.gov.cz\/uk\/o-uradu\/eticky-kodex\/","url":"https:\/\/insid.gov.cz\/uk\/o-uradu\/eticky-kodex\/","name":"Etick\u00fd kodex - Inspekce silni\u010dn\u00ed dopravy","isPartOf":{"@id":"https:\/\/insid.gov.cz\/#website"},"datePublished":"2025-02-19T12:02:30+00:00","dateModified":"2026-03-27T07:50:38+00:00","breadcrumb":{"@id":"https:\/\/insid.gov.cz\/uk\/o-uradu\/eticky-kodex\/#breadcrumb"},"inLanguage":"uk","potentialAction":[{"@type":"ReadAction","target":["https:\/\/insid.gov.cz\/uk\/o-uradu\/eticky-kodex\/"]}]},{"@type":"BreadcrumbList","@id":"https:\/\/insid.gov.cz\/uk\/o-uradu\/eticky-kodex\/#breadcrumb","itemListElement":[{"@type":"ListItem","position":1,"name":"Dom\u016f","item":"https:\/\/insid.gov.cz\/uk\/"},{"@type":"ListItem","position":2,"name":"O n\u00e1s","item":"https:\/\/insid.gov.cz\/uk\/o-uradu\/"},{"@type":"ListItem","position":3,"name":"Etick\u00fd kodex"}]},{"@type":"WebSite","@id":"https:\/\/insid.gov.cz\/#website","url":"https:\/\/insid.gov.cz\/","name":"INSID","description":"","publisher":{"@id":"https:\/\/insid.gov.cz\/#organization"},"potentialAction":[{"@type":"SearchAction","target":{"@type":"EntryPoint","urlTemplate":"https:\/\/insid.gov.cz\/?s={search_term_string}"},"query-input":{"@type":"PropertyValueSpecification","valueRequired":true,"valueName":"search_term_string"}}],"inLanguage":"uk"},{"@type":"Organization","@id":"https:\/\/insid.gov.cz\/#organization","name":"Inspekce silni\u010dn\u00ed dopravy","url":"https:\/\/insid.gov.cz\/","logo":{"@type":"ImageObject","inLanguage":"uk","@id":"https:\/\/insid.gov.cz\/#\/schema\/logo\/image\/","url":"https:\/\/insid.gov.cz\/wp-content\/uploads\/2025\/05\/INSID-LOGO-barevna-verze-scaled.png","contentUrl":"https:\/\/insid.gov.cz\/wp-content\/uploads\/2025\/05\/INSID-LOGO-barevna-verze-scaled.png","width":2560,"height":1027,"caption":"Inspekce silni\u010dn\u00ed dopravy"},"image":{"@id":"https:\/\/insid.gov.cz\/#\/schema\/logo\/image\/"},"sameAs":["https:\/\/www.facebook.com\/people\/INSID-Inspekce-silnin-dopravy\/61577005171287\/"]}]}},"jetpack_sharing_enabled":true,"_links":{"self":[{"href":"https:\/\/insid.gov.cz\/uk\/wp-json\/wp\/v2\/pages\/963","targetHints":{"allow":["GET"]}}],"collection":[{"href":"https:\/\/insid.gov.cz\/uk\/wp-json\/wp\/v2\/pages"}],"about":[{"href":"https:\/\/insid.gov.cz\/uk\/wp-json\/wp\/v2\/types\/page"}],"author":[{"embeddable":true,"href":"https:\/\/insid.gov.cz\/uk\/wp-json\/wp\/v2\/users\/1"}],"replies":[{"embeddable":true,"href":"https:\/\/insid.gov.cz\/uk\/wp-json\/wp\/v2\/comments?post=963"}],"version-history":[{"count":3,"href":"https:\/\/insid.gov.cz\/uk\/wp-json\/wp\/v2\/pages\/963\/revisions"}],"predecessor-version":[{"id":4279,"href":"https:\/\/insid.gov.cz\/uk\/wp-json\/wp\/v2\/pages\/963\/revisions\/4279"}],"up":[{"embeddable":true,"href":"https:\/\/insid.gov.cz\/uk\/wp-json\/wp\/v2\/pages\/1005"}],"wp:attachment":[{"href":"https:\/\/insid.gov.cz\/uk\/wp-json\/wp\/v2\/media?parent=963"}],"curies":[{"name":"wp","href":"https:\/\/api.w.org\/{rel}","templated":true}]}}