{"id":936,"date":"2025-05-27T11:19:11","date_gmt":"2025-05-27T09:19:11","guid":{"rendered":"https:\/\/insid.gov.cz\/media\/"},"modified":"2025-07-21T15:30:03","modified_gmt":"2025-07-21T13:30:03","slug":"media","status":"publish","type":"page","link":"https:\/\/insid.gov.cz\/pl\/media\/","title":{"rendered":"M\u00e9dia"},"content":{"rendered":"\n<main class=\"wp-block-query alignwide is-content-justification-left is-layout-constrained wp-container-core-query-is-layout-7ca9ea7d wp-block-query-is-layout-constrained\"><ul class=\"alignwide wp-block-post-template is-layout-flow wp-block-post-template-is-layout-flow\"><li class=\"wp-block-post post-1729 post type-post status-publish format-standard hentry category-narizeni-a-vyhlasky-pl category-pro-media-pl\">\n\n<div class=\"wp-block-group is-layout-flow wp-container-core-group-is-layout-8a368f38 wp-block-group-is-layout-flow\" style=\"min-height:100%\">\n<div class=\"wp-block-group has-base-background-color has-background is-layout-constrained wp-container-core-group-is-layout-bfdefecb wp-block-group-is-layout-constrained\" style=\"border-radius:1rem;padding-top:var(--wp--preset--spacing--50);padding-right:var(--wp--preset--spacing--40);padding-bottom:var(--wp--preset--spacing--40);padding-left:var(--wp--preset--spacing--40)\">\n<div class=\"wp-block-group is-layout-constrained wp-block-group-is-layout-constrained\">\n<div class=\"wp-block-group alignwide post-meta is-layout-flex wp-block-group-is-layout-flex\"><div style=\"font-size:var(u002du002dwpu002du002dcustomu002du002dfont-sizesu002du002dx-small);\" class=\"has-link-color is-style-post-date-icon wp-elements-d81f5b987b118e1d0ebfe6d4b960d4c2 wp-block-post-date has-text-color has-accent-6-color\"><time datetime=\"2025-06-03T15:14:55+02:00\">2025-06-03<\/time><\/div><\/div>\n<\/div>\n\n\n<h2 class=\"wp-block-post-title has-body-l-font-size\"><a href=\"https:\/\/insid.gov.cz\/pl\/vizualy-vozidel-a-stejnokroju-dle-vyhlasky-c-522-2006-sb-o-statnim-odbornem-dozoru-a-kontrolach-v-silnicni-doprave\/\" target=\"_self\" >Vizu\u00e1ly vozidel a stejnokroj\u016f dle vyhl\u00e1\u0161ky \u010d.\u00a0522\/2006 Sb., o\u00a0st\u00e1tn\u00edm odborn\u00e9m dozoru a kontrol\u00e1ch v silni\u010dn\u00ed doprav\u011b<\/a><\/h2>\n\n<div class=\"wp-block-post-excerpt\"><p class=\"wp-block-post-excerpt__excerpt\">St\u00e1tn\u00ed odborn\u00fd dozor a kontrola v silni\u010dn\u00ed doprav\u011b je ned\u00edlnou sou\u010d\u00e1st\u00ed syst\u00e9mu bezpe\u010dnosti a regulace dopravy v \u010cesk\u00e9 republice. Inspekce silni\u010dn\u00ed dopravy pov\u011b\u0159en\u00e1 t\u00edmto dozorem&hellip; <\/p><\/div>\n\n\n<div class=\"wp-block-group is-layout-constrained wp-block-group-is-layout-constrained\">\n<div class=\"wp-block-group post-meta is-layout-flex wp-block-group-is-layout-flex\"><div style=\"background-color:#fef0d0;font-size:var(u002du002dwpu002du002dcustomu002du002dfont-sizesu002du002dx-small);border-radius:0.5rem;padding-top:0.25rem;padding-bottom:0.25rem;padding-left:0.5rem;padding-right:0.75rem\" class=\"taxonomy-category has-link-color is-style-post-category-icon wp-elements-c18b43f3401e78fdbf96811b26b80693 wp-block-post-terms has-text-color has-contrast-color has-background\"><a href=\"https:\/\/insid.gov.cz\/pl\/category\/narizeni-a-vyhlasky-pl\/\" rel=\"tag\">Na\u0159\u00edzen\u00ed a vyhl\u00e1\u0161ky<\/a><span class=\"wp-block-post-terms__separator\">, <\/span><a href=\"https:\/\/insid.gov.cz\/pl\/category\/pro-media-pl\/\" rel=\"tag\">Pro m\u00e9dia<\/a><\/div>\n\n<\/div>\n<\/div>\n<\/div>\n<\/div>\n\n<\/li><li class=\"wp-block-post post-1761 post type-post status-publish format-standard hentry category-pro-media-pl\">\n\n<div class=\"wp-block-group is-layout-flow wp-container-core-group-is-layout-8a368f38 wp-block-group-is-layout-flow\" style=\"min-height:100%\">\n<div class=\"wp-block-group has-base-background-color has-background is-layout-constrained wp-container-core-group-is-layout-bfdefecb wp-block-group-is-layout-constrained\" style=\"border-radius:1rem;padding-top:var(--wp--preset--spacing--50);padding-right:var(--wp--preset--spacing--40);padding-bottom:var(--wp--preset--spacing--40);padding-left:var(--wp--preset--spacing--40)\">\n<div class=\"wp-block-group is-layout-constrained wp-block-group-is-layout-constrained\">\n<div class=\"wp-block-group alignwide post-meta is-layout-flex wp-block-group-is-layout-flex\"><div style=\"font-size:var(u002du002dwpu002du002dcustomu002du002dfont-sizesu002du002dx-small);\" class=\"has-link-color is-style-post-date-icon wp-elements-d81f5b987b118e1d0ebfe6d4b960d4c2 wp-block-post-date has-text-color has-accent-6-color\"><time datetime=\"2025-05-29T15:04:57+02:00\">2025-05-29<\/time><\/div><\/div>\n<\/div>\n\n\n<h2 class=\"wp-block-post-title has-body-l-font-size\"><a href=\"https:\/\/insid.gov.cz\/pl\/loga-insid-pro-media\/\" target=\"_self\" >Loga INSID ke sta\u017een\u00ed<\/a><\/h2>\n\n<div class=\"wp-block-post-excerpt\"><p class=\"wp-block-post-excerpt__excerpt\">Na t\u00e9to str\u00e1nce naleznete ke sta\u017een\u00ed loga ur\u010den\u00e1 pro m\u00e9dia. Tyto materi\u00e1ly jsou k dispozici pro \u0161irok\u00e9 vyu\u017eit\u00ed m\u00e9dii. K dispozici jsou loga ve form\u00e1tu&hellip; <\/p><\/div>\n\n\n<div class=\"wp-block-group is-layout-constrained wp-block-group-is-layout-constrained\">\n<div class=\"wp-block-group post-meta is-layout-flex wp-block-group-is-layout-flex\"><div style=\"background-color:#fef0d0;font-size:var(u002du002dwpu002du002dcustomu002du002dfont-sizesu002du002dx-small);border-radius:0.5rem;padding-top:0.25rem;padding-bottom:0.25rem;padding-left:0.5rem;padding-right:0.75rem\" class=\"taxonomy-category has-link-color is-style-post-category-icon wp-elements-c18b43f3401e78fdbf96811b26b80693 wp-block-post-terms has-text-color has-contrast-color has-background\"><a href=\"https:\/\/insid.gov.cz\/pl\/category\/pro-media-pl\/\" rel=\"tag\">Pro m\u00e9dia<\/a><\/div>\n\n<\/div>\n<\/div>\n<\/div>\n<\/div>\n\n<\/li><\/ul>\n\n<\/main>\n","protected":false},"excerpt":{"rendered":"","protected":false},"author":3,"featured_media":0,"parent":0,"menu_order":0,"comment_status":"closed","ping_status":"closed","template":"","meta":{"inline_featured_image":false,"footnotes":""},"class_list":["post-936","page","type-page","status-publish","hentry"],"yoast_head":"<!-- This site is optimized with the Yoast SEO plugin v27.5 - https:\/\/yoast.com\/product\/yoast-seo-wordpress\/ -->\n<title>M\u00e9dia - Inspekce silni\u010dn\u00ed dopravy<\/title>\n<meta name=\"robots\" content=\"index, follow, max-snippet:-1, max-image-preview:large, max-video-preview:-1\" \/>\n<link rel=\"canonical\" href=\"https:\/\/insid.gov.cz\/pl\/media\/\" \/>\n<meta property=\"og:locale\" content=\"pl_PL\" \/>\n<meta property=\"og:type\" content=\"article\" \/>\n<meta property=\"og:title\" content=\"M\u00e9dia - Inspekce silni\u010dn\u00ed dopravy\" \/>\n<meta property=\"og:url\" content=\"https:\/\/insid.gov.cz\/pl\/media\/\" \/>\n<meta property=\"og:site_name\" content=\"Inspekce silni\u010dn\u00ed dopravy\" \/>\n<meta property=\"article:publisher\" content=\"https:\/\/www.facebook.com\/people\/INSID-Inspekce-silnin-dopravy\/61577005171287\/\" \/>\n<meta property=\"article:modified_time\" content=\"2025-07-21T13:30:03+00:00\" \/>\n<meta name=\"twitter:card\" content=\"summary_large_image\" \/>\n<script type=\"application\/ld+json\" class=\"yoast-schema-graph\">{\"@context\":\"https:\\\/\\\/schema.org\",\"@graph\":[{\"@type\":\"WebPage\",\"@id\":\"https:\\\/\\\/insid.gov.cz\\\/pl\\\/media\\\/\",\"url\":\"https:\\\/\\\/insid.gov.cz\\\/pl\\\/media\\\/\",\"name\":\"M\u00e9dia - Inspekce silni\u010dn\u00ed dopravy\",\"isPartOf\":{\"@id\":\"https:\\\/\\\/insid.gov.cz\\\/#website\"},\"datePublished\":\"2025-05-27T09:19:11+00:00\",\"dateModified\":\"2025-07-21T13:30:03+00:00\",\"breadcrumb\":{\"@id\":\"https:\\\/\\\/insid.gov.cz\\\/pl\\\/media\\\/#breadcrumb\"},\"inLanguage\":\"pl-PL\",\"potentialAction\":[{\"@type\":\"ReadAction\",\"target\":[\"https:\\\/\\\/insid.gov.cz\\\/pl\\\/media\\\/\"]}]},{\"@type\":\"BreadcrumbList\",\"@id\":\"https:\\\/\\\/insid.gov.cz\\\/pl\\\/media\\\/#breadcrumb\",\"itemListElement\":[{\"@type\":\"ListItem\",\"position\":1,\"name\":\"Dom\u016f\",\"item\":\"https:\\\/\\\/insid.gov.cz\\\/pl\\\/\"},{\"@type\":\"ListItem\",\"position\":2,\"name\":\"M\u00e9dia\"}]},{\"@type\":\"WebSite\",\"@id\":\"https:\\\/\\\/insid.gov.cz\\\/#website\",\"url\":\"https:\\\/\\\/insid.gov.cz\\\/\",\"name\":\"INSID\",\"description\":\"\",\"publisher\":{\"@id\":\"https:\\\/\\\/insid.gov.cz\\\/#organization\"},\"potentialAction\":[{\"@type\":\"SearchAction\",\"target\":{\"@type\":\"EntryPoint\",\"urlTemplate\":\"https:\\\/\\\/insid.gov.cz\\\/?s={search_term_string}\"},\"query-input\":{\"@type\":\"PropertyValueSpecification\",\"valueRequired\":true,\"valueName\":\"search_term_string\"}}],\"inLanguage\":\"pl-PL\"},{\"@type\":\"Organization\",\"@id\":\"https:\\\/\\\/insid.gov.cz\\\/#organization\",\"name\":\"Inspekce silni\u010dn\u00ed dopravy\",\"url\":\"https:\\\/\\\/insid.gov.cz\\\/\",\"logo\":{\"@type\":\"ImageObject\",\"inLanguage\":\"pl-PL\",\"@id\":\"https:\\\/\\\/insid.gov.cz\\\/#\\\/schema\\\/logo\\\/image\\\/\",\"url\":\"https:\\\/\\\/insid.gov.cz\\\/wp-content\\\/uploads\\\/2025\\\/05\\\/INSID-LOGO-barevna-verze-scaled.png\",\"contentUrl\":\"https:\\\/\\\/insid.gov.cz\\\/wp-content\\\/uploads\\\/2025\\\/05\\\/INSID-LOGO-barevna-verze-scaled.png\",\"width\":2560,\"height\":1027,\"caption\":\"Inspekce silni\u010dn\u00ed dopravy\"},\"image\":{\"@id\":\"https:\\\/\\\/insid.gov.cz\\\/#\\\/schema\\\/logo\\\/image\\\/\"},\"sameAs\":[\"https:\\\/\\\/www.facebook.com\\\/people\\\/INSID-Inspekce-silnin-dopravy\\\/61577005171287\\\/\"]}]}<\/script>\n<!-- \/ Yoast SEO plugin. -->","yoast_head_json":{"title":"M\u00e9dia - Inspekce silni\u010dn\u00ed dopravy","robots":{"index":"index","follow":"follow","max-snippet":"max-snippet:-1","max-image-preview":"max-image-preview:large","max-video-preview":"max-video-preview:-1"},"canonical":"https:\/\/insid.gov.cz\/pl\/media\/","og_locale":"pl_PL","og_type":"article","og_title":"M\u00e9dia - Inspekce silni\u010dn\u00ed dopravy","og_url":"https:\/\/insid.gov.cz\/pl\/media\/","og_site_name":"Inspekce silni\u010dn\u00ed dopravy","article_publisher":"https:\/\/www.facebook.com\/people\/INSID-Inspekce-silnin-dopravy\/61577005171287\/","article_modified_time":"2025-07-21T13:30:03+00:00","twitter_card":"summary_large_image","schema":{"@context":"https:\/\/schema.org","@graph":[{"@type":"WebPage","@id":"https:\/\/insid.gov.cz\/pl\/media\/","url":"https:\/\/insid.gov.cz\/pl\/media\/","name":"M\u00e9dia - Inspekce silni\u010dn\u00ed dopravy","isPartOf":{"@id":"https:\/\/insid.gov.cz\/#website"},"datePublished":"2025-05-27T09:19:11+00:00","dateModified":"2025-07-21T13:30:03+00:00","breadcrumb":{"@id":"https:\/\/insid.gov.cz\/pl\/media\/#breadcrumb"},"inLanguage":"pl-PL","potentialAction":[{"@type":"ReadAction","target":["https:\/\/insid.gov.cz\/pl\/media\/"]}]},{"@type":"BreadcrumbList","@id":"https:\/\/insid.gov.cz\/pl\/media\/#breadcrumb","itemListElement":[{"@type":"ListItem","position":1,"name":"Dom\u016f","item":"https:\/\/insid.gov.cz\/pl\/"},{"@type":"ListItem","position":2,"name":"M\u00e9dia"}]},{"@type":"WebSite","@id":"https:\/\/insid.gov.cz\/#website","url":"https:\/\/insid.gov.cz\/","name":"INSID","description":"","publisher":{"@id":"https:\/\/insid.gov.cz\/#organization"},"potentialAction":[{"@type":"SearchAction","target":{"@type":"EntryPoint","urlTemplate":"https:\/\/insid.gov.cz\/?s={search_term_string}"},"query-input":{"@type":"PropertyValueSpecification","valueRequired":true,"valueName":"search_term_string"}}],"inLanguage":"pl-PL"},{"@type":"Organization","@id":"https:\/\/insid.gov.cz\/#organization","name":"Inspekce silni\u010dn\u00ed dopravy","url":"https:\/\/insid.gov.cz\/","logo":{"@type":"ImageObject","inLanguage":"pl-PL","@id":"https:\/\/insid.gov.cz\/#\/schema\/logo\/image\/","url":"https:\/\/insid.gov.cz\/wp-content\/uploads\/2025\/05\/INSID-LOGO-barevna-verze-scaled.png","contentUrl":"https:\/\/insid.gov.cz\/wp-content\/uploads\/2025\/05\/INSID-LOGO-barevna-verze-scaled.png","width":2560,"height":1027,"caption":"Inspekce silni\u010dn\u00ed dopravy"},"image":{"@id":"https:\/\/insid.gov.cz\/#\/schema\/logo\/image\/"},"sameAs":["https:\/\/www.facebook.com\/people\/INSID-Inspekce-silnin-dopravy\/61577005171287\/"]}]}},"jetpack_sharing_enabled":true,"_links":{"self":[{"href":"https:\/\/insid.gov.cz\/pl\/wp-json\/wp\/v2\/pages\/936","targetHints":{"allow":["GET"]}}],"collection":[{"href":"https:\/\/insid.gov.cz\/pl\/wp-json\/wp\/v2\/pages"}],"about":[{"href":"https:\/\/insid.gov.cz\/pl\/wp-json\/wp\/v2\/types\/page"}],"author":[{"embeddable":true,"href":"https:\/\/insid.gov.cz\/pl\/wp-json\/wp\/v2\/users\/3"}],"replies":[{"embeddable":true,"href":"https:\/\/insid.gov.cz\/pl\/wp-json\/wp\/v2\/comments?post=936"}],"version-history":[{"count":2,"href":"https:\/\/insid.gov.cz\/pl\/wp-json\/wp\/v2\/pages\/936\/revisions"}],"predecessor-version":[{"id":2356,"href":"https:\/\/insid.gov.cz\/pl\/wp-json\/wp\/v2\/pages\/936\/revisions\/2356"}],"wp:attachment":[{"href":"https:\/\/insid.gov.cz\/pl\/wp-json\/wp\/v2\/media?parent=936"}],"curies":[{"name":"wp","href":"https:\/\/api.w.org\/{rel}","templated":true}]}}