{"id":890,"date":"2025-02-19T11:00:23","date_gmt":"2025-02-19T10:00:23","guid":{"rendered":"https:\/\/insid.gov.cz\/sample-page\/"},"modified":"2026-04-27T18:42:32","modified_gmt":"2026-04-27T16:42:32","slug":"sample-page","status":"publish","type":"page","link":"https:\/\/insid.gov.cz\/pl\/","title":{"rendered":"\u00davodn\u00ed str\u00e1nka"},"content":{"rendered":"\n<div class=\"wp-block-group alignwide is-layout-flow wp-block-group-is-layout-flow\">\n<div class=\"wp-block-cover is-light has-custom-content-position is-position-center-left has-base-color has-text-color has-link-color wp-elements-267325274fb9d5e036b4f6675bd7f04d\" style=\"border-radius:2rem;padding-right:var(--wp--preset--spacing--70);padding-left:var(--wp--preset--spacing--70);min-height:360px;aspect-ratio:unset;\"><video class=\"wp-block-cover__video-background intrinsic-ignore\" autoplay muted loop playsinline src=\"https:\/\/insid.gov.cz\/wp-content\/uploads\/2026\/04\/uvodni-banner-maly.mp4\" data-object-fit=\"cover\"><\/video><span aria-hidden=\"true\" class=\"wp-block-cover__background has-background-dim-0 has-background-dim\" style=\"background-color:#FFF\"><\/span><div class=\"wp-block-cover__inner-container is-layout-constrained wp-container-core-cover-is-layout-c8ee93ac wp-block-cover-is-layout-constrained\">\n<div class=\"wp-block-group is-layout-constrained wp-container-core-group-is-layout-22f68b7e wp-block-group-is-layout-constrained\">\n<h1 class=\"wp-block-heading has-text-align-left has-headline-xl-font-size\">Inspekce silni\u010dn\u00ed dopravy<\/h1>\n\n\n\n<p class=\"has-text-align-left has-body-l-font-size\">Dev\u011bt m\u011bs\u00edc\u016f INSID: 16 tis\u00edc kontrol v ter\u00e9nu<\/p>\n\n\n\n<div class=\"wp-block-buttons is-layout-flex wp-block-buttons-is-layout-flex\">\n<div class=\"wp-block-button is-style-fill\"><a class=\"wp-block-button__link has-accent-1-color has-white-background-color has-text-color has-background has-link-color has-body-l-font-size has-custom-font-size wp-element-button\" href=\"https:\/\/insid.gov.cz\/?p=4602\">Zjistit v\u00edce<\/a><\/div>\n<\/div>\n<\/div>\n<\/div><\/div>\n<\/div>\n\n\n\n<div class=\"wp-block-group is-layout-flow wp-block-group-is-layout-flow\" style=\"padding-top:var(--wp--preset--spacing--40);padding-bottom:var(--wp--preset--spacing--40)\">\n<div class=\"wp-block-columns is-layout-flex wp-container-core-columns-is-layout-14cf5ab5 wp-block-columns-is-layout-flex\">\n<div class=\"wp-block-column is-layout-flow wp-block-column-is-layout-flow\" style=\"flex-basis:60%\">\n<h2 class=\"wp-block-heading\">Co je INSID?<\/h2>\n\n\n\n<p class=\"has-body-l-font-size\">Inspekce silni\u010dn\u00ed dopravy (INSID) je organiza\u010dn\u00ed slo\u017eka st\u00e1tu, kter\u00e1 zah\u00e1jila \u010dinnost 1.&nbsp;\u010dervence 2025 jako n\u00e1stupce Centra slu\u017eeb pro silni\u010dn\u00ed dopravu. Jej\u00edm hlavn\u00edm c\u00edlem je zv\u00fd\u0161en\u00ed bezpe\u010dnosti na \u010desk\u00fdch silnic\u00edch a&nbsp;d\u00e1lnic\u00edch prost\u0159ednictv\u00edm d\u016fsledn\u011bj\u0161\u00edch a samostatn\u00fdch kontrol n\u00e1kladn\u00ed dopravy. INSID m\u00e1 pravomoc zastavovat vozidla, prov\u00e1d\u011bt technick\u00e9 kontroly, kontrolovat dodr\u017eov\u00e1n\u00ed p\u0159est\u00e1vek \u0159idi\u010d\u016f a odhalovat manipulace s&nbsp;tachografy. K dispozici jsou mobiln\u00ed expertn\u00ed jednotky vybaven\u00e9 modern\u00ed technikou, v\u010detn\u011b za\u0159\u00edzen\u00ed pro d\u00e1lkov\u00e9 \u010dten\u00ed dat z tachograf\u016f, a k nim brzy p\u0159ibude i&nbsp;mobiln\u00ed STK. Inspekto\u0159i jsou jasn\u011b ozna\u010deni a jsou schopni prov\u00e1d\u011bt kontroly bez asistence policie \u010di celn\u00ed spr\u00e1vy.<\/p>\n\n\n\n<div class=\"wp-block-buttons is-layout-flex wp-block-buttons-is-layout-flex\">\n<div class=\"wp-block-button is-style-outline is-style-outline--1\"><a class=\"wp-block-button__link wp-element-button\" href=\"https:\/\/insid.gov.cz\/pl\/o-uradu\/\">V\u00edce o \u00fa\u0159adu<\/a><\/div>\n<\/div>\n<\/div>\n\n\n\n<div class=\"wp-block-column is-vertically-aligned-center is-layout-flow wp-block-column-is-layout-flow\" style=\"flex-basis:40%\">\n<figure class=\"wp-block-image size-large\"><img decoding=\"async\" width=\"1024\" height=\"602\" data-src=\"https:\/\/insid.gov.cz\/wp-content\/uploads\/2025\/05\/INSID-logo-cely-nazev-barva-1024x602.png\" alt=\"\" class=\"wp-image-1045 lazyload\" data-srcset=\"https:\/\/insid.gov.cz\/wp-content\/uploads\/2025\/05\/INSID-logo-cely-nazev-barva-1024x602.png 1024w, https:\/\/insid.gov.cz\/wp-content\/uploads\/2025\/05\/INSID-logo-cely-nazev-barva-300x176.png 300w, https:\/\/insid.gov.cz\/wp-content\/uploads\/2025\/05\/INSID-logo-cely-nazev-barva-768x451.png 768w, https:\/\/insid.gov.cz\/wp-content\/uploads\/2025\/05\/INSID-logo-cely-nazev-barva-1536x903.png 1536w, https:\/\/insid.gov.cz\/wp-content\/uploads\/2025\/05\/INSID-logo-cely-nazev-barva-2048x1204.png 2048w\" data-sizes=\"(max-width: 1024px) 100vw, 1024px\" src=\"data:image\/svg+xml;base64,PHN2ZyB3aWR0aD0iMSIgaGVpZ2h0PSIxIiB4bWxucz0iaHR0cDovL3d3dy53My5vcmcvMjAwMC9zdmciPjwvc3ZnPg==\" style=\"--smush-placeholder-width: 1024px; --smush-placeholder-aspect-ratio: 1024\/602;\" \/><\/figure>\n<\/div>\n<\/div>\n<\/div>\n\n\n\n<div class=\"wp-block-group is-layout-flow wp-block-group-is-layout-flow\" style=\"padding-top:var(--wp--preset--spacing--40);padding-bottom:var(--wp--preset--spacing--40)\">\n<div class=\"wp-block-group is-content-justification-space-between is-nowrap is-layout-flex wp-container-core-group-is-layout-cb46ffcb wp-block-group-is-layout-flex\">\n<h2 class=\"wp-block-heading\">Aktuality<\/h2>\n\n\n\n<p class=\"has-body-s-font-size\" style=\"font-style:normal;font-weight:700\"><a href=\"https:\/\/insid.gov.cz\/pl\/dla-mediow\/\" data-type=\"page\" data-id=\"16\">Zobrazit v\u0161e<\/a><\/p>\n<\/div>\n\n\n\n<main class=\"wp-block-query alignwide is-layout-constrained wp-block-query-is-layout-constrained\"><ul class=\"columns-3 alignwide wp-block-post-template is-layout-grid wp-container-core-post-template-is-layout-572542b5 wp-block-post-template-is-layout-grid\"><li class=\"wp-block-post post-1729 post type-post status-publish format-standard hentry category-narizeni-a-vyhlasky-pl category-pro-media-pl\">\n\n<div class=\"wp-block-group grid-tile has-base-background-color has-background is-layout-flow wp-container-core-group-is-layout-470e7e12 wp-block-group-is-layout-flow\" style=\"min-height:100%;padding-top:0;padding-right:0;padding-bottom:0;padding-left:0\">\n\n\n<div class=\"wp-block-group is-layout-constrained wp-container-core-group-is-layout-bfdefecb wp-block-group-is-layout-constrained\" style=\"border-bottom-left-radius:1rem;border-bottom-right-radius:1rem;padding-top:var(--wp--preset--spacing--50);padding-right:var(--wp--preset--spacing--40);padding-bottom:var(--wp--preset--spacing--40);padding-left:var(--wp--preset--spacing--40)\"><h2 class=\"wp-block-post-title has-body-l-font-size\"><a href=\"https:\/\/insid.gov.cz\/pl\/vizualy-vozidel-a-stejnokroju-dle-vyhlasky-c-522-2006-sb-o-statnim-odbornem-dozoru-a-kontrolach-v-silnicni-doprave\/\" target=\"_self\" >Vizu\u00e1ly vozidel a stejnokroj\u016f dle vyhl\u00e1\u0161ky \u010d.\u00a0522\/2006 Sb., o\u00a0st\u00e1tn\u00edm odborn\u00e9m dozoru a kontrol\u00e1ch v silni\u010dn\u00ed doprav\u011b<\/a><\/h2>\n\n\n<div class=\"wp-block-group is-layout-constrained wp-block-group-is-layout-constrained\">\n<div class=\"wp-block-group alignwide post-meta is-layout-flex wp-block-group-is-layout-flex\"><div style=\"font-size:var(--wp--custom--font-sizes--x-small);\" class=\"has-link-color is-style-post-date-icon wp-elements-9a31c36e430aeca98e9b054d76568f3e wp-block-post-date has-text-color has-accent-6-color\"><time datetime=\"2025-06-03T15:14:55+02:00\">2025-06-03<\/time><\/div><\/div>\n<\/div>\n\n\n<div class=\"wp-block-post-excerpt\"><p class=\"wp-block-post-excerpt__excerpt\">St\u00e1tn\u00ed odborn\u00fd dozor a kontrola v silni\u010dn\u00ed doprav\u011b je ned\u00edlnou sou\u010d\u00e1st\u00ed syst\u00e9mu bezpe\u010dnosti a regulace dopravy v \u010cesk\u00e9 republice. Inspekce silni\u010dn\u00ed dopravy pov\u011b\u0159en\u00e1 t\u00edmto dozorem&hellip; <\/p><\/div><\/div>\n<\/div>\n\n<\/li><li class=\"wp-block-post post-1733 post type-post status-publish format-standard hentry category-obce-a-kraje-pl\">\n\n<div class=\"wp-block-group grid-tile has-base-background-color has-background is-layout-flow wp-container-core-group-is-layout-470e7e12 wp-block-group-is-layout-flow\" style=\"min-height:100%;padding-top:0;padding-right:0;padding-bottom:0;padding-left:0\">\n\n\n<div class=\"wp-block-group is-layout-constrained wp-container-core-group-is-layout-bfdefecb wp-block-group-is-layout-constrained\" style=\"border-bottom-left-radius:1rem;border-bottom-right-radius:1rem;padding-top:var(--wp--preset--spacing--50);padding-right:var(--wp--preset--spacing--40);padding-bottom:var(--wp--preset--spacing--40);padding-left:var(--wp--preset--spacing--40)\"><h2 class=\"wp-block-post-title has-body-l-font-size\"><a href=\"https:\/\/insid.gov.cz\/pl\/insid-%e2%81%a0%e2%81%a0%e2%81%a0%e2%81%a0%e2%81%a0%e2%81%a0-odborny-partner-pro-samospravy-pri-reseni-dopravni-zateze\/\" target=\"_self\" >INSID \u2013\u2060\u2060\u2060\u2060\u2060\u2060 Odborn\u00fd partner pro samospr\u00e1vy p\u0159i \u0159e\u0161en\u00ed dopravn\u00ed z\u00e1t\u011b\u017ee<\/a><\/h2>\n\n\n<div class=\"wp-block-group is-layout-constrained wp-block-group-is-layout-constrained\">\n<div class=\"wp-block-group alignwide post-meta is-layout-flex wp-block-group-is-layout-flex\"><div style=\"font-size:var(--wp--custom--font-sizes--x-small);\" class=\"has-link-color is-style-post-date-icon wp-elements-9a31c36e430aeca98e9b054d76568f3e wp-block-post-date has-text-color has-accent-6-color\"><time datetime=\"2025-06-03T11:49:41+02:00\">2025-06-03<\/time><\/div><\/div>\n<\/div>\n\n\n<div class=\"wp-block-post-excerpt\"><p class=\"wp-block-post-excerpt__excerpt\">Inspekce silni\u010dn\u00ed dopravy (INSID) jako spr\u00e1vn\u00ed \u00fa\u0159ad s celost\u00e1tn\u00ed p\u016fsobnost\u00ed z\u0159\u00edzen\u00fd z\u00e1konem \u010d. 111\/1994 Sb., o&nbsp;silni\u010dn\u00ed doprav\u011b, bude od 1. \u010dervence 2025 vykon\u00e1vat agendu st\u00e1tn\u00edho&hellip; <\/p><\/div><\/div>\n<\/div>\n\n<\/li><li class=\"wp-block-post post-1737 post type-post status-publish format-standard hentry\">\n\n<div class=\"wp-block-group grid-tile has-base-background-color has-background is-layout-flow wp-container-core-group-is-layout-470e7e12 wp-block-group-is-layout-flow\" style=\"min-height:100%;padding-top:0;padding-right:0;padding-bottom:0;padding-left:0\">\n\n\n<div class=\"wp-block-group is-layout-constrained wp-container-core-group-is-layout-bfdefecb wp-block-group-is-layout-constrained\" style=\"border-bottom-left-radius:1rem;border-bottom-right-radius:1rem;padding-top:var(--wp--preset--spacing--50);padding-right:var(--wp--preset--spacing--40);padding-bottom:var(--wp--preset--spacing--40);padding-left:var(--wp--preset--spacing--40)\"><h2 class=\"wp-block-post-title has-body-l-font-size\"><a href=\"https:\/\/insid.gov.cz\/pl\/technicky-pracovnik-ii-ceska-republika\/\" target=\"_self\" >Technick\u00fd pracovn\u00edk II. &#8211; \u010cesk\u00e1 republika<\/a><\/h2>\n\n\n<div class=\"wp-block-group is-layout-constrained wp-block-group-is-layout-constrained\">\n<div class=\"wp-block-group alignwide post-meta is-layout-flex wp-block-group-is-layout-flex\"><div style=\"font-size:var(--wp--custom--font-sizes--x-small);\" class=\"has-link-color is-style-post-date-icon wp-elements-9a31c36e430aeca98e9b054d76568f3e wp-block-post-date has-text-color has-accent-6-color\"><time datetime=\"2025-06-02T14:17:24+02:00\">2025-06-02<\/time><\/div><\/div>\n<\/div>\n\n\n<div class=\"wp-block-post-excerpt\"><p class=\"wp-block-post-excerpt__excerpt\">Inspekce silni\u010dn\u00ed dopravy \u010cesk\u00e1 republika 29 050 \u2013 42 140 K\u010d Hled\u00e1me Technick\u00e9ho pracovn\u00edka I. pro Centrum slu\u017eeb pro silni\u010dn\u00ed dopravu! Chcete se pod\u00edlet na&hellip; <\/p><\/div><\/div>\n<\/div>\n\n<\/li><\/ul><\/main>\n<\/div>\n","protected":false},"excerpt":{"rendered":"<p>Co je INSID? Inspekce silni\u010dn\u00ed dopravy (INSID) je organiza\u010dn\u00ed slo\u017eka st\u00e1tu, kter\u00e1 zah\u00e1jila \u010dinnost 1.&nbsp;\u010dervence 2025 jako n\u00e1stupce Centra slu\u017eeb pro silni\u010dn\u00ed dopravu. Jej\u00edm hlavn\u00edm c\u00edlem je zv\u00fd\u0161en\u00ed bezpe\u010dnosti na \u010desk\u00fdch silnic\u00edch a&nbsp;d\u00e1lnic\u00edch prost\u0159ednictv\u00edm d\u016fsledn\u011bj\u0161\u00edch a samostatn\u00fdch kontrol n\u00e1kladn\u00ed dopravy. INSID m\u00e1 pravomoc zastavovat vozidla, prov\u00e1d\u011bt technick\u00e9 kontroly, kontrolovat dodr\u017eov\u00e1n\u00ed p\u0159est\u00e1vek \u0159idi\u010d\u016f a odhalovat manipulace [&hellip;]<\/p>\n","protected":false},"author":1,"featured_media":0,"parent":0,"menu_order":0,"comment_status":"closed","ping_status":"open","template":"header-footer-only","meta":{"inline_featured_image":false,"footnotes":""},"class_list":["post-890","page","type-page","status-publish","hentry"],"yoast_head":"<!-- This site is optimized with the Yoast SEO plugin v27.5 - https:\/\/yoast.com\/product\/yoast-seo-wordpress\/ -->\n<title>\u00davodn\u00ed str\u00e1nka - Inspekce silni\u010dn\u00ed dopravy<\/title>\n<meta name=\"robots\" content=\"index, follow, max-snippet:-1, max-image-preview:large, max-video-preview:-1\" \/>\n<link rel=\"canonical\" href=\"https:\/\/insid.gov.cz\/pl\/\" \/>\n<meta property=\"og:locale\" content=\"pl_PL\" \/>\n<meta property=\"og:type\" content=\"article\" \/>\n<meta property=\"og:title\" content=\"\u00davodn\u00ed str\u00e1nka - Inspekce silni\u010dn\u00ed dopravy\" \/>\n<meta property=\"og:description\" content=\"Co je INSID? Inspekce silni\u010dn\u00ed dopravy (INSID) je organiza\u010dn\u00ed slo\u017eka st\u00e1tu, kter\u00e1 zah\u00e1jila \u010dinnost 1.&nbsp;\u010dervence 2025 jako n\u00e1stupce Centra slu\u017eeb pro silni\u010dn\u00ed dopravu. Jej\u00edm hlavn\u00edm c\u00edlem je zv\u00fd\u0161en\u00ed bezpe\u010dnosti na \u010desk\u00fdch silnic\u00edch a&nbsp;d\u00e1lnic\u00edch prost\u0159ednictv\u00edm d\u016fsledn\u011bj\u0161\u00edch a samostatn\u00fdch kontrol n\u00e1kladn\u00ed dopravy. INSID m\u00e1 pravomoc zastavovat vozidla, prov\u00e1d\u011bt technick\u00e9 kontroly, kontrolovat dodr\u017eov\u00e1n\u00ed p\u0159est\u00e1vek \u0159idi\u010d\u016f a odhalovat manipulace [&hellip;]\" \/>\n<meta property=\"og:url\" content=\"https:\/\/insid.gov.cz\/pl\/\" \/>\n<meta property=\"og:site_name\" content=\"Inspekce silni\u010dn\u00ed dopravy\" \/>\n<meta property=\"article:publisher\" content=\"https:\/\/www.facebook.com\/people\/INSID-Inspekce-silnin-dopravy\/61577005171287\/\" \/>\n<meta property=\"article:modified_time\" content=\"2026-04-27T16:42:32+00:00\" \/>\n<meta property=\"og:image\" content=\"https:\/\/insid.gov.cz\/wp-content\/uploads\/2025\/05\/INSID-logo-cely-nazev-barva-scaled.png\" \/>\n\t<meta property=\"og:image:width\" content=\"2560\" \/>\n\t<meta property=\"og:image:height\" content=\"1504\" \/>\n\t<meta property=\"og:image:type\" content=\"image\/png\" \/>\n<meta name=\"twitter:card\" content=\"summary_large_image\" \/>\n<script type=\"application\/ld+json\" class=\"yoast-schema-graph\">{\"@context\":\"https:\\\/\\\/schema.org\",\"@graph\":[{\"@type\":\"WebPage\",\"@id\":\"https:\\\/\\\/insid.gov.cz\\\/pl\\\/\",\"url\":\"https:\\\/\\\/insid.gov.cz\\\/pl\\\/\",\"name\":\"\u00davodn\u00ed str\u00e1nka - Inspekce silni\u010dn\u00ed dopravy\",\"isPartOf\":{\"@id\":\"https:\\\/\\\/insid.gov.cz\\\/#website\"},\"primaryImageOfPage\":{\"@id\":\"https:\\\/\\\/insid.gov.cz\\\/pl\\\/#primaryimage\"},\"image\":{\"@id\":\"https:\\\/\\\/insid.gov.cz\\\/pl\\\/#primaryimage\"},\"thumbnailUrl\":\"https:\\\/\\\/insid.gov.cz\\\/wp-content\\\/uploads\\\/2025\\\/05\\\/INSID-logo-cely-nazev-barva-1024x602.png\",\"datePublished\":\"2025-02-19T10:00:23+00:00\",\"dateModified\":\"2026-04-27T16:42:32+00:00\",\"breadcrumb\":{\"@id\":\"https:\\\/\\\/insid.gov.cz\\\/pl\\\/#breadcrumb\"},\"inLanguage\":\"pl-PL\",\"potentialAction\":[{\"@type\":\"ReadAction\",\"target\":[\"https:\\\/\\\/insid.gov.cz\\\/pl\\\/\"]}]},{\"@type\":\"ImageObject\",\"inLanguage\":\"pl-PL\",\"@id\":\"https:\\\/\\\/insid.gov.cz\\\/pl\\\/#primaryimage\",\"url\":\"https:\\\/\\\/insid.gov.cz\\\/wp-content\\\/uploads\\\/2025\\\/05\\\/INSID-logo-cely-nazev-barva-1024x602.png\",\"contentUrl\":\"https:\\\/\\\/insid.gov.cz\\\/wp-content\\\/uploads\\\/2025\\\/05\\\/INSID-logo-cely-nazev-barva-1024x602.png\"},{\"@type\":\"BreadcrumbList\",\"@id\":\"https:\\\/\\\/insid.gov.cz\\\/pl\\\/#breadcrumb\",\"itemListElement\":[{\"@type\":\"ListItem\",\"position\":1,\"name\":\"Dom\u016f\",\"item\":\"https:\\\/\\\/insid.gov.cz\\\/pl\\\/\"},{\"@type\":\"ListItem\",\"position\":2,\"name\":\"\u00davodn\u00ed str\u00e1nka\"}]},{\"@type\":\"WebSite\",\"@id\":\"https:\\\/\\\/insid.gov.cz\\\/#website\",\"url\":\"https:\\\/\\\/insid.gov.cz\\\/\",\"name\":\"INSID\",\"description\":\"\",\"publisher\":{\"@id\":\"https:\\\/\\\/insid.gov.cz\\\/#organization\"},\"potentialAction\":[{\"@type\":\"SearchAction\",\"target\":{\"@type\":\"EntryPoint\",\"urlTemplate\":\"https:\\\/\\\/insid.gov.cz\\\/?s={search_term_string}\"},\"query-input\":{\"@type\":\"PropertyValueSpecification\",\"valueRequired\":true,\"valueName\":\"search_term_string\"}}],\"inLanguage\":\"pl-PL\"},{\"@type\":\"Organization\",\"@id\":\"https:\\\/\\\/insid.gov.cz\\\/#organization\",\"name\":\"Inspekce silni\u010dn\u00ed dopravy\",\"url\":\"https:\\\/\\\/insid.gov.cz\\\/\",\"logo\":{\"@type\":\"ImageObject\",\"inLanguage\":\"pl-PL\",\"@id\":\"https:\\\/\\\/insid.gov.cz\\\/#\\\/schema\\\/logo\\\/image\\\/\",\"url\":\"https:\\\/\\\/insid.gov.cz\\\/wp-content\\\/uploads\\\/2025\\\/05\\\/INSID-LOGO-barevna-verze-scaled.png\",\"contentUrl\":\"https:\\\/\\\/insid.gov.cz\\\/wp-content\\\/uploads\\\/2025\\\/05\\\/INSID-LOGO-barevna-verze-scaled.png\",\"width\":2560,\"height\":1027,\"caption\":\"Inspekce silni\u010dn\u00ed dopravy\"},\"image\":{\"@id\":\"https:\\\/\\\/insid.gov.cz\\\/#\\\/schema\\\/logo\\\/image\\\/\"},\"sameAs\":[\"https:\\\/\\\/www.facebook.com\\\/people\\\/INSID-Inspekce-silnin-dopravy\\\/61577005171287\\\/\"]}]}<\/script>\n<!-- \/ Yoast SEO plugin. -->","yoast_head_json":{"title":"\u00davodn\u00ed str\u00e1nka - Inspekce silni\u010dn\u00ed dopravy","robots":{"index":"index","follow":"follow","max-snippet":"max-snippet:-1","max-image-preview":"max-image-preview:large","max-video-preview":"max-video-preview:-1"},"canonical":"https:\/\/insid.gov.cz\/pl\/","og_locale":"pl_PL","og_type":"article","og_title":"\u00davodn\u00ed str\u00e1nka - Inspekce silni\u010dn\u00ed dopravy","og_description":"Co je INSID? Inspekce silni\u010dn\u00ed dopravy (INSID) je organiza\u010dn\u00ed slo\u017eka st\u00e1tu, kter\u00e1 zah\u00e1jila \u010dinnost 1.&nbsp;\u010dervence 2025 jako n\u00e1stupce Centra slu\u017eeb pro silni\u010dn\u00ed dopravu. Jej\u00edm hlavn\u00edm c\u00edlem je zv\u00fd\u0161en\u00ed bezpe\u010dnosti na \u010desk\u00fdch silnic\u00edch a&nbsp;d\u00e1lnic\u00edch prost\u0159ednictv\u00edm d\u016fsledn\u011bj\u0161\u00edch a samostatn\u00fdch kontrol n\u00e1kladn\u00ed dopravy. INSID m\u00e1 pravomoc zastavovat vozidla, prov\u00e1d\u011bt technick\u00e9 kontroly, kontrolovat dodr\u017eov\u00e1n\u00ed p\u0159est\u00e1vek \u0159idi\u010d\u016f a odhalovat manipulace [&hellip;]","og_url":"https:\/\/insid.gov.cz\/pl\/","og_site_name":"Inspekce silni\u010dn\u00ed dopravy","article_publisher":"https:\/\/www.facebook.com\/people\/INSID-Inspekce-silnin-dopravy\/61577005171287\/","article_modified_time":"2026-04-27T16:42:32+00:00","og_image":[{"width":2560,"height":1504,"url":"https:\/\/insid.gov.cz\/wp-content\/uploads\/2025\/05\/INSID-logo-cely-nazev-barva-scaled.png","type":"image\/png"}],"twitter_card":"summary_large_image","schema":{"@context":"https:\/\/schema.org","@graph":[{"@type":"WebPage","@id":"https:\/\/insid.gov.cz\/pl\/","url":"https:\/\/insid.gov.cz\/pl\/","name":"\u00davodn\u00ed str\u00e1nka - Inspekce silni\u010dn\u00ed dopravy","isPartOf":{"@id":"https:\/\/insid.gov.cz\/#website"},"primaryImageOfPage":{"@id":"https:\/\/insid.gov.cz\/pl\/#primaryimage"},"image":{"@id":"https:\/\/insid.gov.cz\/pl\/#primaryimage"},"thumbnailUrl":"https:\/\/insid.gov.cz\/wp-content\/uploads\/2025\/05\/INSID-logo-cely-nazev-barva-1024x602.png","datePublished":"2025-02-19T10:00:23+00:00","dateModified":"2026-04-27T16:42:32+00:00","breadcrumb":{"@id":"https:\/\/insid.gov.cz\/pl\/#breadcrumb"},"inLanguage":"pl-PL","potentialAction":[{"@type":"ReadAction","target":["https:\/\/insid.gov.cz\/pl\/"]}]},{"@type":"ImageObject","inLanguage":"pl-PL","@id":"https:\/\/insid.gov.cz\/pl\/#primaryimage","url":"https:\/\/insid.gov.cz\/wp-content\/uploads\/2025\/05\/INSID-logo-cely-nazev-barva-1024x602.png","contentUrl":"https:\/\/insid.gov.cz\/wp-content\/uploads\/2025\/05\/INSID-logo-cely-nazev-barva-1024x602.png"},{"@type":"BreadcrumbList","@id":"https:\/\/insid.gov.cz\/pl\/#breadcrumb","itemListElement":[{"@type":"ListItem","position":1,"name":"Dom\u016f","item":"https:\/\/insid.gov.cz\/pl\/"},{"@type":"ListItem","position":2,"name":"\u00davodn\u00ed str\u00e1nka"}]},{"@type":"WebSite","@id":"https:\/\/insid.gov.cz\/#website","url":"https:\/\/insid.gov.cz\/","name":"INSID","description":"","publisher":{"@id":"https:\/\/insid.gov.cz\/#organization"},"potentialAction":[{"@type":"SearchAction","target":{"@type":"EntryPoint","urlTemplate":"https:\/\/insid.gov.cz\/?s={search_term_string}"},"query-input":{"@type":"PropertyValueSpecification","valueRequired":true,"valueName":"search_term_string"}}],"inLanguage":"pl-PL"},{"@type":"Organization","@id":"https:\/\/insid.gov.cz\/#organization","name":"Inspekce silni\u010dn\u00ed dopravy","url":"https:\/\/insid.gov.cz\/","logo":{"@type":"ImageObject","inLanguage":"pl-PL","@id":"https:\/\/insid.gov.cz\/#\/schema\/logo\/image\/","url":"https:\/\/insid.gov.cz\/wp-content\/uploads\/2025\/05\/INSID-LOGO-barevna-verze-scaled.png","contentUrl":"https:\/\/insid.gov.cz\/wp-content\/uploads\/2025\/05\/INSID-LOGO-barevna-verze-scaled.png","width":2560,"height":1027,"caption":"Inspekce silni\u010dn\u00ed dopravy"},"image":{"@id":"https:\/\/insid.gov.cz\/#\/schema\/logo\/image\/"},"sameAs":["https:\/\/www.facebook.com\/people\/INSID-Inspekce-silnin-dopravy\/61577005171287\/"]}]}},"jetpack_sharing_enabled":true,"_links":{"self":[{"href":"https:\/\/insid.gov.cz\/pl\/wp-json\/wp\/v2\/pages\/890","targetHints":{"allow":["GET"]}}],"collection":[{"href":"https:\/\/insid.gov.cz\/pl\/wp-json\/wp\/v2\/pages"}],"about":[{"href":"https:\/\/insid.gov.cz\/pl\/wp-json\/wp\/v2\/types\/page"}],"author":[{"embeddable":true,"href":"https:\/\/insid.gov.cz\/pl\/wp-json\/wp\/v2\/users\/1"}],"replies":[{"embeddable":true,"href":"https:\/\/insid.gov.cz\/pl\/wp-json\/wp\/v2\/comments?post=890"}],"version-history":[{"count":23,"href":"https:\/\/insid.gov.cz\/pl\/wp-json\/wp\/v2\/pages\/890\/revisions"}],"predecessor-version":[{"id":4668,"href":"https:\/\/insid.gov.cz\/pl\/wp-json\/wp\/v2\/pages\/890\/revisions\/4668"}],"wp:attachment":[{"href":"https:\/\/insid.gov.cz\/pl\/wp-json\/wp\/v2\/media?parent=890"}],"curies":[{"name":"wp","href":"https:\/\/api.w.org\/{rel}","templated":true}]}}