{"id":538,"date":"2025-02-19T11:00:23","date_gmt":"2025-02-19T10:00:23","guid":{"rendered":"https:\/\/insid.gov.cz\/homepage\/"},"modified":"2025-06-09T10:23:50","modified_gmt":"2025-06-09T08:23:50","slug":"homepage","status":"publish","type":"page","link":"https:\/\/insid.gov.cz\/en\/","title":{"rendered":"Homepage"},"content":{"rendered":"\n<div class=\"wp-block-group alignwide is-layout-flow wp-block-group-is-layout-flow\">\n<div class=\"wp-block-cover has-custom-content-position is-position-center-left has-base-color has-text-color has-link-color wp-elements-c1711ebccb35aa10c09924a0cb909012\" style=\"border-radius:2rem;padding-right:var(--wp--preset--spacing--70);padding-left:var(--wp--preset--spacing--70);min-height:360px;aspect-ratio:unset;\"><img decoding=\"async\" class=\"wp-block-cover__image-background wp-image-1646 size-large lazyload\" alt=\"\" data-src=\"https:\/\/insid.gov.cz\/wp-content\/uploads\/2025\/06\/insid-web-pozadi_07-2-1024x309.png\" data-object-fit=\"cover\" src=\"data:image\/svg+xml;base64,PHN2ZyB3aWR0aD0iMSIgaGVpZ2h0PSIxIiB4bWxucz0iaHR0cDovL3d3dy53My5vcmcvMjAwMC9zdmciPjwvc3ZnPg==\" style=\"--smush-placeholder-width: 1024px; --smush-placeholder-aspect-ratio: 1024\/309;\" \/><span aria-hidden=\"true\" class=\"wp-block-cover__background has-background-dim-0 has-background-dim\" style=\"background-color:#616366\"><\/span><div class=\"wp-block-cover__inner-container is-layout-constrained wp-container-core-cover-is-layout-c8ee93ac wp-block-cover-is-layout-constrained\">\n<div class=\"wp-block-group is-layout-constrained wp-container-core-group-is-layout-22f68b7e wp-block-group-is-layout-constrained\">\n<h1 class=\"wp-block-heading has-text-align-left has-headline-xl-font-size\">Road Transport Inspection<\/h1>\n\n\n\n<p class=\"has-text-align-left has-body-l-font-size\">Starting from 01.07.2025<\/p>\n\n\n\n<div class=\"wp-block-buttons is-layout-flex wp-block-buttons-is-layout-flex\">\n<div class=\"wp-block-button is-style-fill\"><a class=\"wp-block-button__link has-contrast-color has-accent-2-background-color has-text-color has-background has-link-color has-body-l-font-size has-custom-font-size wp-element-button\" href=\"https:\/\/insid.gov.cz\/en\/o-uradu\/\">Find out more<\/a><\/div>\n<\/div>\n<\/div>\n<\/div><\/div>\n<\/div>\n\n<div class=\"wp-block-group is-layout-flow wp-block-group-is-layout-flow\" style=\"padding-top:var(--wp--preset--spacing--40);padding-bottom:var(--wp--preset--spacing--40)\">\n<div class=\"wp-block-columns is-layout-flex wp-container-core-columns-is-layout-14cf5ab5 wp-block-columns-is-layout-flex\">\n<div class=\"wp-block-column is-layout-flow wp-block-column-is-layout-flow\" style=\"flex-basis:60%\">\n<h2 class=\"wp-block-heading\">What is the Road Transport Inspection?<\/h2>\n\n\n\n<p class=\"has-body-l-font-size\">The Road Transport Inspection is an organizational unit of the State, which started operations on 1 July 2025 as the successor of the Road Transport Service Centre. Its main objective is to improve safety on Czech roads and motorways through more consistent and independent inspections of freight transport. INSID will have the power to stop vehicles, carry out technical inspections, check drivers&#8217; compliance with breaks and detect manipulation of tachographs. There will be mobile expert units equipped with modern technology, including equipment for remote reading of tachograph data, and a mobile STK. Inspectors will be clearly marked and able to carry out inspections without assistance from the police or customs.     <\/p>\n\n\n\n<div class=\"wp-block-buttons is-layout-flex wp-block-buttons-is-layout-flex\">\n<div class=\"wp-block-button is-style-outline is-style-outline--1\"><a class=\"wp-block-button__link wp-element-button\" href=\"https:\/\/insid.gov.cz\/en\/o-uradu\/\">More about the office<\/a><\/div>\n<\/div>\n<\/div>\n\n\n\n<div class=\"wp-block-column is-vertically-aligned-center is-layout-flow wp-block-column-is-layout-flow\" style=\"flex-basis:40%\">\n<figure class=\"wp-block-image size-large\"><img decoding=\"async\" width=\"1024\" height=\"602\" data-src=\"https:\/\/insid.gov.cz\/wp-content\/uploads\/2025\/05\/INSID-logo-cely-nazev-barva-1024x602.png\" alt=\"\" class=\"wp-image-1045 lazyload\" data-srcset=\"https:\/\/insid.gov.cz\/wp-content\/uploads\/2025\/05\/INSID-logo-cely-nazev-barva-1024x602.png 1024w, https:\/\/insid.gov.cz\/wp-content\/uploads\/2025\/05\/INSID-logo-cely-nazev-barva-300x176.png 300w, https:\/\/insid.gov.cz\/wp-content\/uploads\/2025\/05\/INSID-logo-cely-nazev-barva-768x451.png 768w, https:\/\/insid.gov.cz\/wp-content\/uploads\/2025\/05\/INSID-logo-cely-nazev-barva-1536x903.png 1536w, https:\/\/insid.gov.cz\/wp-content\/uploads\/2025\/05\/INSID-logo-cely-nazev-barva-2048x1204.png 2048w\" data-sizes=\"(max-width: 1024px) 100vw, 1024px\" src=\"data:image\/svg+xml;base64,PHN2ZyB3aWR0aD0iMSIgaGVpZ2h0PSIxIiB4bWxucz0iaHR0cDovL3d3dy53My5vcmcvMjAwMC9zdmciPjwvc3ZnPg==\" style=\"--smush-placeholder-width: 1024px; --smush-placeholder-aspect-ratio: 1024\/602;\" \/><\/figure>\n<\/div>\n<\/div>\n<\/div>\n\n<div class=\"wp-block-group is-layout-flow wp-block-group-is-layout-flow\" style=\"padding-top:var(--wp--preset--spacing--40);padding-bottom:var(--wp--preset--spacing--40)\">\n<div class=\"wp-block-group is-content-justification-space-between is-nowrap is-layout-flex wp-container-core-group-is-layout-cb46ffcb wp-block-group-is-layout-flex\">\n<h2 class=\"wp-block-heading\">News<\/h2>\n\n\n\n<p class=\"has-body-s-font-size\" style=\"font-style:normal;font-weight:700\"><a href=\"https:\/\/insid.gov.cz\/en\/pro-media\/\" data-type=\"page\" data-id=\"16\">View all<\/a><\/p>\n<\/div>\n\n\n\n<main class=\"wp-block-query alignwide is-layout-constrained wp-block-query-is-layout-constrained\"><ul class=\"columns-3 alignwide wp-block-post-template is-layout-grid wp-container-core-post-template-is-layout-572542b5 wp-block-post-template-is-layout-grid\"><li class=\"wp-block-post post-1726 post type-post status-publish format-standard hentry category-pro-media-en category-narizeni-a-vyhlasky-en\">\n\n<div class=\"wp-block-group grid-tile has-base-background-color has-background is-layout-flow wp-container-core-group-is-layout-470e7e12 wp-block-group-is-layout-flow\" style=\"min-height:100%;padding-top:0;padding-right:0;padding-bottom:0;padding-left:0\">\n\n\n<div class=\"wp-block-group is-layout-constrained wp-container-core-group-is-layout-bfdefecb wp-block-group-is-layout-constrained\" style=\"border-bottom-left-radius:1rem;border-bottom-right-radius:1rem;padding-top:var(--wp--preset--spacing--50);padding-right:var(--wp--preset--spacing--40);padding-bottom:var(--wp--preset--spacing--40);padding-left:var(--wp--preset--spacing--40)\"><h2 class=\"wp-block-post-title has-body-l-font-size\"><a href=\"https:\/\/insid.gov.cz\/en\/vizualy-vozidel-a-stejnokroju-dle-vyhlasky-c-522-2006-sb-o-statnim-odbornem-dozoru-a-kontrolach-v-silnicni-doprave\/\" target=\"_self\" >Vizu\u00e1ly vozidel a stejnokroj\u016f dle vyhl\u00e1\u0161ky \u010d.\u00a0522\/2006 Sb., o\u00a0st\u00e1tn\u00edm odborn\u00e9m dozoru a kontrol\u00e1ch v silni\u010dn\u00ed doprav\u011b<\/a><\/h2>\n\n\n<div class=\"wp-block-group is-layout-constrained wp-block-group-is-layout-constrained\">\n<div class=\"wp-block-group alignwide post-meta is-layout-flex wp-block-group-is-layout-flex\"><div style=\"font-size:var(--wp--custom--font-sizes--x-small);\" class=\"has-link-color is-style-post-date-icon wp-elements-40accd23ca144db3416763d1908ecb86 wp-block-post-date has-text-color has-accent-6-color\"><time datetime=\"2025-06-03T15:14:55+02:00\">3. 6. 2025<\/time><\/div><\/div>\n<\/div>\n\n\n<div class=\"wp-block-post-excerpt\"><p class=\"wp-block-post-excerpt__excerpt\">St\u00e1tn\u00ed odborn\u00fd dozor a kontrola v silni\u010dn\u00ed doprav\u011b je ned\u00edlnou sou\u010d\u00e1st\u00ed syst\u00e9mu bezpe\u010dnosti a regulace dopravy v \u010cesk\u00e9 republice. Inspekce silni\u010dn\u00ed dopravy pov\u011b\u0159en\u00e1 t\u00edmto dozorem&hellip; <\/p><\/div><\/div>\n<\/div>\n\n<\/li><li class=\"wp-block-post post-1731 post type-post status-publish format-standard hentry category-obce-a-kraje-en\">\n\n<div class=\"wp-block-group grid-tile has-base-background-color has-background is-layout-flow wp-container-core-group-is-layout-470e7e12 wp-block-group-is-layout-flow\" style=\"min-height:100%;padding-top:0;padding-right:0;padding-bottom:0;padding-left:0\">\n\n\n<div class=\"wp-block-group is-layout-constrained wp-container-core-group-is-layout-bfdefecb wp-block-group-is-layout-constrained\" style=\"border-bottom-left-radius:1rem;border-bottom-right-radius:1rem;padding-top:var(--wp--preset--spacing--50);padding-right:var(--wp--preset--spacing--40);padding-bottom:var(--wp--preset--spacing--40);padding-left:var(--wp--preset--spacing--40)\"><h2 class=\"wp-block-post-title has-body-l-font-size\"><a href=\"https:\/\/insid.gov.cz\/en\/insid-%e2%81%a0%e2%81%a0%e2%81%a0%e2%81%a0%e2%81%a0%e2%81%a0-odborny-partner-pro-samospravy-pri-reseni-dopravni-zateze\/\" target=\"_self\" >INSID \u2013\u2060\u2060\u2060\u2060\u2060\u2060 Odborn\u00fd partner pro samospr\u00e1vy p\u0159i \u0159e\u0161en\u00ed dopravn\u00ed z\u00e1t\u011b\u017ee<\/a><\/h2>\n\n\n<div class=\"wp-block-group is-layout-constrained wp-block-group-is-layout-constrained\">\n<div class=\"wp-block-group alignwide post-meta is-layout-flex wp-block-group-is-layout-flex\"><div style=\"font-size:var(--wp--custom--font-sizes--x-small);\" class=\"has-link-color is-style-post-date-icon wp-elements-40accd23ca144db3416763d1908ecb86 wp-block-post-date has-text-color has-accent-6-color\"><time datetime=\"2025-06-03T11:49:41+02:00\">3. 6. 2025<\/time><\/div><\/div>\n<\/div>\n\n\n<div class=\"wp-block-post-excerpt\"><p class=\"wp-block-post-excerpt__excerpt\">Inspekce silni\u010dn\u00ed dopravy (INSID) jako spr\u00e1vn\u00ed \u00fa\u0159ad s celost\u00e1tn\u00ed p\u016fsobnost\u00ed z\u0159\u00edzen\u00fd z\u00e1konem \u010d. 111\/1994 Sb., o&nbsp;silni\u010dn\u00ed doprav\u011b, bude od 1. \u010dervence 2025 vykon\u00e1vat agendu st\u00e1tn\u00edho&hellip; <\/p><\/div><\/div>\n<\/div>\n\n<\/li><li class=\"wp-block-post post-1735 post type-post status-publish format-standard hentry\">\n\n<div class=\"wp-block-group grid-tile has-base-background-color has-background is-layout-flow wp-container-core-group-is-layout-470e7e12 wp-block-group-is-layout-flow\" style=\"min-height:100%;padding-top:0;padding-right:0;padding-bottom:0;padding-left:0\">\n\n\n<div class=\"wp-block-group is-layout-constrained wp-container-core-group-is-layout-bfdefecb wp-block-group-is-layout-constrained\" style=\"border-bottom-left-radius:1rem;border-bottom-right-radius:1rem;padding-top:var(--wp--preset--spacing--50);padding-right:var(--wp--preset--spacing--40);padding-bottom:var(--wp--preset--spacing--40);padding-left:var(--wp--preset--spacing--40)\"><h2 class=\"wp-block-post-title has-body-l-font-size\"><a href=\"https:\/\/insid.gov.cz\/en\/technicky-pracovnik-ii-ceska-republika\/\" target=\"_self\" >Technick\u00fd pracovn\u00edk II. &#8211; \u010cesk\u00e1 republika<\/a><\/h2>\n\n\n<div class=\"wp-block-group is-layout-constrained wp-block-group-is-layout-constrained\">\n<div class=\"wp-block-group alignwide post-meta is-layout-flex wp-block-group-is-layout-flex\"><div style=\"font-size:var(--wp--custom--font-sizes--x-small);\" class=\"has-link-color is-style-post-date-icon wp-elements-40accd23ca144db3416763d1908ecb86 wp-block-post-date has-text-color has-accent-6-color\"><time datetime=\"2025-06-02T14:17:24+02:00\">2. 6. 2025<\/time><\/div><\/div>\n<\/div>\n\n\n<div class=\"wp-block-post-excerpt\"><p class=\"wp-block-post-excerpt__excerpt\">Inspekce silni\u010dn\u00ed dopravy \u010cesk\u00e1 republika 29 050 \u2013 42 140 K\u010d Hled\u00e1me Technick\u00e9ho pracovn\u00edka I. pro Centrum slu\u017eeb pro silni\u010dn\u00ed dopravu! Chcete se pod\u00edlet na&hellip; <\/p><\/div><\/div>\n<\/div>\n\n<\/li><\/ul><\/main>\n<\/div>\n","protected":false},"excerpt":{"rendered":"<p>What is the Road Transport Inspection? The Road Transport Inspection is an organizational unit of the State, which started operations on 1 July 2025 as the successor of the Road Transport Service Centre. Its main objective is to improve safety on Czech roads and motorways through more consistent and independent inspections of freight transport. INSID [&hellip;]<\/p>\n","protected":false},"author":1,"featured_media":0,"parent":0,"menu_order":0,"comment_status":"closed","ping_status":"open","template":"header-footer-only","meta":{"inline_featured_image":false,"footnotes":""},"class_list":["post-538","page","type-page","status-publish","hentry"],"yoast_head":"<!-- This site is optimized with the Yoast SEO plugin v27.5 - https:\/\/yoast.com\/product\/yoast-seo-wordpress\/ -->\n<title>Homepage - Inspekce silni\u010dn\u00ed dopravy<\/title>\n<meta name=\"robots\" content=\"index, follow, max-snippet:-1, max-image-preview:large, max-video-preview:-1\" \/>\n<link rel=\"canonical\" href=\"https:\/\/insid.gov.cz\/en\/homepage\/\" \/>\n<meta property=\"og:locale\" content=\"en_US\" \/>\n<meta property=\"og:type\" content=\"article\" \/>\n<meta property=\"og:title\" content=\"Homepage - Inspekce silni\u010dn\u00ed dopravy\" \/>\n<meta property=\"og:description\" content=\"What is the Road Transport Inspection? The Road Transport Inspection is an organizational unit of the State, which started operations on 1 July 2025 as the successor of the Road Transport Service Centre. Its main objective is to improve safety on Czech roads and motorways through more consistent and independent inspections of freight transport. INSID [&hellip;]\" \/>\n<meta property=\"og:url\" content=\"https:\/\/insid.gov.cz\/en\/homepage\/\" \/>\n<meta property=\"og:site_name\" content=\"Inspekce silni\u010dn\u00ed dopravy\" \/>\n<meta property=\"article:publisher\" content=\"https:\/\/www.facebook.com\/people\/INSID-Inspekce-silnin-dopravy\/61577005171287\/\" \/>\n<meta property=\"article:modified_time\" content=\"2025-06-09T08:23:50+00:00\" \/>\n<meta name=\"twitter:card\" content=\"summary_large_image\" \/>\n<script type=\"application\/ld+json\" class=\"yoast-schema-graph\">{\"@context\":\"https:\\\/\\\/schema.org\",\"@graph\":[{\"@type\":\"WebPage\",\"@id\":\"https:\\\/\\\/insid.gov.cz\\\/en\\\/homepage\\\/\",\"url\":\"https:\\\/\\\/insid.gov.cz\\\/en\\\/homepage\\\/\",\"name\":\"Homepage - Inspekce silni\u010dn\u00ed dopravy\",\"isPartOf\":{\"@id\":\"https:\\\/\\\/insid.gov.cz\\\/#website\"},\"primaryImageOfPage\":{\"@id\":\"https:\\\/\\\/insid.gov.cz\\\/en\\\/homepage\\\/#primaryimage\"},\"image\":{\"@id\":\"https:\\\/\\\/insid.gov.cz\\\/en\\\/homepage\\\/#primaryimage\"},\"thumbnailUrl\":\"https:\\\/\\\/insid.gov.cz\\\/wp-content\\\/uploads\\\/2025\\\/06\\\/insid-web-pozadi_07-2-1024x309.png\",\"datePublished\":\"2025-02-19T10:00:23+00:00\",\"dateModified\":\"2025-06-09T08:23:50+00:00\",\"breadcrumb\":{\"@id\":\"https:\\\/\\\/insid.gov.cz\\\/en\\\/homepage\\\/#breadcrumb\"},\"inLanguage\":\"en-US\",\"potentialAction\":[{\"@type\":\"ReadAction\",\"target\":[\"https:\\\/\\\/insid.gov.cz\\\/en\\\/homepage\\\/\"]}]},{\"@type\":\"ImageObject\",\"inLanguage\":\"en-US\",\"@id\":\"https:\\\/\\\/insid.gov.cz\\\/en\\\/homepage\\\/#primaryimage\",\"url\":\"https:\\\/\\\/insid.gov.cz\\\/wp-content\\\/uploads\\\/2025\\\/06\\\/insid-web-pozadi_07-2-1024x309.png\",\"contentUrl\":\"https:\\\/\\\/insid.gov.cz\\\/wp-content\\\/uploads\\\/2025\\\/06\\\/insid-web-pozadi_07-2-1024x309.png\"},{\"@type\":\"BreadcrumbList\",\"@id\":\"https:\\\/\\\/insid.gov.cz\\\/en\\\/homepage\\\/#breadcrumb\",\"itemListElement\":[{\"@type\":\"ListItem\",\"position\":1,\"name\":\"Dom\u016f\",\"item\":\"https:\\\/\\\/insid.gov.cz\\\/en\\\/homepage\\\/\"},{\"@type\":\"ListItem\",\"position\":2,\"name\":\"Homepage\"}]},{\"@type\":\"WebSite\",\"@id\":\"https:\\\/\\\/insid.gov.cz\\\/#website\",\"url\":\"https:\\\/\\\/insid.gov.cz\\\/\",\"name\":\"INSID\",\"description\":\"\",\"publisher\":{\"@id\":\"https:\\\/\\\/insid.gov.cz\\\/#organization\"},\"potentialAction\":[{\"@type\":\"SearchAction\",\"target\":{\"@type\":\"EntryPoint\",\"urlTemplate\":\"https:\\\/\\\/insid.gov.cz\\\/?s={search_term_string}\"},\"query-input\":{\"@type\":\"PropertyValueSpecification\",\"valueRequired\":true,\"valueName\":\"search_term_string\"}}],\"inLanguage\":\"en-US\"},{\"@type\":\"Organization\",\"@id\":\"https:\\\/\\\/insid.gov.cz\\\/#organization\",\"name\":\"Inspekce silni\u010dn\u00ed dopravy\",\"url\":\"https:\\\/\\\/insid.gov.cz\\\/\",\"logo\":{\"@type\":\"ImageObject\",\"inLanguage\":\"en-US\",\"@id\":\"https:\\\/\\\/insid.gov.cz\\\/#\\\/schema\\\/logo\\\/image\\\/\",\"url\":\"https:\\\/\\\/insid.gov.cz\\\/wp-content\\\/uploads\\\/2025\\\/05\\\/INSID-LOGO-barevna-verze-scaled.png\",\"contentUrl\":\"https:\\\/\\\/insid.gov.cz\\\/wp-content\\\/uploads\\\/2025\\\/05\\\/INSID-LOGO-barevna-verze-scaled.png\",\"width\":2560,\"height\":1027,\"caption\":\"Inspekce silni\u010dn\u00ed dopravy\"},\"image\":{\"@id\":\"https:\\\/\\\/insid.gov.cz\\\/#\\\/schema\\\/logo\\\/image\\\/\"},\"sameAs\":[\"https:\\\/\\\/www.facebook.com\\\/people\\\/INSID-Inspekce-silnin-dopravy\\\/61577005171287\\\/\"]}]}<\/script>\n<!-- \/ Yoast SEO plugin. -->","yoast_head_json":{"title":"Homepage - Inspekce silni\u010dn\u00ed dopravy","robots":{"index":"index","follow":"follow","max-snippet":"max-snippet:-1","max-image-preview":"max-image-preview:large","max-video-preview":"max-video-preview:-1"},"canonical":"https:\/\/insid.gov.cz\/en\/homepage\/","og_locale":"en_US","og_type":"article","og_title":"Homepage - Inspekce silni\u010dn\u00ed dopravy","og_description":"What is the Road Transport Inspection? The Road Transport Inspection is an organizational unit of the State, which started operations on 1 July 2025 as the successor of the Road Transport Service Centre. Its main objective is to improve safety on Czech roads and motorways through more consistent and independent inspections of freight transport. INSID [&hellip;]","og_url":"https:\/\/insid.gov.cz\/en\/homepage\/","og_site_name":"Inspekce silni\u010dn\u00ed dopravy","article_publisher":"https:\/\/www.facebook.com\/people\/INSID-Inspekce-silnin-dopravy\/61577005171287\/","article_modified_time":"2025-06-09T08:23:50+00:00","twitter_card":"summary_large_image","schema":{"@context":"https:\/\/schema.org","@graph":[{"@type":"WebPage","@id":"https:\/\/insid.gov.cz\/en\/homepage\/","url":"https:\/\/insid.gov.cz\/en\/homepage\/","name":"Homepage - Inspekce silni\u010dn\u00ed dopravy","isPartOf":{"@id":"https:\/\/insid.gov.cz\/#website"},"primaryImageOfPage":{"@id":"https:\/\/insid.gov.cz\/en\/homepage\/#primaryimage"},"image":{"@id":"https:\/\/insid.gov.cz\/en\/homepage\/#primaryimage"},"thumbnailUrl":"https:\/\/insid.gov.cz\/wp-content\/uploads\/2025\/06\/insid-web-pozadi_07-2-1024x309.png","datePublished":"2025-02-19T10:00:23+00:00","dateModified":"2025-06-09T08:23:50+00:00","breadcrumb":{"@id":"https:\/\/insid.gov.cz\/en\/homepage\/#breadcrumb"},"inLanguage":"en-US","potentialAction":[{"@type":"ReadAction","target":["https:\/\/insid.gov.cz\/en\/homepage\/"]}]},{"@type":"ImageObject","inLanguage":"en-US","@id":"https:\/\/insid.gov.cz\/en\/homepage\/#primaryimage","url":"https:\/\/insid.gov.cz\/wp-content\/uploads\/2025\/06\/insid-web-pozadi_07-2-1024x309.png","contentUrl":"https:\/\/insid.gov.cz\/wp-content\/uploads\/2025\/06\/insid-web-pozadi_07-2-1024x309.png"},{"@type":"BreadcrumbList","@id":"https:\/\/insid.gov.cz\/en\/homepage\/#breadcrumb","itemListElement":[{"@type":"ListItem","position":1,"name":"Dom\u016f","item":"https:\/\/insid.gov.cz\/en\/homepage\/"},{"@type":"ListItem","position":2,"name":"Homepage"}]},{"@type":"WebSite","@id":"https:\/\/insid.gov.cz\/#website","url":"https:\/\/insid.gov.cz\/","name":"INSID","description":"","publisher":{"@id":"https:\/\/insid.gov.cz\/#organization"},"potentialAction":[{"@type":"SearchAction","target":{"@type":"EntryPoint","urlTemplate":"https:\/\/insid.gov.cz\/?s={search_term_string}"},"query-input":{"@type":"PropertyValueSpecification","valueRequired":true,"valueName":"search_term_string"}}],"inLanguage":"en-US"},{"@type":"Organization","@id":"https:\/\/insid.gov.cz\/#organization","name":"Inspekce silni\u010dn\u00ed dopravy","url":"https:\/\/insid.gov.cz\/","logo":{"@type":"ImageObject","inLanguage":"en-US","@id":"https:\/\/insid.gov.cz\/#\/schema\/logo\/image\/","url":"https:\/\/insid.gov.cz\/wp-content\/uploads\/2025\/05\/INSID-LOGO-barevna-verze-scaled.png","contentUrl":"https:\/\/insid.gov.cz\/wp-content\/uploads\/2025\/05\/INSID-LOGO-barevna-verze-scaled.png","width":2560,"height":1027,"caption":"Inspekce silni\u010dn\u00ed dopravy"},"image":{"@id":"https:\/\/insid.gov.cz\/#\/schema\/logo\/image\/"},"sameAs":["https:\/\/www.facebook.com\/people\/INSID-Inspekce-silnin-dopravy\/61577005171287\/"]}]}},"jetpack_sharing_enabled":true,"_links":{"self":[{"href":"https:\/\/insid.gov.cz\/en\/wp-json\/wp\/v2\/pages\/538","targetHints":{"allow":["GET"]}}],"collection":[{"href":"https:\/\/insid.gov.cz\/en\/wp-json\/wp\/v2\/pages"}],"about":[{"href":"https:\/\/insid.gov.cz\/en\/wp-json\/wp\/v2\/types\/page"}],"author":[{"embeddable":true,"href":"https:\/\/insid.gov.cz\/en\/wp-json\/wp\/v2\/users\/1"}],"replies":[{"embeddable":true,"href":"https:\/\/insid.gov.cz\/en\/wp-json\/wp\/v2\/comments?post=538"}],"version-history":[{"count":4,"href":"https:\/\/insid.gov.cz\/en\/wp-json\/wp\/v2\/pages\/538\/revisions"}],"predecessor-version":[{"id":1827,"href":"https:\/\/insid.gov.cz\/en\/wp-json\/wp\/v2\/pages\/538\/revisions\/1827"}],"wp:attachment":[{"href":"https:\/\/insid.gov.cz\/en\/wp-json\/wp\/v2\/media?parent=538"}],"curies":[{"name":"wp","href":"https:\/\/api.w.org\/{rel}","templated":true}]}}