{"id":1778,"date":"2025-02-19T13:01:51","date_gmt":"2025-02-19T12:01:51","guid":{"rendered":"https:\/\/insid.gov.cz\/ochrana-osobnich-udaju\/"},"modified":"2026-03-27T08:48:55","modified_gmt":"2026-03-27T07:48:55","slug":"ochrana-osobnich-udaju","status":"publish","type":"page","link":"https:\/\/insid.gov.cz\/de\/o-uradu\/ochrana-osobnich-udaju\/","title":{"rendered":"Ochrana osobn\u00edch \u00fadaj\u016f"},"content":{"rendered":"\n<h3 class=\"wp-block-heading\" id=\"nadpis0\"><br>Z\u00e1sady pou\u017e\u00edv\u00e1n\u00ed soubor\u016f cookies<\/h3>\n\n\n\n<p>V souladu s ustanoven\u00edm \u00a7\u00a089\u00a0odst.\u00a03\u00a0z\u00e1kona \u010d.\u00a0127\/2005 Sb., o\u00a0elektronick\u00fdch komunikac\u00edch, ve zn\u011bn\u00ed pozd\u011bj\u0161\u00edch p\u0159edpis\u016f, V\u00e1s t\u00edmto informujeme, \u017ee za \u00fa\u010delem zlep\u0161en\u00ed V\u00e1m poskytovan\u00fdch slu\u017eeb vyu\u017e\u00edvaj\u00ed na\u0161e webov\u00e9 str\u00e1nky pro svoji \u010dinnost tzv. cookies.<\/p>\n\n\n\n<h4 class=\"wp-block-heading\">Co jsou cookies?<\/h4>\n\n\n\n<p>Cookies jsou mal\u00e9 datov\u00e9 soubory, kter\u00e9 nav\u0161t\u00edven\u00e1 webov\u00e1 str\u00e1nka ode\u0161le do Va\u0161eho prohl\u00ed\u017ee\u010de, kter\u00fd je ulo\u017e\u00ed ve Va\u0161em po\u010d\u00edta\u010di a\u00a0b\u011b\u017en\u011b slou\u017e\u00ed k\u00a0rozli\u0161ov\u00e1n\u00ed jednotliv\u00fdch u\u017eivatel\u016f. Osoba u\u017eivatele v\u0161ak nen\u00ed na z\u00e1klad\u011b t\u011bchto informac\u00ed identifikovateln\u00e1. Cookies napom\u00e1haj\u00ed pamatovat si Va\u0161e aktivity a\u00a0preference po ur\u010ditou dobu, abyste je nemuseli znovu vkl\u00e1dat, kdy\u017e se na webov\u00e9 str\u00e1nky vrac\u00edte nebo p\u0159ech\u00e1z\u00edte z\u00a0jedn\u00e9 webov\u00e9 str\u00e1nky na jinou str\u00e1nku.<\/p>\n\n\n\n<h4 class=\"wp-block-heading\">K \u010demu cookies pou\u017e\u00edv\u00e1me?<\/h4>\n\n\n\n<p>Cookies pom\u00e1haj\u00ed k\u00a0 jednoduch\u00e9mu prohl\u00ed\u017een\u00ed webov\u00fdch str\u00e1nek. Cookies zejm\u00e9na slou\u017e\u00ed\u00a0k:<\/p>\n\n\n\n<ul class=\"wp-block-list\">\n<li>Zaji\u0161t\u011bn\u00ed spr\u00e1vn\u00e9 funk\u010dnosti na\u0161ich webov\u00fdch str\u00e1nek.<\/li>\n\n\n\n<li>Nastaven\u00ed p\u0159ehr\u00e1v\u00e1n\u00ed vide\u00ed Youtube.<\/li>\n\n\n\n<li>Anal\u00fdze n\u00e1v\u0161t\u011bvnosti a\u00a0chov\u00e1n\u00ed u\u017eivatel\u016f.<\/li>\n<\/ul>\n\n\n\n<h4 class=\"wp-block-heading\">Souhlas s pou\u017e\u00edv\u00e1n\u00edm cookies a jeho odvol\u00e1n\u00ed<\/h4>\n\n\n\n<p>K zaji\u0161t\u011bn\u00ed co nejlep\u0161\u00ed u\u017eivatelsk\u00e9 zku\u0161enosti s\u00a0na\u0161imi webov\u00fdmi str\u00e1nkami vyu\u017e\u00edv\u00e1me tzv. soubory cookie. Kliknut\u00edm na &#8222;P\u0159ijmout v\u0161echny&#8220; souhlas\u00edte s\u00a0t\u00edm, \u017ee\u00a0m\u016f\u017eeme u\u017e\u00edvat v\u0161echny typy cookie. Po kliknut\u00ed na &#8222;Pouze nezbytn\u00e9&#8220; budeme ukl\u00e1dat pouze ty soubory cookie, kter\u00e9 jsou pro fungov\u00e1n\u00ed na\u0161ich webov\u00fdch str\u00e1nek nezbytn\u00e9. Ud\u011blen\u00fd souhlas je mo\u017en\u00e9 odvolat po kliknut\u00ed na odkaz &#8222;Cookie&#8220; v pati\u010dce str\u00e1nky.<\/p>\n\n\n\n<p>V\u00a0p\u0159\u00edpad\u011b jak\u00fdchkoliv dotaz\u016f \u010di p\u0159ipom\u00ednek n\u00e1s m\u016f\u017eete kontaktovat na e-mailov\u00e9 adrese:\u00a0<a href=\"mailto:podatelna@insid.gov.cz\">podatelna@insid.gov.cz<\/a>.<\/p>\n\n\n\n<h3 class=\"wp-block-heading\" id=\"nadpis1\">Informace o\u00a0rozsahu a zp\u016fsobech zpracov\u00e1n\u00ed osobn\u00edch \u00fadaj\u016f zam\u011bstnanc\u016f a\u00a0uchaze\u010d\u016f o\u00a0zam\u011bstn\u00e1n\u00ed<\/h3>\n\n\n\n<h4 class=\"wp-block-heading\">Kter\u00e9 osobn\u00ed \u00fadaje o\u00a0mn\u011b INSID zpracov\u00e1v\u00e1?<\/h4>\n\n\n\n<p><strong>\u00dadaje sd\u011blen\u00e9 v\u00a0r\u00e1mci v\u00fdb\u011brov\u00e9ho \u0159\u00edzen\u00ed<\/strong><\/p>\n\n\n\n<ul class=\"wp-block-list\">\n<li>Identifika\u010dn\u00ed \u00fadaje &#8211; jm\u00e9no, p\u0159\u00edjmen\u00ed, tituly, datum narozen\u00ed, adresa trval\u00e9ho pobytu.<\/li>\n<\/ul>\n\n\n\n<ul class=\"wp-block-list\">\n<li>Kontaktn\u00ed \u00fadaje \u2013 telefonn\u00ed \u010d\u00edslo, e-mailov\u00e1 adresa, koresponden\u010dn\u00ed adresa.<\/li>\n\n\n\n<li>\u017divotopis a\u00a0motiva\u010dn\u00ed dopis \u2013 \u00fadaje o Va\u0161em vzd\u011bl\u00e1n\u00ed, pracovn\u00edch zku\u0161enostech, jin\u00fdch dovednostech a\u00a0d\u016fvod\u016f pro pr\u00e1ci v\u00a0\u00da\u0159adu.<\/li>\n\n\n\n<li>V\u00fdpis z\u00a0rejst\u0159\u00edku trest\u016f.<\/li>\n\n\n\n<li>St\u00e1tn\u00ed p\u0159\u00edslu\u0161nost.<\/li>\n\n\n\n<li>Pracovn\u00ed reference \u2013 p\u0159\u00edpadn\u00e1 hodnocen\u00ed \u010di doporu\u010den\u00ed od p\u0159edchoz\u00edch zam\u011bstnavatel\u016f, v\u010detn\u011b \u00fadaj\u016f vze\u0161l\u00fdch z jejich ov\u011b\u0159en\u00ed.<\/li>\n\n\n\n<li>Dal\u0161\u00ed \u00fadaje z\u00edskan\u00e9 z\u00a0osobn\u00edch \u010di telefonick\u00fdch rozhovor\u016f s\u00a0V\u00e1mi.<\/li>\n\n\n\n<li>\u00dadaje z\u00edskan\u00e9 z\u00a0p\u0159\u00edpadn\u00fdch zkou\u0161ek \u010di test\u016f, kter\u00e9 jste absolvoval\/a v\u00a0r\u00e1mci v\u00fdb\u011brov\u00e9ho \u0159\u00edzen\u00ed.<\/li>\n\n\n\n<li>Informace, kter\u00e9 se dobrovoln\u011b rozhodnete sd\u00edlet s\u00a0\u00da\u0159adem v r\u00e1mci v\u00fdb\u011brov\u00e9ho \u0159\u00edzen\u00ed &#8211; nap\u0159\u00edklad \u00da\u0159ad nevy\u017eaduje od uchaze\u010d\u016f o\u00a0zam\u011bstn\u00e1n\u00ed zasl\u00e1n\u00ed fotografie, n\u011bkte\u0159\u00ed uchaze\u010di v\u0161ak svou fotografii za\u0161lou jako sou\u010d\u00e1st sv\u00e9ho \u017eivotopisu.<\/li>\n<\/ul>\n\n\n\n<p><strong>\u00dadaje zpracov\u00e1van\u00e9 o zam\u011bstnanc\u00edch<\/strong><\/p>\n\n\n\n<p>Krom\u011b v\u00fd\u0161e uveden\u00fdch \u00fadaj\u016f sd\u011blen\u00fdch v r\u00e1mci v\u00fdb\u011brov\u00e9ho \u0159\u00edzen\u00ed se jedn\u00e1 zejm\u00e9na\u00a0o:<\/p>\n\n\n\n<ul class=\"wp-block-list\">\n<li>Identifika\u010dn\u00ed \u00fadaje \u2013 p\u0159\u00edpadn\u00e9 rodn\u00e9 p\u0159\u00edjmen\u00ed, p\u0159edchoz\u00ed p\u0159\u00edjmen\u00ed, m\u00edsto narozen\u00ed, rodinn\u00fd stav.<\/li>\n\n\n\n<li>\u00dadaje t\u00fdkaj\u00edc\u00ed se vzd\u011bl\u00e1n\u00ed \u2013 diplomy, osv\u011bd\u010den\u00ed o\u00a0jazykov\u00e9 zkou\u0161ce apod.<\/li>\n\n\n\n<li>\u00dadaje pot\u0159ebn\u00e9 pro zpracov\u00e1n\u00ed platov\u00e9 agendy a\u00a0povinn\u00fdch odvod\u016f &#8211; rodn\u00e9 \u010d\u00edslo (ID zdravotn\u00edho poji\u0161t\u011bn\u00ed u cizinc\u016f), \u010d\u00edslo bankovn\u00edho \u00fa\u010dtu, k\u00f3d banky a\u00a0n\u00e1zev banky pro zas\u00edl\u00e1n\u00ed platu; jm\u00e9no, p\u0159\u00edjmen\u00ed, titul a\u00a0adresa trval\u00e9ho pobytu Va\u0161eho man\u017eela\/ man\u017eelky\/ registrovan\u00e9ho partnera \u010di registrovan\u00e9 partnerky; jm\u00e9na, p\u0159\u00edjmen\u00ed a\u00a0datum narozen\u00ed Va\u0161ich d\u011bt\u00ed; informace o\u00a0tom, zda uplat\u0148ujete n\u00e1rok na da\u0148ov\u00e9 zv\u00fdhodn\u011bn\u00ed (v\u010detn\u011b kopi\u00ed rodn\u00fdch list\u016f Va\u0161ich d\u011bt\u00ed a\u00a0potvrzen\u00ed druh\u00e9ho z\u00a0man\u017eel\u016f, \u017ee n\u00e1rok na da\u0148ov\u00e9 zv\u00fdhodn\u011bn\u00ed neuplat\u0148uje, u\u00a0zletil\u00fdch d\u011bt\u00ed potvrzen\u00ed o\u00a0studiu); informace o\u00a0tom, zda jste v\u00a0invalidn\u00edm (pokud ano, tak kter\u00e9ho stupn\u011b) \u010di starobn\u00edm d\u016fchodu anebo dr\u017eitelem pr\u016fkazu ZTP\/P v\u010detn\u011b data vznesen\u00ed n\u00e1roku; \u00fadaje o\u00a0platech; \u00fadaje o\u00a0dovolen\u00fdch a\u00a0o\u00a0osobn\u00edm volnu; \u00fadaje o\u00a0cestovn\u00e9m\/v\u00fddaj\u00edch; z\u00e1znamy o\u00a0vyu\u017e\u00edv\u00e1n\u00ed slu\u017eebn\u00edho mobiln\u00edho telefonu, pokud V\u00e1m byl p\u0159id\u011blen; z\u00e1znamy o\u00a0pohybu slu\u017eebn\u00edho vozidla, pokud V\u00e1m bylo p\u0159id\u011bleno.<\/li>\n\n\n\n<li>\u00dadaje o\u00a0doch\u00e1zce.<\/li>\n\n\n\n<li>Informace o\u00a0slu\u017eebn\u00edm hodnocen\u00ed st\u00e1tn\u00edho zam\u011bstnance a\u00a0p\u0159\u00edpadn\u00fdch k\u00e1rn\u00fdch \u0159\u00edzen\u00edch nebo o\u00a0poru\u0161en\u00ed povinnost\u00ed zam\u011bstnanc\u016f vypl\u00fdvaj\u00edc\u00edch z\u00a0pracovn\u011b pr\u00e1vn\u00edch p\u0159edpis\u016f<\/li>\n\n\n\n<li>V\u00fdpis z\u00a0rejst\u0159\u00edku trest\u016f.<\/li>\n\n\n\n<li>\u00dadaje o\u00a0absolvovan\u00fdch \u0161kolen\u00edch.<\/li>\n\n\n\n<li>\u00dadaje o\u00a0\u00fa\u0159ednick\u00e9 zkou\u0161ce.<\/li>\n\n\n\n<li>\u00dadaje shroma\u017e\u010fovan\u00e9 bezpe\u010dnostn\u00edmi syst\u00e9my \u2013 z\u00e1znamy z\u00a0kamerov\u00e9ho syst\u00e9mu.<\/li>\n\n\n\n<li>\u00dadaje monitoruj\u00edc\u00ed pou\u017e\u00edv\u00e1n\u00ed sv\u011b\u0159en\u00e9ho IT vybaven\u00ed.<\/li>\n\n\n\n<li>Dal\u0161\u00ed \u00fadaje, kter\u00e9 se dobrovoln\u011b rozhodnete sd\u00edlet \u2013 nap\u0159. Va\u0161e koment\u00e1\u0159e k ud\u00e1lostem zve\u0159ej\u0148ovan\u00fdm v\u00a0prost\u0159ed\u00ed Intranetu.<\/li>\n\n\n\n<li>Fotografie \u2013 v\u00a0p\u0159\u00edpad\u011b, \u017ee n\u00e1m k\u00a0jejich po\u0159\u00edzen\u00ed a\u00a0zpracov\u00e1n\u00ed k\u00a0extern\u00edmu vyu\u017eit\u00ed d\u00e1te souhlas.<\/li>\n\n\n\n<li>V\u00fdsledky povinn\u00fdch pracovn\u011b l\u00e9ka\u0159sk\u00fdch prohl\u00eddek.<\/li>\n<\/ul>\n\n\n\n<p><strong>Kter\u00e9 pr\u00e1vn\u00ed d\u016fvody pro zpracov\u00e1n\u00ed osobn\u00edch \u00fadaj\u016f \u00da\u0159ad pou\u017e\u00edv\u00e1?<\/strong><\/p>\n\n\n\n<p>Vzhledem k\u00a0postaven\u00ed INSID jako zam\u011bstnavatele a\u00a0\u00fa\u010del\u016fm, pro kter\u00e9 v\u00a0souvislosti s\u00a0t\u00edm Va\u0161e osobn\u00ed \u00fadaje zpracov\u00e1v\u00e1, jsou pr\u00e1vn\u00edmi d\u016fvody pro zpracov\u00e1n\u00ed osobn\u00edch \u00fadaj\u016f p\u0159edev\u0161\u00edm<\/p>\n\n\n\n<ul class=\"wp-block-list\">\n<li>spln\u011bn\u00ed smlouvy uzav\u0159en\u00e9 INSID s\u00a0V\u00e1mi \u010di pro proveden\u00ed opat\u0159en\u00ed p\u0159ed uzav\u0159en\u00edm t\u00e9to smlouvy na z\u00e1klad\u011b Va\u0161\u00ed \u017e\u00e1dosti,<\/li>\n\n\n\n<li>spln\u011bn\u00ed pr\u00e1vn\u00ed povinnosti INSID,<\/li>\n\n\n\n<li>opr\u00e1vn\u011bn\u00fd z\u00e1jem INSID,<\/li>\n\n\n\n<li>p\u0159\u00edpadn\u011b V\u00e1\u0161 souhlas.<\/li>\n<\/ul>\n\n\n\n<p>Ke zpracov\u00e1n\u00ed osobn\u00edch \u00fadaj\u016f je pot\u0159eba V\u00e1\u0161 souhlas pouze v p\u0159\u00edpad\u011b, \u017ee INSID nem\u00e1 pro zpracov\u00e1n\u00ed jin\u00fd pr\u00e1vn\u00ed d\u016fvod.<\/p>\n\n\n\n<p><\/p>\n","protected":false},"excerpt":{"rendered":"<p>Z\u00e1sady pou\u017e\u00edv\u00e1n\u00ed soubor\u016f cookies V souladu s ustanoven\u00edm \u00a7\u00a089\u00a0odst.\u00a03\u00a0z\u00e1kona \u010d.\u00a0127\/2005 Sb., o\u00a0elektronick\u00fdch komunikac\u00edch, ve zn\u011bn\u00ed pozd\u011bj\u0161\u00edch p\u0159edpis\u016f, V\u00e1s t\u00edmto informujeme, \u017ee za \u00fa\u010delem zlep\u0161en\u00ed V\u00e1m poskytovan\u00fdch slu\u017eeb vyu\u017e\u00edvaj\u00ed na\u0161e webov\u00e9 str\u00e1nky pro svoji \u010dinnost tzv. cookies. Co jsou cookies? Cookies jsou mal\u00e9 datov\u00e9 soubory, kter\u00e9 nav\u0161t\u00edven\u00e1 webov\u00e1 str\u00e1nka ode\u0161le do Va\u0161eho prohl\u00ed\u017ee\u010de, kter\u00fd je ulo\u017e\u00ed [&hellip;]<\/p>\n","protected":false},"author":1,"featured_media":0,"parent":1792,"menu_order":0,"comment_status":"closed","ping_status":"closed","template":"","meta":{"inline_featured_image":false,"footnotes":""},"class_list":["post-1778","page","type-page","status-publish","hentry"],"yoast_head":"<!-- This site is optimized with the Yoast SEO plugin v27.5 - https:\/\/yoast.com\/product\/yoast-seo-wordpress\/ -->\n<title>Ochrana osobn\u00edch \u00fadaj\u016f - Inspekce silni\u010dn\u00ed dopravy<\/title>\n<meta name=\"robots\" content=\"index, follow, max-snippet:-1, max-image-preview:large, max-video-preview:-1\" \/>\n<link rel=\"canonical\" href=\"https:\/\/insid.gov.cz\/de\/o-uradu\/ochrana-osobnich-udaju\/\" \/>\n<meta property=\"og:locale\" content=\"de_DE\" \/>\n<meta property=\"og:type\" content=\"article\" \/>\n<meta property=\"og:title\" content=\"Ochrana osobn\u00edch \u00fadaj\u016f - Inspekce silni\u010dn\u00ed dopravy\" \/>\n<meta property=\"og:description\" content=\"Z\u00e1sady pou\u017e\u00edv\u00e1n\u00ed soubor\u016f cookies V souladu s ustanoven\u00edm \u00a7\u00a089\u00a0odst.\u00a03\u00a0z\u00e1kona \u010d.\u00a0127\/2005 Sb., o\u00a0elektronick\u00fdch komunikac\u00edch, ve zn\u011bn\u00ed pozd\u011bj\u0161\u00edch p\u0159edpis\u016f, V\u00e1s t\u00edmto informujeme, \u017ee za \u00fa\u010delem zlep\u0161en\u00ed V\u00e1m poskytovan\u00fdch slu\u017eeb vyu\u017e\u00edvaj\u00ed na\u0161e webov\u00e9 str\u00e1nky pro svoji \u010dinnost tzv. cookies. Co jsou cookies? Cookies jsou mal\u00e9 datov\u00e9 soubory, kter\u00e9 nav\u0161t\u00edven\u00e1 webov\u00e1 str\u00e1nka ode\u0161le do Va\u0161eho prohl\u00ed\u017ee\u010de, kter\u00fd je ulo\u017e\u00ed [&hellip;]\" \/>\n<meta property=\"og:url\" content=\"https:\/\/insid.gov.cz\/de\/o-uradu\/ochrana-osobnich-udaju\/\" \/>\n<meta property=\"og:site_name\" content=\"Inspekce silni\u010dn\u00ed dopravy\" \/>\n<meta property=\"article:publisher\" content=\"https:\/\/www.facebook.com\/people\/INSID-Inspekce-silnin-dopravy\/61577005171287\/\" \/>\n<meta property=\"article:modified_time\" content=\"2026-03-27T07:48:55+00:00\" \/>\n<meta name=\"twitter:card\" content=\"summary_large_image\" \/>\n<script type=\"application\/ld+json\" class=\"yoast-schema-graph\">{\"@context\":\"https:\\\/\\\/schema.org\",\"@graph\":[{\"@type\":\"WebPage\",\"@id\":\"https:\\\/\\\/insid.gov.cz\\\/de\\\/o-uradu\\\/ochrana-osobnich-udaju\\\/\",\"url\":\"https:\\\/\\\/insid.gov.cz\\\/de\\\/o-uradu\\\/ochrana-osobnich-udaju\\\/\",\"name\":\"Ochrana osobn\u00edch \u00fadaj\u016f - Inspekce silni\u010dn\u00ed dopravy\",\"isPartOf\":{\"@id\":\"https:\\\/\\\/insid.gov.cz\\\/#website\"},\"datePublished\":\"2025-02-19T12:01:51+00:00\",\"dateModified\":\"2026-03-27T07:48:55+00:00\",\"breadcrumb\":{\"@id\":\"https:\\\/\\\/insid.gov.cz\\\/de\\\/o-uradu\\\/ochrana-osobnich-udaju\\\/#breadcrumb\"},\"inLanguage\":\"de\",\"potentialAction\":[{\"@type\":\"ReadAction\",\"target\":[\"https:\\\/\\\/insid.gov.cz\\\/de\\\/o-uradu\\\/ochrana-osobnich-udaju\\\/\"]}]},{\"@type\":\"BreadcrumbList\",\"@id\":\"https:\\\/\\\/insid.gov.cz\\\/de\\\/o-uradu\\\/ochrana-osobnich-udaju\\\/#breadcrumb\",\"itemListElement\":[{\"@type\":\"ListItem\",\"position\":1,\"name\":\"Dom\u016f\",\"item\":\"https:\\\/\\\/insid.gov.cz\\\/de\\\/\"},{\"@type\":\"ListItem\",\"position\":2,\"name\":\"\u00dcber uns\",\"item\":\"https:\\\/\\\/insid.gov.cz\\\/de\\\/o-uradu\\\/\"},{\"@type\":\"ListItem\",\"position\":3,\"name\":\"Ochrana osobn\u00edch \u00fadaj\u016f\"}]},{\"@type\":\"WebSite\",\"@id\":\"https:\\\/\\\/insid.gov.cz\\\/#website\",\"url\":\"https:\\\/\\\/insid.gov.cz\\\/\",\"name\":\"INSID\",\"description\":\"\",\"publisher\":{\"@id\":\"https:\\\/\\\/insid.gov.cz\\\/#organization\"},\"potentialAction\":[{\"@type\":\"SearchAction\",\"target\":{\"@type\":\"EntryPoint\",\"urlTemplate\":\"https:\\\/\\\/insid.gov.cz\\\/?s={search_term_string}\"},\"query-input\":{\"@type\":\"PropertyValueSpecification\",\"valueRequired\":true,\"valueName\":\"search_term_string\"}}],\"inLanguage\":\"de\"},{\"@type\":\"Organization\",\"@id\":\"https:\\\/\\\/insid.gov.cz\\\/#organization\",\"name\":\"Inspekce silni\u010dn\u00ed dopravy\",\"url\":\"https:\\\/\\\/insid.gov.cz\\\/\",\"logo\":{\"@type\":\"ImageObject\",\"inLanguage\":\"de\",\"@id\":\"https:\\\/\\\/insid.gov.cz\\\/#\\\/schema\\\/logo\\\/image\\\/\",\"url\":\"https:\\\/\\\/insid.gov.cz\\\/wp-content\\\/uploads\\\/2025\\\/05\\\/INSID-LOGO-barevna-verze-scaled.png\",\"contentUrl\":\"https:\\\/\\\/insid.gov.cz\\\/wp-content\\\/uploads\\\/2025\\\/05\\\/INSID-LOGO-barevna-verze-scaled.png\",\"width\":2560,\"height\":1027,\"caption\":\"Inspekce silni\u010dn\u00ed dopravy\"},\"image\":{\"@id\":\"https:\\\/\\\/insid.gov.cz\\\/#\\\/schema\\\/logo\\\/image\\\/\"},\"sameAs\":[\"https:\\\/\\\/www.facebook.com\\\/people\\\/INSID-Inspekce-silnin-dopravy\\\/61577005171287\\\/\"]}]}<\/script>\n<!-- \/ Yoast SEO plugin. -->","yoast_head_json":{"title":"Ochrana osobn\u00edch \u00fadaj\u016f - Inspekce silni\u010dn\u00ed dopravy","robots":{"index":"index","follow":"follow","max-snippet":"max-snippet:-1","max-image-preview":"max-image-preview:large","max-video-preview":"max-video-preview:-1"},"canonical":"https:\/\/insid.gov.cz\/de\/o-uradu\/ochrana-osobnich-udaju\/","og_locale":"de_DE","og_type":"article","og_title":"Ochrana osobn\u00edch \u00fadaj\u016f - Inspekce silni\u010dn\u00ed dopravy","og_description":"Z\u00e1sady pou\u017e\u00edv\u00e1n\u00ed soubor\u016f cookies V souladu s ustanoven\u00edm \u00a7\u00a089\u00a0odst.\u00a03\u00a0z\u00e1kona \u010d.\u00a0127\/2005 Sb., o\u00a0elektronick\u00fdch komunikac\u00edch, ve zn\u011bn\u00ed pozd\u011bj\u0161\u00edch p\u0159edpis\u016f, V\u00e1s t\u00edmto informujeme, \u017ee za \u00fa\u010delem zlep\u0161en\u00ed V\u00e1m poskytovan\u00fdch slu\u017eeb vyu\u017e\u00edvaj\u00ed na\u0161e webov\u00e9 str\u00e1nky pro svoji \u010dinnost tzv. cookies. Co jsou cookies? Cookies jsou mal\u00e9 datov\u00e9 soubory, kter\u00e9 nav\u0161t\u00edven\u00e1 webov\u00e1 str\u00e1nka ode\u0161le do Va\u0161eho prohl\u00ed\u017ee\u010de, kter\u00fd je ulo\u017e\u00ed [&hellip;]","og_url":"https:\/\/insid.gov.cz\/de\/o-uradu\/ochrana-osobnich-udaju\/","og_site_name":"Inspekce silni\u010dn\u00ed dopravy","article_publisher":"https:\/\/www.facebook.com\/people\/INSID-Inspekce-silnin-dopravy\/61577005171287\/","article_modified_time":"2026-03-27T07:48:55+00:00","twitter_card":"summary_large_image","schema":{"@context":"https:\/\/schema.org","@graph":[{"@type":"WebPage","@id":"https:\/\/insid.gov.cz\/de\/o-uradu\/ochrana-osobnich-udaju\/","url":"https:\/\/insid.gov.cz\/de\/o-uradu\/ochrana-osobnich-udaju\/","name":"Ochrana osobn\u00edch \u00fadaj\u016f - Inspekce silni\u010dn\u00ed dopravy","isPartOf":{"@id":"https:\/\/insid.gov.cz\/#website"},"datePublished":"2025-02-19T12:01:51+00:00","dateModified":"2026-03-27T07:48:55+00:00","breadcrumb":{"@id":"https:\/\/insid.gov.cz\/de\/o-uradu\/ochrana-osobnich-udaju\/#breadcrumb"},"inLanguage":"de","potentialAction":[{"@type":"ReadAction","target":["https:\/\/insid.gov.cz\/de\/o-uradu\/ochrana-osobnich-udaju\/"]}]},{"@type":"BreadcrumbList","@id":"https:\/\/insid.gov.cz\/de\/o-uradu\/ochrana-osobnich-udaju\/#breadcrumb","itemListElement":[{"@type":"ListItem","position":1,"name":"Dom\u016f","item":"https:\/\/insid.gov.cz\/de\/"},{"@type":"ListItem","position":2,"name":"\u00dcber uns","item":"https:\/\/insid.gov.cz\/de\/o-uradu\/"},{"@type":"ListItem","position":3,"name":"Ochrana osobn\u00edch \u00fadaj\u016f"}]},{"@type":"WebSite","@id":"https:\/\/insid.gov.cz\/#website","url":"https:\/\/insid.gov.cz\/","name":"INSID","description":"","publisher":{"@id":"https:\/\/insid.gov.cz\/#organization"},"potentialAction":[{"@type":"SearchAction","target":{"@type":"EntryPoint","urlTemplate":"https:\/\/insid.gov.cz\/?s={search_term_string}"},"query-input":{"@type":"PropertyValueSpecification","valueRequired":true,"valueName":"search_term_string"}}],"inLanguage":"de"},{"@type":"Organization","@id":"https:\/\/insid.gov.cz\/#organization","name":"Inspekce silni\u010dn\u00ed dopravy","url":"https:\/\/insid.gov.cz\/","logo":{"@type":"ImageObject","inLanguage":"de","@id":"https:\/\/insid.gov.cz\/#\/schema\/logo\/image\/","url":"https:\/\/insid.gov.cz\/wp-content\/uploads\/2025\/05\/INSID-LOGO-barevna-verze-scaled.png","contentUrl":"https:\/\/insid.gov.cz\/wp-content\/uploads\/2025\/05\/INSID-LOGO-barevna-verze-scaled.png","width":2560,"height":1027,"caption":"Inspekce silni\u010dn\u00ed dopravy"},"image":{"@id":"https:\/\/insid.gov.cz\/#\/schema\/logo\/image\/"},"sameAs":["https:\/\/www.facebook.com\/people\/INSID-Inspekce-silnin-dopravy\/61577005171287\/"]}]}},"jetpack_sharing_enabled":true,"_links":{"self":[{"href":"https:\/\/insid.gov.cz\/de\/wp-json\/wp\/v2\/pages\/1778","targetHints":{"allow":["GET"]}}],"collection":[{"href":"https:\/\/insid.gov.cz\/de\/wp-json\/wp\/v2\/pages"}],"about":[{"href":"https:\/\/insid.gov.cz\/de\/wp-json\/wp\/v2\/types\/page"}],"author":[{"embeddable":true,"href":"https:\/\/insid.gov.cz\/de\/wp-json\/wp\/v2\/users\/1"}],"replies":[{"embeddable":true,"href":"https:\/\/insid.gov.cz\/de\/wp-json\/wp\/v2\/comments?post=1778"}],"version-history":[{"count":1,"href":"https:\/\/insid.gov.cz\/de\/wp-json\/wp\/v2\/pages\/1778\/revisions"}],"predecessor-version":[{"id":4274,"href":"https:\/\/insid.gov.cz\/de\/wp-json\/wp\/v2\/pages\/1778\/revisions\/4274"}],"up":[{"embeddable":true,"href":"https:\/\/insid.gov.cz\/de\/wp-json\/wp\/v2\/pages\/1792"}],"wp:attachment":[{"href":"https:\/\/insid.gov.cz\/de\/wp-json\/wp\/v2\/media?parent=1778"}],"curies":[{"name":"wp","href":"https:\/\/api.w.org\/{rel}","templated":true}]}}