{"id":1777,"date":"2025-02-19T13:02:08","date_gmt":"2025-02-19T12:02:08","guid":{"rendered":"https:\/\/insid.gov.cz\/stiznosti\/"},"modified":"2026-03-27T08:55:39","modified_gmt":"2026-03-27T07:55:39","slug":"stiznosti","status":"publish","type":"page","link":"https:\/\/insid.gov.cz\/de\/o-uradu\/stiznosti\/","title":{"rendered":"St\u00ed\u017enosti"},"content":{"rendered":"\n<div class=\"wp-block-group is-content-justification-left is-layout-constrained wp-container-core-group-is-layout-12dd3699 wp-block-group-is-layout-constrained\">\n<h2 class=\"wp-block-heading\"><br>Oznamov\u00e1n\u00ed mo\u017en\u00e9ho protipr\u00e1vn\u00edho jedn\u00e1n\u00ed<\/h2>\n\n\n\n<p>K\u00a0napln\u011bn\u00ed povinnost\u00ed Inspekce silni\u010dn\u00ed dopravy (d\u00e1le jen INSID) vypl\u00fdvaj\u00edc\u00edch ze z\u00e1kona \u010d.\u00a0171\/2023, o\u00a0ochran\u011b oznamovatel\u016f je z\u0159\u00edzen vnit\u0159n\u00ed oznamovac\u00ed syst\u00e9m pro pod\u00e1v\u00e1n\u00ed\u00a0a\u00a0posuzov\u00e1n\u00ed ozn\u00e1men\u00ed fyzick\u00fdch osob obsahuj\u00edc\u00ed informace o\u00a0mo\u017en\u00e9m protipr\u00e1vn\u00edm jedn\u00e1n\u00ed, kter\u00e9 m\u00e1 znaky trestn\u00e9ho \u010dinu nebo p\u0159estupku nebo poru\u0161uje pr\u00e1vn\u00ed p\u0159edpis Evropsk\u00e9 unie, o\u00a0jeho\u017e sp\u00e1ch\u00e1n\u00ed se oznamovatel dozv\u011bd\u011bl v\u00a0souvislosti s\u00a0prac\u00ed nebo jinou \u010dinnost\u00ed pro INSID.<\/p>\n\n\n\n<p>INSID ur\u010dil p\u0159\u00edslu\u0161nou osobu, kter\u00e1 je odpov\u011bdn\u00e1 za p\u0159\u00edjem a dal\u0161\u00ed\u00a0\u0159e\u0161en\u00ed ozn\u00e1men\u00ed podle z\u00e1kona. P\u0159\u00edslu\u0161nou osobou INSID je Mgr.\u00a0et\u00a0Mgr. Veronika Zichov\u00e1,\u00a0MA. Kontaktn\u00ed \u00fadaje p\u0159\u00edslu\u0161n\u00e9 osoby jsou: <a href=\"mailto:podatelna@insid.gov.cz\" target=\"_blank\" rel=\"noreferrer noopener\"><strong>podatelna@insid.gov.cz<\/strong><\/a>.<\/p>\n\n\n\n<p>P\u00edsemn\u00e1 ozn\u00e1men\u00ed lze podat na v\u00fd\u0161e uvedenou e-mailovou adresu. V\u00a0listinn\u00e9 podob\u011b lze ozn\u00e1men\u00ed poslat prost\u0159ednictv\u00edm provozovatele po\u0161tovn\u00edch slu\u017eeb na adresu n\u00e1b\u0159e\u017e\u00ed\u00a0Ludv\u00edka\u00a0Svobody 1222\/12, Nov\u00e9 M\u011bsto, 110\u00a000\u00a0Praha\u00a01. Na ob\u00e1lce mus\u00ed b\u00fdt uvedeno \u201eNEOTEV\u00cdRAT\u00a0\u2013\u00a0OZN\u00c1MEN\u00cd WB\u201c.<\/p>\n\n\n\n<p>\u00dastn\u00ed ozn\u00e1men\u00ed se pod\u00e1vaj\u00ed na uveden\u00e9m tel. \u010d\u00edsle p\u0159\u00edpadn\u011b osobn\u011b po p\u0159edchoz\u00ed dohod\u011b term\u00ednu s\u00a0p\u0159\u00edslu\u0161nou osobou.<\/p>\n\n\n\n<p>INSID nevylu\u010duje p\u0159ij\u00edm\u00e1n\u00ed ozn\u00e1men\u00ed od osoby, kter\u00e1 pro INSID nevykov\u00e1v\u00e1 pr\u00e1ci nebo jinou obdobnou \u010dinnost podle \u00a7\u00a02\u00a0odst. 3\u00a0p\u00edsm.\u00a0a),\u00a0b),\u00a0h) nebo\u00a0i) z\u00e1kona.<\/p>\n\n\n\n<p>Bli\u017e\u0161\u00ed informace o\u00a0ochran\u011b oznamovatel\u016f a\u00a0oznamovac\u00ed syst\u00e9m Ministerstva spravedlnosti jsou k\u00a0dispozici na <a href=\"https:\/\/oznamovatel.justice.cz\/\" target=\"_blank\" rel=\"noreferrer noopener\"><strong>https:\/\/oznamovatel.justice.cz\/<\/strong><\/a>.<\/p>\n<\/div>\n\n\n\n<p><\/p>\n","protected":false},"excerpt":{"rendered":"<p>Oznamov\u00e1n\u00ed mo\u017en\u00e9ho protipr\u00e1vn\u00edho jedn\u00e1n\u00ed K\u00a0napln\u011bn\u00ed povinnost\u00ed Inspekce silni\u010dn\u00ed dopravy (d\u00e1le jen INSID) vypl\u00fdvaj\u00edc\u00edch ze z\u00e1kona \u010d.\u00a0171\/2023, o\u00a0ochran\u011b oznamovatel\u016f je z\u0159\u00edzen vnit\u0159n\u00ed oznamovac\u00ed syst\u00e9m pro pod\u00e1v\u00e1n\u00ed\u00a0a\u00a0posuzov\u00e1n\u00ed ozn\u00e1men\u00ed fyzick\u00fdch osob obsahuj\u00edc\u00ed informace o\u00a0mo\u017en\u00e9m protipr\u00e1vn\u00edm jedn\u00e1n\u00ed, kter\u00e9 m\u00e1 znaky trestn\u00e9ho \u010dinu nebo p\u0159estupku nebo poru\u0161uje pr\u00e1vn\u00ed p\u0159edpis Evropsk\u00e9 unie, o\u00a0jeho\u017e sp\u00e1ch\u00e1n\u00ed se oznamovatel dozv\u011bd\u011bl v\u00a0souvislosti s\u00a0prac\u00ed nebo jinou [&hellip;]<\/p>\n","protected":false},"author":1,"featured_media":0,"parent":1792,"menu_order":0,"comment_status":"closed","ping_status":"closed","template":"","meta":{"inline_featured_image":false,"footnotes":""},"class_list":["post-1777","page","type-page","status-publish","hentry"],"yoast_head":"<!-- This site is optimized with the Yoast SEO plugin v27.4 - https:\/\/yoast.com\/product\/yoast-seo-wordpress\/ -->\n<title>St\u00ed\u017enosti - Inspekce silni\u010dn\u00ed dopravy<\/title>\n<meta name=\"robots\" content=\"index, follow, max-snippet:-1, max-image-preview:large, max-video-preview:-1\" \/>\n<link rel=\"canonical\" href=\"https:\/\/insid.gov.cz\/de\/o-uradu\/stiznosti\/\" \/>\n<meta property=\"og:locale\" content=\"de_DE\" \/>\n<meta property=\"og:type\" content=\"article\" \/>\n<meta property=\"og:title\" content=\"St\u00ed\u017enosti - Inspekce silni\u010dn\u00ed dopravy\" \/>\n<meta property=\"og:description\" content=\"Oznamov\u00e1n\u00ed mo\u017en\u00e9ho protipr\u00e1vn\u00edho jedn\u00e1n\u00ed K\u00a0napln\u011bn\u00ed povinnost\u00ed Inspekce silni\u010dn\u00ed dopravy (d\u00e1le jen INSID) vypl\u00fdvaj\u00edc\u00edch ze z\u00e1kona \u010d.\u00a0171\/2023, o\u00a0ochran\u011b oznamovatel\u016f je z\u0159\u00edzen vnit\u0159n\u00ed oznamovac\u00ed syst\u00e9m pro pod\u00e1v\u00e1n\u00ed\u00a0a\u00a0posuzov\u00e1n\u00ed ozn\u00e1men\u00ed fyzick\u00fdch osob obsahuj\u00edc\u00ed informace o\u00a0mo\u017en\u00e9m protipr\u00e1vn\u00edm jedn\u00e1n\u00ed, kter\u00e9 m\u00e1 znaky trestn\u00e9ho \u010dinu nebo p\u0159estupku nebo poru\u0161uje pr\u00e1vn\u00ed p\u0159edpis Evropsk\u00e9 unie, o\u00a0jeho\u017e sp\u00e1ch\u00e1n\u00ed se oznamovatel dozv\u011bd\u011bl v\u00a0souvislosti s\u00a0prac\u00ed nebo jinou [&hellip;]\" \/>\n<meta property=\"og:url\" content=\"https:\/\/insid.gov.cz\/de\/o-uradu\/stiznosti\/\" \/>\n<meta property=\"og:site_name\" content=\"Inspekce silni\u010dn\u00ed dopravy\" \/>\n<meta property=\"article:publisher\" content=\"https:\/\/www.facebook.com\/people\/INSID-Inspekce-silnin-dopravy\/61577005171287\/\" \/>\n<meta property=\"article:modified_time\" content=\"2026-03-27T07:55:39+00:00\" \/>\n<meta name=\"twitter:card\" content=\"summary_large_image\" \/>\n<script type=\"application\/ld+json\" class=\"yoast-schema-graph\">{\"@context\":\"https:\\\/\\\/schema.org\",\"@graph\":[{\"@type\":\"WebPage\",\"@id\":\"https:\\\/\\\/insid.gov.cz\\\/de\\\/o-uradu\\\/stiznosti\\\/\",\"url\":\"https:\\\/\\\/insid.gov.cz\\\/de\\\/o-uradu\\\/stiznosti\\\/\",\"name\":\"St\u00ed\u017enosti - Inspekce silni\u010dn\u00ed dopravy\",\"isPartOf\":{\"@id\":\"https:\\\/\\\/insid.gov.cz\\\/#website\"},\"datePublished\":\"2025-02-19T12:02:08+00:00\",\"dateModified\":\"2026-03-27T07:55:39+00:00\",\"breadcrumb\":{\"@id\":\"https:\\\/\\\/insid.gov.cz\\\/de\\\/o-uradu\\\/stiznosti\\\/#breadcrumb\"},\"inLanguage\":\"de\",\"potentialAction\":[{\"@type\":\"ReadAction\",\"target\":[\"https:\\\/\\\/insid.gov.cz\\\/de\\\/o-uradu\\\/stiznosti\\\/\"]}]},{\"@type\":\"BreadcrumbList\",\"@id\":\"https:\\\/\\\/insid.gov.cz\\\/de\\\/o-uradu\\\/stiznosti\\\/#breadcrumb\",\"itemListElement\":[{\"@type\":\"ListItem\",\"position\":1,\"name\":\"Dom\u016f\",\"item\":\"https:\\\/\\\/insid.gov.cz\\\/de\\\/\"},{\"@type\":\"ListItem\",\"position\":2,\"name\":\"\u00dcber uns\",\"item\":\"https:\\\/\\\/insid.gov.cz\\\/de\\\/o-uradu\\\/\"},{\"@type\":\"ListItem\",\"position\":3,\"name\":\"St\u00ed\u017enosti\"}]},{\"@type\":\"WebSite\",\"@id\":\"https:\\\/\\\/insid.gov.cz\\\/#website\",\"url\":\"https:\\\/\\\/insid.gov.cz\\\/\",\"name\":\"INSID\",\"description\":\"\",\"publisher\":{\"@id\":\"https:\\\/\\\/insid.gov.cz\\\/#organization\"},\"potentialAction\":[{\"@type\":\"SearchAction\",\"target\":{\"@type\":\"EntryPoint\",\"urlTemplate\":\"https:\\\/\\\/insid.gov.cz\\\/?s={search_term_string}\"},\"query-input\":{\"@type\":\"PropertyValueSpecification\",\"valueRequired\":true,\"valueName\":\"search_term_string\"}}],\"inLanguage\":\"de\"},{\"@type\":\"Organization\",\"@id\":\"https:\\\/\\\/insid.gov.cz\\\/#organization\",\"name\":\"Inspekce silni\u010dn\u00ed dopravy\",\"url\":\"https:\\\/\\\/insid.gov.cz\\\/\",\"logo\":{\"@type\":\"ImageObject\",\"inLanguage\":\"de\",\"@id\":\"https:\\\/\\\/insid.gov.cz\\\/#\\\/schema\\\/logo\\\/image\\\/\",\"url\":\"https:\\\/\\\/insid.gov.cz\\\/wp-content\\\/uploads\\\/2025\\\/05\\\/INSID-LOGO-barevna-verze-scaled.png\",\"contentUrl\":\"https:\\\/\\\/insid.gov.cz\\\/wp-content\\\/uploads\\\/2025\\\/05\\\/INSID-LOGO-barevna-verze-scaled.png\",\"width\":2560,\"height\":1027,\"caption\":\"Inspekce silni\u010dn\u00ed dopravy\"},\"image\":{\"@id\":\"https:\\\/\\\/insid.gov.cz\\\/#\\\/schema\\\/logo\\\/image\\\/\"},\"sameAs\":[\"https:\\\/\\\/www.facebook.com\\\/people\\\/INSID-Inspekce-silnin-dopravy\\\/61577005171287\\\/\"]}]}<\/script>\n<!-- \/ Yoast SEO plugin. -->","yoast_head_json":{"title":"St\u00ed\u017enosti - Inspekce silni\u010dn\u00ed dopravy","robots":{"index":"index","follow":"follow","max-snippet":"max-snippet:-1","max-image-preview":"max-image-preview:large","max-video-preview":"max-video-preview:-1"},"canonical":"https:\/\/insid.gov.cz\/de\/o-uradu\/stiznosti\/","og_locale":"de_DE","og_type":"article","og_title":"St\u00ed\u017enosti - Inspekce silni\u010dn\u00ed dopravy","og_description":"Oznamov\u00e1n\u00ed mo\u017en\u00e9ho protipr\u00e1vn\u00edho jedn\u00e1n\u00ed K\u00a0napln\u011bn\u00ed povinnost\u00ed Inspekce silni\u010dn\u00ed dopravy (d\u00e1le jen INSID) vypl\u00fdvaj\u00edc\u00edch ze z\u00e1kona \u010d.\u00a0171\/2023, o\u00a0ochran\u011b oznamovatel\u016f je z\u0159\u00edzen vnit\u0159n\u00ed oznamovac\u00ed syst\u00e9m pro pod\u00e1v\u00e1n\u00ed\u00a0a\u00a0posuzov\u00e1n\u00ed ozn\u00e1men\u00ed fyzick\u00fdch osob obsahuj\u00edc\u00ed informace o\u00a0mo\u017en\u00e9m protipr\u00e1vn\u00edm jedn\u00e1n\u00ed, kter\u00e9 m\u00e1 znaky trestn\u00e9ho \u010dinu nebo p\u0159estupku nebo poru\u0161uje pr\u00e1vn\u00ed p\u0159edpis Evropsk\u00e9 unie, o\u00a0jeho\u017e sp\u00e1ch\u00e1n\u00ed se oznamovatel dozv\u011bd\u011bl v\u00a0souvislosti s\u00a0prac\u00ed nebo jinou [&hellip;]","og_url":"https:\/\/insid.gov.cz\/de\/o-uradu\/stiznosti\/","og_site_name":"Inspekce silni\u010dn\u00ed dopravy","article_publisher":"https:\/\/www.facebook.com\/people\/INSID-Inspekce-silnin-dopravy\/61577005171287\/","article_modified_time":"2026-03-27T07:55:39+00:00","twitter_card":"summary_large_image","schema":{"@context":"https:\/\/schema.org","@graph":[{"@type":"WebPage","@id":"https:\/\/insid.gov.cz\/de\/o-uradu\/stiznosti\/","url":"https:\/\/insid.gov.cz\/de\/o-uradu\/stiznosti\/","name":"St\u00ed\u017enosti - Inspekce silni\u010dn\u00ed dopravy","isPartOf":{"@id":"https:\/\/insid.gov.cz\/#website"},"datePublished":"2025-02-19T12:02:08+00:00","dateModified":"2026-03-27T07:55:39+00:00","breadcrumb":{"@id":"https:\/\/insid.gov.cz\/de\/o-uradu\/stiznosti\/#breadcrumb"},"inLanguage":"de","potentialAction":[{"@type":"ReadAction","target":["https:\/\/insid.gov.cz\/de\/o-uradu\/stiznosti\/"]}]},{"@type":"BreadcrumbList","@id":"https:\/\/insid.gov.cz\/de\/o-uradu\/stiznosti\/#breadcrumb","itemListElement":[{"@type":"ListItem","position":1,"name":"Dom\u016f","item":"https:\/\/insid.gov.cz\/de\/"},{"@type":"ListItem","position":2,"name":"\u00dcber uns","item":"https:\/\/insid.gov.cz\/de\/o-uradu\/"},{"@type":"ListItem","position":3,"name":"St\u00ed\u017enosti"}]},{"@type":"WebSite","@id":"https:\/\/insid.gov.cz\/#website","url":"https:\/\/insid.gov.cz\/","name":"INSID","description":"","publisher":{"@id":"https:\/\/insid.gov.cz\/#organization"},"potentialAction":[{"@type":"SearchAction","target":{"@type":"EntryPoint","urlTemplate":"https:\/\/insid.gov.cz\/?s={search_term_string}"},"query-input":{"@type":"PropertyValueSpecification","valueRequired":true,"valueName":"search_term_string"}}],"inLanguage":"de"},{"@type":"Organization","@id":"https:\/\/insid.gov.cz\/#organization","name":"Inspekce silni\u010dn\u00ed dopravy","url":"https:\/\/insid.gov.cz\/","logo":{"@type":"ImageObject","inLanguage":"de","@id":"https:\/\/insid.gov.cz\/#\/schema\/logo\/image\/","url":"https:\/\/insid.gov.cz\/wp-content\/uploads\/2025\/05\/INSID-LOGO-barevna-verze-scaled.png","contentUrl":"https:\/\/insid.gov.cz\/wp-content\/uploads\/2025\/05\/INSID-LOGO-barevna-verze-scaled.png","width":2560,"height":1027,"caption":"Inspekce silni\u010dn\u00ed dopravy"},"image":{"@id":"https:\/\/insid.gov.cz\/#\/schema\/logo\/image\/"},"sameAs":["https:\/\/www.facebook.com\/people\/INSID-Inspekce-silnin-dopravy\/61577005171287\/"]}]}},"jetpack_sharing_enabled":true,"_links":{"self":[{"href":"https:\/\/insid.gov.cz\/de\/wp-json\/wp\/v2\/pages\/1777","targetHints":{"allow":["GET"]}}],"collection":[{"href":"https:\/\/insid.gov.cz\/de\/wp-json\/wp\/v2\/pages"}],"about":[{"href":"https:\/\/insid.gov.cz\/de\/wp-json\/wp\/v2\/types\/page"}],"author":[{"embeddable":true,"href":"https:\/\/insid.gov.cz\/de\/wp-json\/wp\/v2\/users\/1"}],"replies":[{"embeddable":true,"href":"https:\/\/insid.gov.cz\/de\/wp-json\/wp\/v2\/comments?post=1777"}],"version-history":[{"count":3,"href":"https:\/\/insid.gov.cz\/de\/wp-json\/wp\/v2\/pages\/1777\/revisions"}],"predecessor-version":[{"id":4286,"href":"https:\/\/insid.gov.cz\/de\/wp-json\/wp\/v2\/pages\/1777\/revisions\/4286"}],"up":[{"embeddable":true,"href":"https:\/\/insid.gov.cz\/de\/wp-json\/wp\/v2\/pages\/1792"}],"wp:attachment":[{"href":"https:\/\/insid.gov.cz\/de\/wp-json\/wp\/v2\/media?parent=1777"}],"curies":[{"name":"wp","href":"https:\/\/api.w.org\/{rel}","templated":true}]}}