{"id":1774,"date":"2025-05-27T08:11:00","date_gmt":"2025-05-27T06:11:00","guid":{"rendered":"https:\/\/insid.gov.cz\/kontrolni-cinnost\/"},"modified":"2026-03-25T16:39:02","modified_gmt":"2026-03-25T15:39:02","slug":"kontrolni-cinnost","status":"publish","type":"page","link":"https:\/\/insid.gov.cz\/de\/kontrolni-cinnost\/","title":{"rendered":"Kontroln\u00ed \u010dinnost"},"content":{"rendered":"\n<p><\/p>\n\n\n\n<div class=\"wp-block-group is-content-justification-left is-layout-constrained wp-container-core-group-is-layout-12dd3699 wp-block-group-is-layout-constrained\">\n<h3 class=\"wp-block-heading\">10 ot\u00e1zek a 10 odpov\u011bd\u00ed<\/h3>\n\n\n\n<p><\/p>\n\n\n\n<ol class=\"wp-block-list\">\n<li><strong>Jde o nov\u00fd \u00fa\u0159ad?<\/strong><br>Nejde. Jde o p\u0159em\u011bnu st\u00e1vaj\u00edc\u00edho Centra slu\u017eeb pro silni\u010dn\u00ed dopravu v Inspekci, kter\u00e1 m\u016f\u017ee sama zastavovat zejm\u00e9na kamiony a\u00a0kontrolovat je, zda nejsou p\u0159et\u00ed\u017een\u00e9 a zda pln\u00ed v\u0161echny z\u00e1konn\u00e9 po\u017eadavky.<\/li>\n\n\n\n<li><strong>Pro\u010d Inspekci pot\u0159ebujeme?<\/strong><br>Hlavn\u00edm d\u016fvodem jsou efektivn\u011bj\u0161\u00ed kontroly a samostatnost Inspekce tak, aby fungovala i\u00a0bez \u00fa\u010dasti policist\u016f \u010di celn\u00edk\u016f. Nov\u011b bude jedno vozidlo kontrolovat jeden inspektor, maxim\u00e1ln\u011b dva v\u00a0p\u0159\u00edpad\u011b v\u00e1\u017een\u00ed.<\/li>\n\n\n\n<li><strong>Kde v\u0161ude bude Inspekce p\u016fsobit a bude i na silnic\u00edch II. a III. t\u0159\u00eddy?<\/strong><br>Prim\u00e1rn\u011b se budou mobiln\u00ed expertn\u00ed jednotky zam\u011b\u0159ovat na d\u00e1lnice a\u00a0silnice I.\u00a0t\u0159\u00eddy, kde jezd\u00ed kamion\u016f nejv\u00edce. N\u011bkter\u00e9 jednotky budou ale kontrolovat i\u00a0komunikace ni\u017e\u0161\u00edch t\u0159\u00edd, a\u00a0proto je m\u016f\u017eete potkat i\u00a0tam.<\/li>\n\n\n\n<li><strong>Znamen\u00e1 to, \u017ee u\u017e kamiony policie nebo celn\u00ed spr\u00e1va nezastav\u00ed?<\/strong><br>Policist\u00e9 mohou nad\u00e1le kontrolovat nap\u0159\u00edklad hmotnost kamion\u016f nebo jejich technick\u00fd stav.<br>Celn\u00ed spr\u00e1va od 1. 7. 2025 o\u00a0tyto pravomoci p\u0159ijde.<\/li>\n\n\n\n<li><strong>M\u016f\u017ee Inspekce zastavovat i osobn\u00ed vozy?<\/strong><br>Ano, pokud bude p\u0159eprava spadat do p\u016fsobnosti z\u00e1kona o\u00a0silni\u010dn\u00ed doprav\u011b (nap\u0159. p\u0159eprava nebezpe\u010dn\u00fdch v\u011bc\u00ed) nebo pokud jejich technick\u00fd stav u\u017e na prvn\u00ed pohled neodpov\u00edd\u00e1 standardn\u00edm po\u017eadavk\u016fm.<\/li>\n\n\n\n<li><strong>Jak funguj\u00ed podobn\u00e9 instituce<\/strong> <strong>v zahrani\u010d\u00ed?<\/strong><br>V\u00a0okoln\u00edch zem\u00edch p\u016fsob\u00ed obdobn\u00e9 instituce, jakou bude Inspekce silni\u010dn\u00ed dopravy. V\u00a0ka\u017ed\u00e9 zemi je ale jej\u00ed fungov\u00e1n\u00ed uzp\u016fsobeno m\u00edstn\u00edm podm\u00ednk\u00e1m.<\/li>\n\n\n\n<li><strong>Bude znamenat vznik silni\u010dn\u00ed Inspekce<\/strong> <strong>vy\u0161\u0161\u00ed n\u00e1klady pro provoz kontrol?<\/strong><br>Provozn\u00ed n\u00e1klady by m\u011bly b\u00fdt na obdobn\u00e9 \u00farovni jako provoz CSPSD. Nedojde k\u00a0nav\u00fd\u0161en\u00ed po\u010dtu zam\u011bstnanc\u016f.<\/li>\n\n\n\n<li><strong>Kolik bude m\u00edt silni\u010dn\u00ed Inspekce zam\u011bstnanc\u016f?<\/strong><br>Inspekce silni\u010dn\u00ed dopravy bude m\u00edt zhruba 80 zam\u011bstnanc\u016f, z nich\u017e bude 58 lid\u00ed v ter\u00e9nu.<\/li>\n\n\n\n<li><strong>Bude moci Inspekce kontrolovat i t\u0159eba \u0161patn\u011b zaji\u0161t\u011bn\u00fd n\u00e1klad?<\/strong><br>Ano, kontrola upevn\u011bn\u00ed n\u00e1kladu pat\u0159\u00ed mezi z\u00e1kladn\u00ed \u010dinnosti, kter\u00e9 u\u017e nyn\u00ed Centrum d\u011bl\u00e1 a\u00a0bude v tom pokra\u010dovat i\u00a0Inspekce. Jde o d\u016fle\u017eitou sou\u010d\u00e1st zaji\u0161t\u011bn\u00ed bezpe\u010dnosti na \u010desk\u00fdch silnic\u00edch a d\u00e1lnic\u00edch.<\/li>\n\n\n\n<li><strong>M\u016f\u017ee Inspekce vyu\u017e\u00edvat modr\u00e9 maj\u00e1ky?<\/strong><br>Ano, s\u00a0ohledem na prov\u00e1d\u011bn\u00e9 kontroly je nezbytn\u00e9, aby kontrolo\u0159i \u0159\u00eddili vozidla s\u00a0pr\u00e1vem p\u0159ednostn\u00ed j\u00edzdy a\u00a0mohli nap\u0159\u00edklad odkl\u00e1n\u011bt vozidla v provozu kv\u016fli proveden\u00ed kontroly<\/li>\n<\/ol>\n<\/div>\n\n\n\n<figure class=\"wp-block-image alignleft size-large\"><img decoding=\"async\" width=\"1024\" height=\"538\" data-src=\"https:\/\/insid.gov.cz\/wp-content\/uploads\/2025\/12\/3-6-1024x538.webp\" alt=\"\" class=\"wp-image-3443 lazyload\" data-srcset=\"https:\/\/insid.gov.cz\/wp-content\/uploads\/2025\/12\/3-6-1024x538.webp 1024w, https:\/\/insid.gov.cz\/wp-content\/uploads\/2025\/12\/3-6-300x158.webp 300w, https:\/\/insid.gov.cz\/wp-content\/uploads\/2025\/12\/3-6-768x403.webp 768w, https:\/\/insid.gov.cz\/wp-content\/uploads\/2025\/12\/3-6.webp 1200w\" data-sizes=\"(max-width: 1024px) 100vw, 1024px\" src=\"data:image\/svg+xml;base64,PHN2ZyB3aWR0aD0iMSIgaGVpZ2h0PSIxIiB4bWxucz0iaHR0cDovL3d3dy53My5vcmcvMjAwMC9zdmciPjwvc3ZnPg==\" style=\"--smush-placeholder-width: 1024px; --smush-placeholder-aspect-ratio: 1024\/538;\" \/><\/figure>\n\n\n\n<p><\/p>\n\n\n\n<p><\/p>\n\n\n\n<p><\/p>\n\n\n\n<p><\/p>\n\n\n\n<p><\/p>\n\n\n\n<p><\/p>\n\n\n\n<h3 class=\"wp-block-heading\">Inspekce silni\u010dn\u00ed dopravy v \u010d\u00edslech<\/h3>\n\n\n\n<ul class=\"wp-block-list\">\n<li>Inspekce silni\u010dn\u00ed dopravy m\u00e1 80&nbsp;zam\u011bstnanc\u016f, z \u010deho\u017e 58&nbsp;zam\u011bstnanc\u016f p\u016fsob\u00ed v ter\u00e9nu.<\/li>\n\n\n\n<li>Inspekce silni\u010dn\u00ed dopravy disponuje 22&nbsp;mobiln\u00edmi expertn\u00edmi jednotkami.<\/li>\n\n\n\n<li>Dal\u0161\u00ed 4 speci\u00e1ln\u00ed jednotky jsou zam\u011b\u0159en\u00e9 na mobiln\u00ed m\u011b\u0159en\u00ed emis\u00ed a technickou silni\u010dn\u00ed kontrolu.<\/li>\n\n\n\n<li>Za 1 den je ka\u017ed\u00e1 mobiln\u00ed jednotka schopna prov\u00e9st kontrolu 6 a\u017e 10 vozidel, a&nbsp;to dle slo\u017eitosti kontroly a&nbsp;n\u00e1ro\u010dnosti kontroln\u00edho zji\u0161t\u011bn\u00ed.<\/li>\n<\/ul>\n\n\n\n<div class=\"wp-block-group is-content-justification-left is-layout-constrained wp-container-core-group-is-layout-12dd3699 wp-block-group-is-layout-constrained\">\n<h3 class=\"wp-block-heading\">C\u00edle Inspekce silni\u010dn\u00ed dopravy <\/h3>\n\n\n\n<p>Jedn\u00edm z hlavn\u00edch c\u00edl\u016f Inspekce silni\u010dn\u00ed dopravy je zajistit v\u011bt\u0161\u00ed bezpe\u010dnost na silnic\u00edch a\u00a0d\u00e1lnic\u00edch. Abychom co nejd\u00e9le udr\u017eeli ve\u0159ejn\u00e9 komunikace v dobr\u00e9m stavu a\u00a0vyhnuli se tak kolon\u00e1m v d\u016fsledku oprav pozemn\u00edch komunikac\u00edch a\u00a0pl\u00fdtv\u00e1n\u00ed ve\u0159ejn\u00fdmi financemi, d\u016fle\u017eit\u00fdm c\u00edlem Inspekce silni\u010dn\u00ed dopravy je zabr\u00e1nit po\u0161kozov\u00e1n\u00ed ve\u0159ejn\u00fdch komunikac\u00ed p\u0159et\u00ed\u017een\u00fdmi kamiony.<\/p>\n\n\n\n<p>Kladn\u00fdm prvkem transformace Inspekce silni\u010dn\u00ed dopravy je zefektivn\u011bn\u00ed kontroly \u0159idi\u010d\u016f t\u00edm, \u017ee samostatnost umo\u017en\u00ed policii a\u00a0celn\u00ed spr\u00e1v\u011b vyu\u017e\u00edt sv\u00e9 p\u0159\u00edslu\u0161n\u00edky na jin\u00e9 \u010dinnosti. P\u016fsoben\u00ed Inspekce silni\u010dn\u00ed dopravy si tak\u00e9 klade za c\u00edl zabr\u00e1nit nef\u00e9rovosti podnik\u00e1n\u00ed v kamionov\u00e9 doprav\u011b. Celkov\u00fdm d\u016fsledkem p\u016fsoben\u00ed Inspekce silni\u010dn\u00ed dopravy by m\u011blo b\u00fdt preventivn\u00ed p\u016fsoben\u00ed na \u0159idi\u010de a dopravce.<\/p>\n<\/div>\n","protected":false},"excerpt":{"rendered":"<p>10 ot\u00e1zek a 10 odpov\u011bd\u00ed Inspekce silni\u010dn\u00ed dopravy v \u010d\u00edslech C\u00edle Inspekce silni\u010dn\u00ed dopravy Jedn\u00edm z hlavn\u00edch c\u00edl\u016f Inspekce silni\u010dn\u00ed dopravy je zajistit v\u011bt\u0161\u00ed bezpe\u010dnost na silnic\u00edch a\u00a0d\u00e1lnic\u00edch. Abychom co nejd\u00e9le udr\u017eeli ve\u0159ejn\u00e9 komunikace v dobr\u00e9m stavu a\u00a0vyhnuli se tak kolon\u00e1m v d\u016fsledku oprav pozemn\u00edch komunikac\u00edch a\u00a0pl\u00fdtv\u00e1n\u00ed ve\u0159ejn\u00fdmi financemi, d\u016fle\u017eit\u00fdm c\u00edlem Inspekce silni\u010dn\u00ed dopravy je [&hellip;]<\/p>\n","protected":false},"author":3,"featured_media":0,"parent":0,"menu_order":0,"comment_status":"closed","ping_status":"closed","template":"","meta":{"inline_featured_image":false,"footnotes":""},"class_list":["post-1774","page","type-page","status-publish","hentry"],"yoast_head":"<!-- This site is optimized with the Yoast SEO plugin v27.5 - https:\/\/yoast.com\/product\/yoast-seo-wordpress\/ -->\n<title>Kontroln\u00ed \u010dinnost - Inspekce silni\u010dn\u00ed dopravy<\/title>\n<meta name=\"robots\" content=\"index, follow, max-snippet:-1, max-image-preview:large, max-video-preview:-1\" \/>\n<link rel=\"canonical\" href=\"https:\/\/insid.gov.cz\/de\/kontrolni-cinnost\/\" \/>\n<meta property=\"og:locale\" content=\"de_DE\" \/>\n<meta property=\"og:type\" content=\"article\" \/>\n<meta property=\"og:title\" content=\"Kontroln\u00ed \u010dinnost - Inspekce silni\u010dn\u00ed dopravy\" \/>\n<meta property=\"og:description\" content=\"10 ot\u00e1zek a 10 odpov\u011bd\u00ed Inspekce silni\u010dn\u00ed dopravy v \u010d\u00edslech C\u00edle Inspekce silni\u010dn\u00ed dopravy Jedn\u00edm z hlavn\u00edch c\u00edl\u016f Inspekce silni\u010dn\u00ed dopravy je zajistit v\u011bt\u0161\u00ed bezpe\u010dnost na silnic\u00edch a\u00a0d\u00e1lnic\u00edch. Abychom co nejd\u00e9le udr\u017eeli ve\u0159ejn\u00e9 komunikace v dobr\u00e9m stavu a\u00a0vyhnuli se tak kolon\u00e1m v d\u016fsledku oprav pozemn\u00edch komunikac\u00edch a\u00a0pl\u00fdtv\u00e1n\u00ed ve\u0159ejn\u00fdmi financemi, d\u016fle\u017eit\u00fdm c\u00edlem Inspekce silni\u010dn\u00ed dopravy je [&hellip;]\" \/>\n<meta property=\"og:url\" content=\"https:\/\/insid.gov.cz\/de\/kontrolni-cinnost\/\" \/>\n<meta property=\"og:site_name\" content=\"Inspekce silni\u010dn\u00ed dopravy\" \/>\n<meta property=\"article:publisher\" content=\"https:\/\/www.facebook.com\/people\/INSID-Inspekce-silnin-dopravy\/61577005171287\/\" \/>\n<meta property=\"article:modified_time\" content=\"2026-03-25T15:39:02+00:00\" \/>\n<meta property=\"og:image\" content=\"https:\/\/insid.gov.cz\/wp-content\/uploads\/2025\/12\/3-6.webp\" \/>\n\t<meta property=\"og:image:width\" content=\"1200\" \/>\n\t<meta property=\"og:image:height\" content=\"630\" \/>\n\t<meta property=\"og:image:type\" content=\"image\/png\" \/>\n<meta name=\"twitter:card\" content=\"summary_large_image\" \/>\n<script type=\"application\/ld+json\" class=\"yoast-schema-graph\">{\"@context\":\"https:\\\/\\\/schema.org\",\"@graph\":[{\"@type\":\"WebPage\",\"@id\":\"https:\\\/\\\/insid.gov.cz\\\/de\\\/kontrolni-cinnost\\\/\",\"url\":\"https:\\\/\\\/insid.gov.cz\\\/de\\\/kontrolni-cinnost\\\/\",\"name\":\"Kontroln\u00ed \u010dinnost - Inspekce silni\u010dn\u00ed dopravy\",\"isPartOf\":{\"@id\":\"https:\\\/\\\/insid.gov.cz\\\/#website\"},\"primaryImageOfPage\":{\"@id\":\"https:\\\/\\\/insid.gov.cz\\\/de\\\/kontrolni-cinnost\\\/#primaryimage\"},\"image\":{\"@id\":\"https:\\\/\\\/insid.gov.cz\\\/de\\\/kontrolni-cinnost\\\/#primaryimage\"},\"thumbnailUrl\":\"https:\\\/\\\/insid.gov.cz\\\/wp-content\\\/uploads\\\/2025\\\/12\\\/3-6-1024x538.webp\",\"datePublished\":\"2025-05-27T06:11:00+00:00\",\"dateModified\":\"2026-03-25T15:39:02+00:00\",\"breadcrumb\":{\"@id\":\"https:\\\/\\\/insid.gov.cz\\\/de\\\/kontrolni-cinnost\\\/#breadcrumb\"},\"inLanguage\":\"de\",\"potentialAction\":[{\"@type\":\"ReadAction\",\"target\":[\"https:\\\/\\\/insid.gov.cz\\\/de\\\/kontrolni-cinnost\\\/\"]}]},{\"@type\":\"ImageObject\",\"inLanguage\":\"de\",\"@id\":\"https:\\\/\\\/insid.gov.cz\\\/de\\\/kontrolni-cinnost\\\/#primaryimage\",\"url\":\"https:\\\/\\\/insid.gov.cz\\\/wp-content\\\/uploads\\\/2025\\\/12\\\/3-6-1024x538.webp\",\"contentUrl\":\"https:\\\/\\\/insid.gov.cz\\\/wp-content\\\/uploads\\\/2025\\\/12\\\/3-6-1024x538.webp\"},{\"@type\":\"BreadcrumbList\",\"@id\":\"https:\\\/\\\/insid.gov.cz\\\/de\\\/kontrolni-cinnost\\\/#breadcrumb\",\"itemListElement\":[{\"@type\":\"ListItem\",\"position\":1,\"name\":\"Dom\u016f\",\"item\":\"https:\\\/\\\/insid.gov.cz\\\/de\\\/\"},{\"@type\":\"ListItem\",\"position\":2,\"name\":\"Kontroln\u00ed \u010dinnost\"}]},{\"@type\":\"WebSite\",\"@id\":\"https:\\\/\\\/insid.gov.cz\\\/#website\",\"url\":\"https:\\\/\\\/insid.gov.cz\\\/\",\"name\":\"INSID\",\"description\":\"\",\"publisher\":{\"@id\":\"https:\\\/\\\/insid.gov.cz\\\/#organization\"},\"potentialAction\":[{\"@type\":\"SearchAction\",\"target\":{\"@type\":\"EntryPoint\",\"urlTemplate\":\"https:\\\/\\\/insid.gov.cz\\\/?s={search_term_string}\"},\"query-input\":{\"@type\":\"PropertyValueSpecification\",\"valueRequired\":true,\"valueName\":\"search_term_string\"}}],\"inLanguage\":\"de\"},{\"@type\":\"Organization\",\"@id\":\"https:\\\/\\\/insid.gov.cz\\\/#organization\",\"name\":\"Inspekce silni\u010dn\u00ed dopravy\",\"url\":\"https:\\\/\\\/insid.gov.cz\\\/\",\"logo\":{\"@type\":\"ImageObject\",\"inLanguage\":\"de\",\"@id\":\"https:\\\/\\\/insid.gov.cz\\\/#\\\/schema\\\/logo\\\/image\\\/\",\"url\":\"https:\\\/\\\/insid.gov.cz\\\/wp-content\\\/uploads\\\/2025\\\/05\\\/INSID-LOGO-barevna-verze-scaled.png\",\"contentUrl\":\"https:\\\/\\\/insid.gov.cz\\\/wp-content\\\/uploads\\\/2025\\\/05\\\/INSID-LOGO-barevna-verze-scaled.png\",\"width\":2560,\"height\":1027,\"caption\":\"Inspekce silni\u010dn\u00ed dopravy\"},\"image\":{\"@id\":\"https:\\\/\\\/insid.gov.cz\\\/#\\\/schema\\\/logo\\\/image\\\/\"},\"sameAs\":[\"https:\\\/\\\/www.facebook.com\\\/people\\\/INSID-Inspekce-silnin-dopravy\\\/61577005171287\\\/\"]}]}<\/script>\n<!-- \/ Yoast SEO plugin. -->","yoast_head_json":{"title":"Kontroln\u00ed \u010dinnost - Inspekce silni\u010dn\u00ed dopravy","robots":{"index":"index","follow":"follow","max-snippet":"max-snippet:-1","max-image-preview":"max-image-preview:large","max-video-preview":"max-video-preview:-1"},"canonical":"https:\/\/insid.gov.cz\/de\/kontrolni-cinnost\/","og_locale":"de_DE","og_type":"article","og_title":"Kontroln\u00ed \u010dinnost - Inspekce silni\u010dn\u00ed dopravy","og_description":"10 ot\u00e1zek a 10 odpov\u011bd\u00ed Inspekce silni\u010dn\u00ed dopravy v \u010d\u00edslech C\u00edle Inspekce silni\u010dn\u00ed dopravy Jedn\u00edm z hlavn\u00edch c\u00edl\u016f Inspekce silni\u010dn\u00ed dopravy je zajistit v\u011bt\u0161\u00ed bezpe\u010dnost na silnic\u00edch a\u00a0d\u00e1lnic\u00edch. Abychom co nejd\u00e9le udr\u017eeli ve\u0159ejn\u00e9 komunikace v dobr\u00e9m stavu a\u00a0vyhnuli se tak kolon\u00e1m v d\u016fsledku oprav pozemn\u00edch komunikac\u00edch a\u00a0pl\u00fdtv\u00e1n\u00ed ve\u0159ejn\u00fdmi financemi, d\u016fle\u017eit\u00fdm c\u00edlem Inspekce silni\u010dn\u00ed dopravy je [&hellip;]","og_url":"https:\/\/insid.gov.cz\/de\/kontrolni-cinnost\/","og_site_name":"Inspekce silni\u010dn\u00ed dopravy","article_publisher":"https:\/\/www.facebook.com\/people\/INSID-Inspekce-silnin-dopravy\/61577005171287\/","article_modified_time":"2026-03-25T15:39:02+00:00","og_image":[{"width":1200,"height":630,"url":"https:\/\/insid.gov.cz\/wp-content\/uploads\/2025\/12\/3-6.webp","type":"image\/png"}],"twitter_card":"summary_large_image","schema":{"@context":"https:\/\/schema.org","@graph":[{"@type":"WebPage","@id":"https:\/\/insid.gov.cz\/de\/kontrolni-cinnost\/","url":"https:\/\/insid.gov.cz\/de\/kontrolni-cinnost\/","name":"Kontroln\u00ed \u010dinnost - Inspekce silni\u010dn\u00ed dopravy","isPartOf":{"@id":"https:\/\/insid.gov.cz\/#website"},"primaryImageOfPage":{"@id":"https:\/\/insid.gov.cz\/de\/kontrolni-cinnost\/#primaryimage"},"image":{"@id":"https:\/\/insid.gov.cz\/de\/kontrolni-cinnost\/#primaryimage"},"thumbnailUrl":"https:\/\/insid.gov.cz\/wp-content\/uploads\/2025\/12\/3-6-1024x538.webp","datePublished":"2025-05-27T06:11:00+00:00","dateModified":"2026-03-25T15:39:02+00:00","breadcrumb":{"@id":"https:\/\/insid.gov.cz\/de\/kontrolni-cinnost\/#breadcrumb"},"inLanguage":"de","potentialAction":[{"@type":"ReadAction","target":["https:\/\/insid.gov.cz\/de\/kontrolni-cinnost\/"]}]},{"@type":"ImageObject","inLanguage":"de","@id":"https:\/\/insid.gov.cz\/de\/kontrolni-cinnost\/#primaryimage","url":"https:\/\/insid.gov.cz\/wp-content\/uploads\/2025\/12\/3-6-1024x538.webp","contentUrl":"https:\/\/insid.gov.cz\/wp-content\/uploads\/2025\/12\/3-6-1024x538.webp"},{"@type":"BreadcrumbList","@id":"https:\/\/insid.gov.cz\/de\/kontrolni-cinnost\/#breadcrumb","itemListElement":[{"@type":"ListItem","position":1,"name":"Dom\u016f","item":"https:\/\/insid.gov.cz\/de\/"},{"@type":"ListItem","position":2,"name":"Kontroln\u00ed \u010dinnost"}]},{"@type":"WebSite","@id":"https:\/\/insid.gov.cz\/#website","url":"https:\/\/insid.gov.cz\/","name":"INSID","description":"","publisher":{"@id":"https:\/\/insid.gov.cz\/#organization"},"potentialAction":[{"@type":"SearchAction","target":{"@type":"EntryPoint","urlTemplate":"https:\/\/insid.gov.cz\/?s={search_term_string}"},"query-input":{"@type":"PropertyValueSpecification","valueRequired":true,"valueName":"search_term_string"}}],"inLanguage":"de"},{"@type":"Organization","@id":"https:\/\/insid.gov.cz\/#organization","name":"Inspekce silni\u010dn\u00ed dopravy","url":"https:\/\/insid.gov.cz\/","logo":{"@type":"ImageObject","inLanguage":"de","@id":"https:\/\/insid.gov.cz\/#\/schema\/logo\/image\/","url":"https:\/\/insid.gov.cz\/wp-content\/uploads\/2025\/05\/INSID-LOGO-barevna-verze-scaled.png","contentUrl":"https:\/\/insid.gov.cz\/wp-content\/uploads\/2025\/05\/INSID-LOGO-barevna-verze-scaled.png","width":2560,"height":1027,"caption":"Inspekce silni\u010dn\u00ed dopravy"},"image":{"@id":"https:\/\/insid.gov.cz\/#\/schema\/logo\/image\/"},"sameAs":["https:\/\/www.facebook.com\/people\/INSID-Inspekce-silnin-dopravy\/61577005171287\/"]}]}},"jetpack_sharing_enabled":true,"_links":{"self":[{"href":"https:\/\/insid.gov.cz\/de\/wp-json\/wp\/v2\/pages\/1774","targetHints":{"allow":["GET"]}}],"collection":[{"href":"https:\/\/insid.gov.cz\/de\/wp-json\/wp\/v2\/pages"}],"about":[{"href":"https:\/\/insid.gov.cz\/de\/wp-json\/wp\/v2\/types\/page"}],"author":[{"embeddable":true,"href":"https:\/\/insid.gov.cz\/de\/wp-json\/wp\/v2\/users\/3"}],"replies":[{"embeddable":true,"href":"https:\/\/insid.gov.cz\/de\/wp-json\/wp\/v2\/comments?post=1774"}],"version-history":[{"count":9,"href":"https:\/\/insid.gov.cz\/de\/wp-json\/wp\/v2\/pages\/1774\/revisions"}],"predecessor-version":[{"id":4229,"href":"https:\/\/insid.gov.cz\/de\/wp-json\/wp\/v2\/pages\/1774\/revisions\/4229"}],"wp:attachment":[{"href":"https:\/\/insid.gov.cz\/de\/wp-json\/wp\/v2\/media?parent=1774"}],"curies":[{"name":"wp","href":"https:\/\/api.w.org\/{rel}","templated":true}]}}