{"id":1772,"date":"2025-05-27T10:37:10","date_gmt":"2025-05-27T08:37:10","guid":{"rendered":"https:\/\/insid.gov.cz\/dopravci-a-ridici\/"},"modified":"2025-05-27T10:37:10","modified_gmt":"2025-05-27T08:37:10","slug":"dopravci-a-ridici","status":"publish","type":"page","link":"https:\/\/insid.gov.cz\/de\/kontrolni-cinnost\/dopravci-a-ridici\/","title":{"rendered":"Dopravci a \u0159idi\u010di"},"content":{"rendered":"\n<main class=\"wp-block-query alignwide is-content-justification-left is-layout-constrained wp-container-core-query-is-layout-7ca9ea7d wp-block-query-is-layout-constrained\"><ul class=\"alignwide wp-block-post-template is-layout-flow wp-block-post-template-is-layout-flow\"><li class=\"wp-block-post post-1764 post type-post status-publish format-standard hentry category-dopravci-a-ridici-de\">\n\n<div class=\"wp-block-group is-layout-flow wp-container-core-group-is-layout-8a368f38 wp-block-group-is-layout-flow\" style=\"min-height:100%\">\n<div class=\"wp-block-group has-base-background-color has-background is-layout-constrained wp-container-core-group-is-layout-bfdefecb wp-block-group-is-layout-constrained\" style=\"border-radius:1rem;padding-top:var(--wp--preset--spacing--50);padding-right:var(--wp--preset--spacing--40);padding-bottom:var(--wp--preset--spacing--40);padding-left:var(--wp--preset--spacing--40)\">\n<div class=\"wp-block-group is-layout-constrained wp-block-group-is-layout-constrained\">\n<div class=\"wp-block-group alignwide post-meta is-layout-flex wp-block-group-is-layout-flex\"><div style=\"font-size:var(u002du002dwpu002du002dcustomu002du002dfont-sizesu002du002dx-small);\" class=\"has-link-color is-style-post-date-icon wp-elements-d81f5b987b118e1d0ebfe6d4b960d4c2 wp-block-post-date has-text-color has-accent-6-color\"><time datetime=\"2025-05-28T08:58:19+02:00\">28. Mai 2025<\/time><\/div><\/div>\n<\/div>\n\n\n<h2 class=\"wp-block-post-title has-body-l-font-size\"><a href=\"https:\/\/insid.gov.cz\/de\/technicke-vybaveni-novych-vozidel\/\" target=\"_self\" >Technick\u00e9 vybaven\u00ed nov\u00fdch vozidel<\/a><\/h2>\n\n<div class=\"wp-block-post-excerpt\"><p class=\"wp-block-post-excerpt__excerpt\">\u00dakolem Inspekce silni\u010dn\u00ed dopravy je kontrolovat dodr\u017eov\u00e1n\u00ed pravidel v\u00a0silni\u010dn\u00ed doprav\u011b. Inspekto\u0159i mohou za \u00fa\u010delem kontroly zastavovat vozidla, ukl\u00e1dat pokuty p\u0159\u00edkazem na m\u00edst\u011b a\u00a0vyb\u00edrat kauce, zabr\u00e1nit&hellip; <\/p><\/div>\n\n\n<div class=\"wp-block-group is-layout-constrained wp-block-group-is-layout-constrained\">\n<div class=\"wp-block-group post-meta is-layout-flex wp-block-group-is-layout-flex\"><div style=\"background-color:#fef0d0;font-size:var(u002du002dwpu002du002dcustomu002du002dfont-sizesu002du002dx-small);border-radius:0.5rem;padding-top:0.25rem;padding-bottom:0.25rem;padding-left:0.5rem;padding-right:0.75rem\" class=\"taxonomy-category has-link-color is-style-post-category-icon wp-elements-c18b43f3401e78fdbf96811b26b80693 wp-block-post-terms has-text-color has-contrast-color has-background\"><a href=\"https:\/\/insid.gov.cz\/de\/category\/dopravci-a-ridici-de\/\" rel=\"tag\">Dopravci a \u0159idi\u010di<\/a><\/div>\n\n<\/div>\n<\/div>\n<\/div>\n<\/div>\n\n<\/li><\/ul>\n\n<\/main>\n\n\n\n<p><\/p>\n","protected":false},"excerpt":{"rendered":"","protected":false},"author":3,"featured_media":0,"parent":1774,"menu_order":0,"comment_status":"closed","ping_status":"closed","template":"","meta":{"inline_featured_image":false,"footnotes":""},"class_list":["post-1772","page","type-page","status-publish","hentry"],"yoast_head":"<!-- This site is optimized with the Yoast SEO plugin v27.5 - https:\/\/yoast.com\/product\/yoast-seo-wordpress\/ -->\n<title>Dopravci a \u0159idi\u010di - Inspekce silni\u010dn\u00ed dopravy<\/title>\n<meta name=\"robots\" content=\"index, follow, max-snippet:-1, max-image-preview:large, max-video-preview:-1\" \/>\n<link rel=\"canonical\" href=\"https:\/\/insid.gov.cz\/de\/kontrolni-cinnost\/dopravci-a-ridici\/\" \/>\n<meta property=\"og:locale\" content=\"de_DE\" \/>\n<meta property=\"og:type\" content=\"article\" \/>\n<meta property=\"og:title\" content=\"Dopravci a \u0159idi\u010di - Inspekce silni\u010dn\u00ed dopravy\" \/>\n<meta property=\"og:url\" content=\"https:\/\/insid.gov.cz\/de\/kontrolni-cinnost\/dopravci-a-ridici\/\" \/>\n<meta property=\"og:site_name\" content=\"Inspekce silni\u010dn\u00ed dopravy\" \/>\n<meta property=\"article:publisher\" content=\"https:\/\/www.facebook.com\/people\/INSID-Inspekce-silnin-dopravy\/61577005171287\/\" \/>\n<meta name=\"twitter:card\" content=\"summary_large_image\" \/>\n<script type=\"application\/ld+json\" class=\"yoast-schema-graph\">{\"@context\":\"https:\\\/\\\/schema.org\",\"@graph\":[{\"@type\":\"WebPage\",\"@id\":\"https:\\\/\\\/insid.gov.cz\\\/de\\\/kontrolni-cinnost\\\/dopravci-a-ridici\\\/\",\"url\":\"https:\\\/\\\/insid.gov.cz\\\/de\\\/kontrolni-cinnost\\\/dopravci-a-ridici\\\/\",\"name\":\"Dopravci a \u0159idi\u010di - Inspekce silni\u010dn\u00ed dopravy\",\"isPartOf\":{\"@id\":\"https:\\\/\\\/insid.gov.cz\\\/#website\"},\"datePublished\":\"2025-05-27T08:37:10+00:00\",\"breadcrumb\":{\"@id\":\"https:\\\/\\\/insid.gov.cz\\\/de\\\/kontrolni-cinnost\\\/dopravci-a-ridici\\\/#breadcrumb\"},\"inLanguage\":\"de\",\"potentialAction\":[{\"@type\":\"ReadAction\",\"target\":[\"https:\\\/\\\/insid.gov.cz\\\/de\\\/kontrolni-cinnost\\\/dopravci-a-ridici\\\/\"]}]},{\"@type\":\"BreadcrumbList\",\"@id\":\"https:\\\/\\\/insid.gov.cz\\\/de\\\/kontrolni-cinnost\\\/dopravci-a-ridici\\\/#breadcrumb\",\"itemListElement\":[{\"@type\":\"ListItem\",\"position\":1,\"name\":\"Dom\u016f\",\"item\":\"https:\\\/\\\/insid.gov.cz\\\/de\\\/\"},{\"@type\":\"ListItem\",\"position\":2,\"name\":\"Kontroln\u00ed \u010dinnost\",\"item\":\"https:\\\/\\\/insid.gov.cz\\\/de\\\/kontrolni-cinnost\\\/\"},{\"@type\":\"ListItem\",\"position\":3,\"name\":\"Dopravci a \u0159idi\u010di\"}]},{\"@type\":\"WebSite\",\"@id\":\"https:\\\/\\\/insid.gov.cz\\\/#website\",\"url\":\"https:\\\/\\\/insid.gov.cz\\\/\",\"name\":\"INSID\",\"description\":\"\",\"publisher\":{\"@id\":\"https:\\\/\\\/insid.gov.cz\\\/#organization\"},\"potentialAction\":[{\"@type\":\"SearchAction\",\"target\":{\"@type\":\"EntryPoint\",\"urlTemplate\":\"https:\\\/\\\/insid.gov.cz\\\/?s={search_term_string}\"},\"query-input\":{\"@type\":\"PropertyValueSpecification\",\"valueRequired\":true,\"valueName\":\"search_term_string\"}}],\"inLanguage\":\"de\"},{\"@type\":\"Organization\",\"@id\":\"https:\\\/\\\/insid.gov.cz\\\/#organization\",\"name\":\"Inspekce silni\u010dn\u00ed dopravy\",\"url\":\"https:\\\/\\\/insid.gov.cz\\\/\",\"logo\":{\"@type\":\"ImageObject\",\"inLanguage\":\"de\",\"@id\":\"https:\\\/\\\/insid.gov.cz\\\/#\\\/schema\\\/logo\\\/image\\\/\",\"url\":\"https:\\\/\\\/insid.gov.cz\\\/wp-content\\\/uploads\\\/2025\\\/05\\\/INSID-LOGO-barevna-verze-scaled.png\",\"contentUrl\":\"https:\\\/\\\/insid.gov.cz\\\/wp-content\\\/uploads\\\/2025\\\/05\\\/INSID-LOGO-barevna-verze-scaled.png\",\"width\":2560,\"height\":1027,\"caption\":\"Inspekce silni\u010dn\u00ed dopravy\"},\"image\":{\"@id\":\"https:\\\/\\\/insid.gov.cz\\\/#\\\/schema\\\/logo\\\/image\\\/\"},\"sameAs\":[\"https:\\\/\\\/www.facebook.com\\\/people\\\/INSID-Inspekce-silnin-dopravy\\\/61577005171287\\\/\"]}]}<\/script>\n<!-- \/ Yoast SEO plugin. -->","yoast_head_json":{"title":"Dopravci a \u0159idi\u010di - Inspekce silni\u010dn\u00ed dopravy","robots":{"index":"index","follow":"follow","max-snippet":"max-snippet:-1","max-image-preview":"max-image-preview:large","max-video-preview":"max-video-preview:-1"},"canonical":"https:\/\/insid.gov.cz\/de\/kontrolni-cinnost\/dopravci-a-ridici\/","og_locale":"de_DE","og_type":"article","og_title":"Dopravci a \u0159idi\u010di - Inspekce silni\u010dn\u00ed dopravy","og_url":"https:\/\/insid.gov.cz\/de\/kontrolni-cinnost\/dopravci-a-ridici\/","og_site_name":"Inspekce silni\u010dn\u00ed dopravy","article_publisher":"https:\/\/www.facebook.com\/people\/INSID-Inspekce-silnin-dopravy\/61577005171287\/","twitter_card":"summary_large_image","schema":{"@context":"https:\/\/schema.org","@graph":[{"@type":"WebPage","@id":"https:\/\/insid.gov.cz\/de\/kontrolni-cinnost\/dopravci-a-ridici\/","url":"https:\/\/insid.gov.cz\/de\/kontrolni-cinnost\/dopravci-a-ridici\/","name":"Dopravci a \u0159idi\u010di - Inspekce silni\u010dn\u00ed dopravy","isPartOf":{"@id":"https:\/\/insid.gov.cz\/#website"},"datePublished":"2025-05-27T08:37:10+00:00","breadcrumb":{"@id":"https:\/\/insid.gov.cz\/de\/kontrolni-cinnost\/dopravci-a-ridici\/#breadcrumb"},"inLanguage":"de","potentialAction":[{"@type":"ReadAction","target":["https:\/\/insid.gov.cz\/de\/kontrolni-cinnost\/dopravci-a-ridici\/"]}]},{"@type":"BreadcrumbList","@id":"https:\/\/insid.gov.cz\/de\/kontrolni-cinnost\/dopravci-a-ridici\/#breadcrumb","itemListElement":[{"@type":"ListItem","position":1,"name":"Dom\u016f","item":"https:\/\/insid.gov.cz\/de\/"},{"@type":"ListItem","position":2,"name":"Kontroln\u00ed \u010dinnost","item":"https:\/\/insid.gov.cz\/de\/kontrolni-cinnost\/"},{"@type":"ListItem","position":3,"name":"Dopravci a \u0159idi\u010di"}]},{"@type":"WebSite","@id":"https:\/\/insid.gov.cz\/#website","url":"https:\/\/insid.gov.cz\/","name":"INSID","description":"","publisher":{"@id":"https:\/\/insid.gov.cz\/#organization"},"potentialAction":[{"@type":"SearchAction","target":{"@type":"EntryPoint","urlTemplate":"https:\/\/insid.gov.cz\/?s={search_term_string}"},"query-input":{"@type":"PropertyValueSpecification","valueRequired":true,"valueName":"search_term_string"}}],"inLanguage":"de"},{"@type":"Organization","@id":"https:\/\/insid.gov.cz\/#organization","name":"Inspekce silni\u010dn\u00ed dopravy","url":"https:\/\/insid.gov.cz\/","logo":{"@type":"ImageObject","inLanguage":"de","@id":"https:\/\/insid.gov.cz\/#\/schema\/logo\/image\/","url":"https:\/\/insid.gov.cz\/wp-content\/uploads\/2025\/05\/INSID-LOGO-barevna-verze-scaled.png","contentUrl":"https:\/\/insid.gov.cz\/wp-content\/uploads\/2025\/05\/INSID-LOGO-barevna-verze-scaled.png","width":2560,"height":1027,"caption":"Inspekce silni\u010dn\u00ed dopravy"},"image":{"@id":"https:\/\/insid.gov.cz\/#\/schema\/logo\/image\/"},"sameAs":["https:\/\/www.facebook.com\/people\/INSID-Inspekce-silnin-dopravy\/61577005171287\/"]}]}},"jetpack_sharing_enabled":true,"_links":{"self":[{"href":"https:\/\/insid.gov.cz\/de\/wp-json\/wp\/v2\/pages\/1772","targetHints":{"allow":["GET"]}}],"collection":[{"href":"https:\/\/insid.gov.cz\/de\/wp-json\/wp\/v2\/pages"}],"about":[{"href":"https:\/\/insid.gov.cz\/de\/wp-json\/wp\/v2\/types\/page"}],"author":[{"embeddable":true,"href":"https:\/\/insid.gov.cz\/de\/wp-json\/wp\/v2\/users\/3"}],"replies":[{"embeddable":true,"href":"https:\/\/insid.gov.cz\/de\/wp-json\/wp\/v2\/comments?post=1772"}],"version-history":[{"count":0,"href":"https:\/\/insid.gov.cz\/de\/wp-json\/wp\/v2\/pages\/1772\/revisions"}],"up":[{"embeddable":true,"href":"https:\/\/insid.gov.cz\/de\/wp-json\/wp\/v2\/pages\/1774"}],"wp:attachment":[{"href":"https:\/\/insid.gov.cz\/de\/wp-json\/wp\/v2\/media?parent=1772"}],"curies":[{"name":"wp","href":"https:\/\/api.w.org\/{rel}","templated":true}]}}